{"id":261271,"date":"2026-01-13T23:09:03","date_gmt":"2026-01-13T20:09:03","guid":{"rendered":"https:\/\/baldumarket.lt\/product\/lozko-90-nepo-plus-dab-sonoma\/"},"modified":"2026-02-11T18:19:35","modified_gmt":"2026-02-11T15:19:35","slug":"lozko-90-nepo-plus-dab-sonoma","status":"publish","type":"product","link":"https:\/\/baldumarket.lt\/lt\/product\/lozko-90-nepo-plus-dab-sonoma\/","title":{"rendered":"Lova 90 NEPO PLUS Sonoma Oak"},"content":{"rendered":"<p>\u2019Nepo Plus\u201c lova \u2013 tobulas sprendimas paauglio kambariui. \u201eNepo Plus\u201c kolekcija si\u016blo modernius ir funkcionalius baldus, kurie puikiai papildo paaugli\u0173 kambarius. \u201eNepo Plus\u201c lova \u2013 puiki vieta paaugliams atsipalaiduoti, nes pasi\u017eymi komfortu ir estetika. Viengul\u0117 lova, kurios matmenys 90 \u00d7 200 cm: \u201eNepo Plus\u201c lova sukurta vienam vartotojui ir si\u016blo erdv\u0173 90 \u00d7 200 cm miegojimo plot\u0105. Tai puikus dydis paaugliams, u\u017etikrinantis patog\u0173 mieg\u0105 ir poils\u012f. \u2013 Tinkamas \u010diu\u017einys ir r\u0117mas: norint u\u017etikrinti sveik\u0105 mieg\u0105 ir tinkam\u0105 k\u016bno atram\u0105, svarbu pasirinkti tinkam\u0105 \u010diu\u017ein\u012f ir r\u0117m\u0105. \u012e \u201eNepo Plus\u201c lovos kain\u0105 ne\u012feina r\u0117mas ir \u010diu\u017einys, tod\u0117l galite juos pritaikyti pagal individualius paauglio poreikius. \u2013 Auk\u0161tas galv\u016bgalis: \u201eNepo Plus\u201c lovoje yra auk\u0161tas galv\u016bgalis, kuris atlieka ne tik dekoratyvin\u0119, bet ir praktin\u0119 funkcij\u0105. Jis apsaugo sien\u0105 nuo pagalvi\u0173 d\u0117mi\u0173 ir suteikia patogi\u0105 nugaros atram\u0105, o tai ypa\u010d naudinga, kai paauglys s\u0117di lovoje, skaito ar naudojasi ne\u0161iojamuoju kompiuteriu. \u2013 Esteti\u0161kas dizainas: \u201eNepo Plus\u201c kolekcijai b\u016bdingas modernus ir lengvas dizainas, kuris dera prie \u012fvairi\u0173 interjero dizaino stili\u0173. Lov\u0105 galite pritaikyti pagal savo vaiko pageidavimus, sukurdami funkcionali\u0105 ir patraukli\u0105 erdv\u0119. Santrauka: \u201eNepo Plus\u201c lova yra puikus sprendimas paauglio kambariui. Jos vienvietis dizainas, tinkamas dydis, auk\u0161tas galv\u016bgalis ir reguliuojamas \u010diu\u017einys bei r\u0117mas u\u017etikrina patog\u0173 mieg\u0105 ir poils\u012f. Be to, esteti\u0161kas lovos dizainas leid\u017eia sukurti patraukl\u0173 interjero dizain\u0105. Ta\u010diau verta prisiminti, kad \u012f \u201eNepo Plus\u201c lovos kain\u0105 ne\u012feina r\u0117mas ir \u010diu\u017einys, \u012f k\u0105 reik\u0117t\u0173 atsi\u017evelgti perkant. Tai leid\u017eia pritaikyti lov\u0105 pagal individualius paauglio pageidavimus ir poreikius.<\/p>\n<p>Prek\u0117s kodas S435-LOZ\/90-DSO Simbolis ZM EAN Ilgis 203 cm Plotis 95 cm Auk\u0161tis 44,5\u201366,5 cm Kolekcija \u201eNepo Plus\u201c Spalva sonoma \u0105\u017euolas Gaubtas \u0161viesi mediena Stilius modernus Miegamoji funkcija su miegojimo funkcija Miegamoji dalis 90 \u00d7 200 Papildoma talpa Gamintojas Juoda Raudona Balta Bald\u0173 tipas Lovos PVM 23% EAN 5906123948869<\/p>","protected":false},"excerpt":{"rendered":"<p>\u2019Nepo Plus\u201c lova \u2013 tobulas sprendimas paauglio kambariui. \u201eNepo Plus\u201c kolekcija si\u016blo modernius ir funkcionalius baldus, kurie puikiai papildo paaugli\u0173 kambarius. \u201eNepo Plus\u201c lova yra puiki vieta paaugliams atsipalaiduoti, si\u016blanti ir komfort\u0105, ir estetik\u0105. Viengul\u0117 lova, kurios matmenys 90 \u00d7 200 cm: \u201eNepo Plus\u201c lova sukurta su [\u2026]<\/p>","protected":false},"featured_media":261272,"comment_status":"open","ping_status":"open","template":"","meta":[],"product_brand":[],"product_cat":[9200,505],"product_tag":[],"class_list":{"0":"post-261271","1":"product","2":"type-product","3":"status-publish","4":"has-post-thumbnail","6":"product_cat-black-red-white","7":"product_cat-bedroom-beds","9":"first","10":"instock","11":"purchasable","12":"product-type-simple"},"_links":{"self":[{"href":"https:\/\/baldumarket.lt\/lt\/wp-json\/wp\/v2\/product\/261271","targetHints":{"allow":["GET"]}}],"collection":[{"href":"https:\/\/baldumarket.lt\/lt\/wp-json\/wp\/v2\/product"}],"about":[{"href":"https:\/\/baldumarket.lt\/lt\/wp-json\/wp\/v2\/types\/product"}],"replies":[{"embeddable":true,"href":"https:\/\/baldumarket.lt\/lt\/wp-json\/wp\/v2\/comments?post=261271"}],"wp:featuredmedia":[{"embeddable":true,"href":"https:\/\/baldumarket.lt\/lt\/wp-json\/wp\/v2\/media\/261272"}],"wp:attachment":[{"href":"https:\/\/baldumarket.lt\/lt\/wp-json\/wp\/v2\/media?parent=261271"}],"wp:term":[{"taxonomy":"product_brand","embeddable":true,"href":"https:\/\/baldumarket.lt\/lt\/wp-json\/wp\/v2\/product_brand?post=261271"},{"taxonomy":"product_cat","embeddable":true,"href":"https:\/\/baldumarket.lt\/lt\/wp-json\/wp\/v2\/product_cat?post=261271"},{"taxonomy":"product_tag","embeddable":true,"href":"https:\/\/baldumarket.lt\/lt\/wp-json\/wp\/v2\/product_tag?post=261271"}],"curies":[{"name":"wp","href":"https:\/\/api.w.org\/{rel}","templated":true}]}}