{"id":261252,"date":"2026-01-13T23:08:48","date_gmt":"2026-01-13T20:08:48","guid":{"rendered":"https:\/\/baldumarket.lt\/product\/lozko-90-nandu-jasny-szary-dab-polski\/"},"modified":"2026-02-11T18:19:35","modified_gmt":"2026-02-11T15:19:35","slug":"lozko-90-nandu-jasny-szary-dab-polski","status":"publish","type":"product","link":"https:\/\/baldumarket.lt\/lt\/product\/lozko-90-nandu-jasny-szary-dab-polski\/","title":{"rendered":"Lova 90 NANDU \u0161viesiai pilka\/poliruoto \u0105\u017euolo spalvos"},"content":{"rendered":"<p>\u201eNandu\u201c lova \u2013 komforto lop\u0161ys svajoni\u0173 \u0161alyje. \u201eNandu\u201c kolekcija si\u016blo daug erdv\u0117s svajon\u0117ms ir komfortui, o \u201eNandu\u201c lova tampa vartais \u012f svajoni\u0173 \u0161al\u012f, kur kasdieniai nuotykiai virsta magi\u0161ku miegu. Po linksmybi\u0173 ir mokymosi kupinos dienos kiekvienas vaikas nusipelno patogaus nakties miego. \u201eNandu\u201c lova yra ne tik funkcionali, bet ir esteti\u0161kai patraukli, puikiai \u012fsiliejanti \u012f svajoni\u0173 ir vaiko vaizduot\u0117s pasaul\u012f. 90 \u00d7 200 cm miego pavir\u0161iaus matmenys puikiai tinka tiek ikimokyklinio am\u017eiaus vaikams, tiek vyresni\u0173j\u0173 klasi\u0173 mokiniams. Auk\u0161tas galv\u016bgalis ne tik suteikia eleganti\u0161k\u0105 apdail\u0105, bet ir atlieka praktin\u0119 funkcij\u0105, apsaugo pagalv\u0119 nuo atsitiktinio kritimo ir tarnauja kaip patogi atrama kasdienio poilsio metu. Trij\u0173 pakop\u0173 \u010diu\u017einio auk\u0161\u010dio reguliavimas yra novatori\u0161kas sprendimas, leid\u017eiantis pritaikyti lov\u0105 prie individuali\u0173 vaiko poreiki\u0173 ir \u016bgio. Tai garantuoja patog\u0173 mieg\u0105, pritaikyt\u0105 prie kintan\u010di\u0173 poreiki\u0173. Lovos r\u0117mas, si\u016blomas \u0161viesiai pilkos \/ lenki\u0161ko \u0105\u017euolo spalv\u0173 derinio, sukuria harmoning\u0105 visos kolekcijos pagrind\u0105. Pasirink\u0119 tinkam\u0105 r\u0117m\u0105 ir \u010diu\u017ein\u012f, galite pritaikyti lov\u0105 prie savo vaiko pageidavim\u0173 ir sveikatos poreiki\u0173. Jei svarstote, kur laikyti patalyn\u0119 ar \u017eaislus, lov\u0105 galite apr\u016bpinti prakti\u0161ku \u201eNandu\u201c stal\u010diumi. \u0160is funkcionalus sprendimas padeda palaikyti tvark\u0105 j\u016bs\u0173 vaiko karalyst\u0117je. Viengul\u0117 \u201eNandu\u201c lova yra b\u016btinas j\u016bs\u0173 vaiko poilsio zonos elementas. Derinkite j\u0105 su spinta, ra\u0161omuoju stalu ir lentyna, kad sukurtum\u0117te visavert\u012f jaunimo kambario pagrind\u0105. \u201eNandu\u201c lova skirta ne tik miegui; ji taip pat tampa vieta, kur \u012fgauna form\u0105 kasdien\u0117s svajon\u0117s, o kiekviena diena prasideda nuo stebuklingo komforto ir ramyb\u0117s pasaulio.<\/p>\n<p>Prek\u0117s kodas S441-LOZ\/90-JSZ\/DP Simbolis ZM EAN Ilgis 204 cm Plotis 95 cm Auk\u0161tis 42,5\u201380,5 cm Kolekcija Nandu Spalva \u0161viesiai pilka\/poliruotas \u0105\u017euolas Pilka Atspalvis Stilius modernus Med\u017eiaga laminatas Miegamoji funkcija su miegam\u0105ja funkcija Miegamoji dalis 90 \u00d7 200 Papildoma talpa Gamintojas Juoda Raudona Balta Bald\u0173 tipas Lovos PVM 23% EAN 5906123952460<\/p>","protected":false},"excerpt":{"rendered":"<p>\u201eNandu\u201c lova \u2013 komforto lop\u0161ys svajoni\u0173 \u0161alyje. \u201eNandu\u201c kolekcija si\u016blo daug erdv\u0117s svajon\u0117ms ir komfortui, o \u201eNandu\u201c lova tampa vartais \u012f svajoni\u0173 \u0161al\u012f, kur kasdieniai nuotykiai virsta magi\u0161ku miegu. Po dienos, kupinos linksmybi\u0173 ir mokymosi, kiekvienas vaikas nusipelno [\u2026]<\/p>","protected":false},"featured_media":261253,"comment_status":"open","ping_status":"open","template":"","meta":[],"product_brand":[],"product_cat":[9200,505],"product_tag":[],"class_list":{"0":"post-261252","1":"product","2":"type-product","3":"status-publish","4":"has-post-thumbnail","6":"product_cat-black-red-white","7":"product_cat-bedroom-beds","9":"first","10":"instock","11":"purchasable","12":"product-type-simple"},"_links":{"self":[{"href":"https:\/\/baldumarket.lt\/lt\/wp-json\/wp\/v2\/product\/261252","targetHints":{"allow":["GET"]}}],"collection":[{"href":"https:\/\/baldumarket.lt\/lt\/wp-json\/wp\/v2\/product"}],"about":[{"href":"https:\/\/baldumarket.lt\/lt\/wp-json\/wp\/v2\/types\/product"}],"replies":[{"embeddable":true,"href":"https:\/\/baldumarket.lt\/lt\/wp-json\/wp\/v2\/comments?post=261252"}],"wp:featuredmedia":[{"embeddable":true,"href":"https:\/\/baldumarket.lt\/lt\/wp-json\/wp\/v2\/media\/261253"}],"wp:attachment":[{"href":"https:\/\/baldumarket.lt\/lt\/wp-json\/wp\/v2\/media?parent=261252"}],"wp:term":[{"taxonomy":"product_brand","embeddable":true,"href":"https:\/\/baldumarket.lt\/lt\/wp-json\/wp\/v2\/product_brand?post=261252"},{"taxonomy":"product_cat","embeddable":true,"href":"https:\/\/baldumarket.lt\/lt\/wp-json\/wp\/v2\/product_cat?post=261252"},{"taxonomy":"product_tag","embeddable":true,"href":"https:\/\/baldumarket.lt\/lt\/wp-json\/wp\/v2\/product_tag?post=261252"}],"curies":[{"name":"wp","href":"https:\/\/api.w.org\/{rel}","templated":true}]}}