{"id":261248,"date":"2026-01-13T23:08:45","date_gmt":"2026-01-13T20:08:45","guid":{"rendered":"https:\/\/baldumarket.lt\/product\/lozko-90-malcolm-dab-monument\/"},"modified":"2026-02-11T18:19:35","modified_gmt":"2026-02-11T15:19:35","slug":"lozko-90-malcolm-dab-monument","status":"publish","type":"product","link":"https:\/\/baldumarket.lt\/lt\/product\/lozko-90-malcolm-dab-monument\/","title":{"rendered":"Lova 90 MALCOLM paminklo \u0105\u017euolas"},"content":{"rendered":"<p>\u201eMalcolm\u201c lova \u2013 patogus poilsis vienam. \u201eMalcolm\u201c kolekcija \u2013 tai novatori\u0161ka jaunimo bald\u0173 interpretacija, kurioje derinamas modernus dizainas su tradicine apdaila. Kompakti\u0161ka viengul\u0117 \u201eMalcolm\u201c lova \u2013 puikus sprendimas norint suorganizuoti poilsio zon\u0105 paauglio kambaryje. Lovos galv\u016bgalis apsaugo pagalves nuo kritimo ir sien\u0105 nuo i\u0161sitepimo. Lova turi prakti\u0161k\u0105 patalyn\u0117s skyri\u0173, kuriame galite laikyti antklodes, pagalves ir apklotus, taupydami viet\u0105 kambaryje. \u201eMalcolm\u201c kolekcijos baldai, prislopintos \u201eCanyon Monument Oak\u201c spalvos, papildo bet kur\u012f vaik\u0173 kambar\u012f, suteikdami jam eleganti\u0161k\u0105 ir modern\u0173 poj\u016bt\u012f. D\u0117l kompakti\u0161ko dyd\u017eio lova yra idealus sprendimas ma\u017eiems kambariams, kuriuose tr\u016bksta vietos. Verta pamin\u0117ti, kad atskirus \u201eMalcolm\u201c kolekcijos elementus galima derinti bet kokiu b\u016bdu, tod\u0117l puikiai pritaikysite kambario i\u0161planavim\u0105 prie konkre\u010di\u0173 jo ir individuali\u0173 vaiko poreiki\u0173. Ta\u010diau atkreipkite d\u0117mes\u012f, kad lovai reikalingas tinkamas \u010diu\u017einys ant medinio r\u0117mo, nes \u012f kain\u0105 \u010diu\u017einys ne\u012fskai\u010diuotas. \u201eMalcolm\u201c lova \u2013 puikus sprendimas vienam asmeniui, u\u017etikrinantis patog\u0173 ir funkcional\u0173 poils\u012f, i\u0161laikant esteti\u0161k\u0105 i\u0161vaizd\u0105.<\/p>\n<p>Prek\u0117s kodas S325-LOZ\/90-DAMO Simbolis ZM EAN Ilgis 205,5 cm Plotis 93 cm Auk\u0161tis 45-65 cm Kolekcija Malcolm Spalva monumentalus \u0105\u017euolas Atspalvis tamsi mediena Stilius modernus Med\u017eiaga laminatas Miegamoji funkcija su miegojimo funkcija Miegamoji dalis 90\u00d7200 Indas su indu Gamintojas Juoda Raudona Balta Bald\u0173 tipas Lovos PVM 23% EAN 5906123925365<\/p>","protected":false},"excerpt":{"rendered":"<p>\u201eMalcolm\u201c lova \u2013 patogus poilsis vienam. \u201eMalcolm\u201c kolekcija \u2013 tai novatori\u0161ka jaunimo bald\u0173 interpretacija, kurioje derinamas modernus dizainas ir tradicin\u0117 apdaila. Kompakti\u0161ka viengul\u0117 lova \u201eMalcolm\u201c \u2013 puikus sprendimas norint paauglio kambaryje \u012frengti poilsio zon\u0105. Lovos galv\u016bgalis apsaugo pagalves nuo kritimo ir sien\u0105 nuo i\u0161sitepimo. [\u2026]<\/p>","protected":false},"featured_media":261249,"comment_status":"open","ping_status":"open","template":"","meta":[],"product_brand":[],"product_cat":[9200,505],"product_tag":[],"class_list":{"0":"post-261248","1":"product","2":"type-product","3":"status-publish","4":"has-post-thumbnail","6":"product_cat-black-red-white","7":"product_cat-bedroom-beds","9":"first","10":"instock","11":"purchasable","12":"product-type-simple"},"_links":{"self":[{"href":"https:\/\/baldumarket.lt\/lt\/wp-json\/wp\/v2\/product\/261248","targetHints":{"allow":["GET"]}}],"collection":[{"href":"https:\/\/baldumarket.lt\/lt\/wp-json\/wp\/v2\/product"}],"about":[{"href":"https:\/\/baldumarket.lt\/lt\/wp-json\/wp\/v2\/types\/product"}],"replies":[{"embeddable":true,"href":"https:\/\/baldumarket.lt\/lt\/wp-json\/wp\/v2\/comments?post=261248"}],"wp:featuredmedia":[{"embeddable":true,"href":"https:\/\/baldumarket.lt\/lt\/wp-json\/wp\/v2\/media\/261249"}],"wp:attachment":[{"href":"https:\/\/baldumarket.lt\/lt\/wp-json\/wp\/v2\/media?parent=261248"}],"wp:term":[{"taxonomy":"product_brand","embeddable":true,"href":"https:\/\/baldumarket.lt\/lt\/wp-json\/wp\/v2\/product_brand?post=261248"},{"taxonomy":"product_cat","embeddable":true,"href":"https:\/\/baldumarket.lt\/lt\/wp-json\/wp\/v2\/product_cat?post=261248"},{"taxonomy":"product_tag","embeddable":true,"href":"https:\/\/baldumarket.lt\/lt\/wp-json\/wp\/v2\/product_tag?post=261248"}],"curies":[{"name":"wp","href":"https:\/\/api.w.org\/{rel}","templated":true}]}}