{"id":261244,"date":"2026-01-13T23:08:41","date_gmt":"2026-01-13T20:08:41","guid":{"rendered":"https:\/\/baldumarket.lt\/product\/lozko-90-luca-juzi-modrzew-sibiu-jasny-dab-sonoma-ciemny\/"},"modified":"2026-02-11T18:19:35","modified_gmt":"2026-02-11T15:19:35","slug":"lozko-90-luca-juzi-modrzew-sibiu-jasny-dab-sonoma-ciemny","status":"publish","type":"product","link":"https:\/\/baldumarket.lt\/lt\/product\/lozko-90-luca-juzi-modrzew-sibiu-jasny-dab-sonoma-ciemny\/","title":{"rendered":"Lova 90 LUCA JUZI \u0161viesus Sibiu maumedis\/tamsus sonoma \u0105\u017euolas"},"content":{"rendered":"<p>\u201eLuca Juzi\u201c lova \u2013 atsipalaiduokite Provanso stiliumi. Jei svajojate apie lov\u0105, kuri ne tik u\u017etikrint\u0173 patog\u0173 mieg\u0105, bet ir \u012fne\u0161t\u0173 \u012f j\u016bs\u0173 erdv\u0119 Provanso stiliaus dvasi\u0105, \u201eLuca Juzi\u201c lova pateisins j\u016bs\u0173 l\u016bkes\u010dius. Provanso stiliaus \u012fkv\u0117pta \u201eLuca Juzi\u201c kolekcija si\u016blo \u0161ilt\u0173 spalv\u0173 ir paprasto dizaino derin\u012f. \u201eLuca Juzi\u201c lova \u2013 puikus pasirinkimas tiems, kurie ie\u0161ko patogios ir funkcionalios miegojimo vietos jaunimo kambaryje. Lygus 90 \u00d7 200 cm miegojimo pavir\u0161ius u\u017etikrins patog\u0173 poils\u012f prie\u0161 dienos i\u0161\u0161\u016bkius. Prakti\u0161kas galv\u016bgalis ne tik suteikia lovai eleganti\u0161k\u0105 dizain\u0105, bet ir tarnauja kaip apsauginis barjeras, neleid\u017eiantis antklodei ir pagalv\u0117ms nuslysti ant grind\u0173, o sienoms i\u0161sitepti. Pakeltas lovos r\u0117mas slepia i\u0161traukiam\u0105 patalyn\u0117s stal\u010di\u0173, kur\u012f galima montuoti i\u0161 abiej\u0173 pusi\u0173, tod\u0117l lengviau sutvarkyti erdv\u0119. Lovos r\u0117mas apdailintas \u0161viesia Sibiu maumed\u017eio mediena, o vir\u0161utin\u0117s grotel\u0117s \u2013 nuostabaus tamsaus Sonoma \u0105\u017euolo. I\u0161skirtin\u0117s lentjuost\u0117s kra\u0161tuose ir matomas ra\u0161tas suteikia lovai unikalaus \u017eavesio, perkeldami j\u016bs\u0173 mieg\u0105 \u012f vaizdingus Provanso kra\u0161tovaizd\u017eius. \u0160i viengul\u0117 lova puikiai tiks net ir ma\u017eose erdv\u0117se, tod\u0117l jums nereikia didel\u0117s erdv\u0117s, kad gal\u0117tum\u0117te m\u0117gautis \u201eLuca Juzi\u201c kolekcijos funkcionalumu ir estetika. Sukurkite pilnai funkcionali\u0105 erdv\u0119, panaudodami \u012fvairius kolekcijos elementus, tokius kaip ra\u0161omasis stalas, drabu\u017ei\u0173 spinta, lentynos, naktinis staliukas ar televizoriaus staliukas. Suteikite savo gyvenamajai erdvei nauj\u0105 dimensij\u0105, kur miegas taps unikalia patirtimi, apsupta \u0161viesaus, esteti\u0161kai patrauklaus interjero. \u201eLuca Juzi\u201c lova yra ne tik vieta poilsiui, bet ir j\u016bs\u0173 gyvenimo b\u016bdo i\u0161rai\u0161ka.<\/p>\n<p>Prek\u0117s kodas S328-LOZ\/90-MSJ\/DSOC Simbolis ZM EAN Ilgis 205 cm Plotis 96 cm Auk\u0161tis 86 cm Kolekcija Luca Juzi Spalva \u0161viesus Sibiu maumedis \/ tamsus sonoma \u0105\u017euolas Gaubtas \u0161viesi mediena Stilius modernus Med\u017eiaga laminatas Miegamoji funkcija su miegam\u0105ja funkcija Miegamoji dalis 90\u00d7200 Papildoma talpa Gamintojas Juoda Raudona Balta Bald\u0173 tipas Lovos PVM 23% EAN 5906123925648<\/p>","protected":false},"excerpt":{"rendered":"<p>\u201eLuca Juzi\u201c lova \u2013 atsipalaiduokite Provanso stiliumi. Jei svajojate apie lov\u0105, kuri ne tik u\u017etikrins patog\u0173 mieg\u0105, bet ir \u012fne\u0161 Provanso stiliaus dvasi\u0105 \u012f j\u016bs\u0173 erdv\u0119, \u201eLuca Juzi\u201c lova pateisins j\u016bs\u0173 l\u016bkes\u010dius. Provanso stiliaus \u012fkv\u0117pta \u201eLuca Juzi\u201c kolekcija si\u016blo \u0161ilt\u0173 spalv\u0173 ir [\u2026] derin\u012f.<\/p>","protected":false},"featured_media":261245,"comment_status":"open","ping_status":"open","template":"","meta":[],"product_brand":[],"product_cat":[9200,505],"product_tag":[],"class_list":{"0":"post-261244","1":"product","2":"type-product","3":"status-publish","4":"has-post-thumbnail","6":"product_cat-black-red-white","7":"product_cat-bedroom-beds","9":"first","10":"instock","11":"purchasable","12":"product-type-simple"},"_links":{"self":[{"href":"https:\/\/baldumarket.lt\/lt\/wp-json\/wp\/v2\/product\/261244","targetHints":{"allow":["GET"]}}],"collection":[{"href":"https:\/\/baldumarket.lt\/lt\/wp-json\/wp\/v2\/product"}],"about":[{"href":"https:\/\/baldumarket.lt\/lt\/wp-json\/wp\/v2\/types\/product"}],"replies":[{"embeddable":true,"href":"https:\/\/baldumarket.lt\/lt\/wp-json\/wp\/v2\/comments?post=261244"}],"wp:featuredmedia":[{"embeddable":true,"href":"https:\/\/baldumarket.lt\/lt\/wp-json\/wp\/v2\/media\/261245"}],"wp:attachment":[{"href":"https:\/\/baldumarket.lt\/lt\/wp-json\/wp\/v2\/media?parent=261244"}],"wp:term":[{"taxonomy":"product_brand","embeddable":true,"href":"https:\/\/baldumarket.lt\/lt\/wp-json\/wp\/v2\/product_brand?post=261244"},{"taxonomy":"product_cat","embeddable":true,"href":"https:\/\/baldumarket.lt\/lt\/wp-json\/wp\/v2\/product_cat?post=261244"},{"taxonomy":"product_tag","embeddable":true,"href":"https:\/\/baldumarket.lt\/lt\/wp-json\/wp\/v2\/product_tag?post=261244"}],"curies":[{"name":"wp","href":"https:\/\/api.w.org\/{rel}","templated":true}]}}