{"id":261236,"date":"2026-01-13T23:08:35","date_gmt":"2026-01-13T20:08:35","guid":{"rendered":"https:\/\/baldumarket.lt\/product\/lozko-90-lara-jesion-belarus\/"},"modified":"2026-02-11T18:19:35","modified_gmt":"2026-02-11T15:19:35","slug":"lozko-90-lara-jesion-belarus","status":"publish","type":"product","link":"https:\/\/baldumarket.lt\/lt\/product\/lozko-90-lara-jesion-belarus\/","title":{"rendered":"Lova 90 LARA Baltarusijos uosis"},"content":{"rendered":"<p>Lova \u201eLara\u201c \u2013 tobula vieta pasikrauti energijos. Paauglio kambarys \u2013 tai vieta, kurioje svarb\u016bs \u012fvair\u016bs elementai, pavyzd\u017eiui, ra\u0161omasis stalas, drabu\u017ei\u0173 spinta, bet svarbiausia \u2013 lova, u\u017etikrinanti patog\u0173 mieg\u0105 ir atjaun\u0117jim\u0105. Lova \u201eLara\u201c priklauso to paties pavadinimo jaunimo kolekcijai, kuriai b\u016bdingos paprastos linijos ir dekoratyvin\u0117s aplikacijos. Lova \u201eLara\u201c sukuria tobul\u0105 poilsio viet\u0105 vaikui ar paaugliui, si\u016blydama 90 \u00d7 200 cm miegojimo plot\u0105. Galv\u016bgalis ne tik apsaugo sien\u0105 nuo d\u0117mi\u0173, bet ir suteikia patogi\u0105 atram\u0105 vakare mokantis ar skaitant. Lov\u0105 galima dar labiau i\u0161pl\u0117sti stal\u010diumi, kuris tarnauja kaip prakti\u0161ka patalyn\u0117s ar \u017eaisl\u0173 laikymo vieta ir yra alternatyva tradiciniam daiktad\u0117\u017eei. Lovos r\u0117mas i\u0161 \u201eBelarus\u201c uosio medienos d\u017eiugina savo spalv\u0173 gama ir dekoratyvin\u0117mis aplikacijomis, kurios suteikia \u201eLara\u201c kolekcijai unikal\u0173 charakter\u012f. \u0160is baldas paauglio kambariui suteikia elegancijos ir stiliaus, kartu i\u0161likdamas prakti\u0161kas. Lov\u0105 \u201eLara\u201c galima dar labiau suasmeninti naudojant mink\u0161t\u0105 \u201eTetrix 90\u201c u\u017evalkal\u0105, kur\u012f galima \u012fsigyti \u012fvairi\u0173 spalv\u0173. Tai leid\u017eia jums suasmeninti lov\u0105 ir priderinti j\u0105 prie kambario stiliaus. Lova \u201eLara\u201c yra didesn\u0117s to paties pavadinimo jaunimo kolekcijos dalis. J\u0105 galite derinti su kitais \u0161ios linijos baldais, tokiais kaip naktinis staliukas ir daugeliu kit\u0173 turim\u0173 element\u0173, taip sukurdami darn\u0173 ir funkcional\u0173 i\u0161d\u0117stym\u0105 savo vaiko kambaryje. Atkreipkite d\u0117mes\u012f, kad \u012f lovos kain\u0105 ne\u012feina r\u0117mas ir \u010diu\u017einys. Tod\u0117l svarbu pasirinkti tinkam\u0105 r\u0117m\u0105 ir \u010diu\u017ein\u012f, kurie u\u017etikrins komfort\u0105 ir miego kokyb\u0119. Trumpai tariant, lova \u201eLara\u201c yra puikus sprendimas paauglio kambariui, derinantis miego komfort\u0105 su estetika. U\u017etikrinkite komfort\u0105 ir stili\u0173 savo vaiko erdv\u0117je, sukurdami viet\u0105, kurioje miegas tampa tikru malonumu. M\u0117gaukit\u0117s \u201eLara\u201c kolekcijos lovos funkcionalumu ir unikaliu dizainu!<\/p>\n<p>Prek\u0117s kodas S463-LOZ\/90-JBE Simbolis ZM EAN Ilgis 204,5 cm Plotis 98 cm Auk\u0161tis 45,5\u201390,5 cm Kolekcija Lara Spalva Baltarusijos uosis \u0160e\u0161\u0117lis \u0161viesi mediena Stilius loftas Med\u017eiaga laminatas Miegamoji funkcija su miegam\u0105ja funkcija Miegamoji dalis 90 \u00d7 200 Papildoma talpa Gamintojas Juoda Raudona Balta Bald\u0173 tipas Lovos PVM 23% EAN 5906123607919<\/p>","protected":false},"excerpt":{"rendered":"<p>Lova \u201eLara\u201c \u2013 tobula vieta pasikrauti energijos. Paauglio kambarys \u2013 tai vieta, kurioje svarb\u016bs \u012fvair\u016bs elementai, pavyzd\u017eiui, ra\u0161omasis stalas, drabu\u017ei\u0173 spinta, bet svarbiausia \u2013 lova, u\u017etikrinanti patog\u0173 mieg\u0105 ir atsigavim\u0105. Lova \u201eLara\u201c yra to paties pavadinimo jaunimo kolekcijos dalis, pasi\u017eyminti [\u2026]<\/p>","protected":false},"featured_media":261237,"comment_status":"open","ping_status":"open","template":"","meta":[],"product_brand":[],"product_cat":[9200,505],"product_tag":[],"class_list":{"0":"post-261236","1":"product","2":"type-product","3":"status-publish","4":"has-post-thumbnail","6":"product_cat-black-red-white","7":"product_cat-bedroom-beds","9":"first","10":"instock","11":"purchasable","12":"product-type-simple"},"_links":{"self":[{"href":"https:\/\/baldumarket.lt\/lt\/wp-json\/wp\/v2\/product\/261236","targetHints":{"allow":["GET"]}}],"collection":[{"href":"https:\/\/baldumarket.lt\/lt\/wp-json\/wp\/v2\/product"}],"about":[{"href":"https:\/\/baldumarket.lt\/lt\/wp-json\/wp\/v2\/types\/product"}],"replies":[{"embeddable":true,"href":"https:\/\/baldumarket.lt\/lt\/wp-json\/wp\/v2\/comments?post=261236"}],"wp:featuredmedia":[{"embeddable":true,"href":"https:\/\/baldumarket.lt\/lt\/wp-json\/wp\/v2\/media\/261237"}],"wp:attachment":[{"href":"https:\/\/baldumarket.lt\/lt\/wp-json\/wp\/v2\/media?parent=261236"}],"wp:term":[{"taxonomy":"product_brand","embeddable":true,"href":"https:\/\/baldumarket.lt\/lt\/wp-json\/wp\/v2\/product_brand?post=261236"},{"taxonomy":"product_cat","embeddable":true,"href":"https:\/\/baldumarket.lt\/lt\/wp-json\/wp\/v2\/product_cat?post=261236"},{"taxonomy":"product_tag","embeddable":true,"href":"https:\/\/baldumarket.lt\/lt\/wp-json\/wp\/v2\/product_tag?post=261236"}],"curies":[{"name":"wp","href":"https:\/\/api.w.org\/{rel}","templated":true}]}}