{"id":261228,"date":"2026-01-13T23:08:29","date_gmt":"2026-01-13T20:08:29","guid":{"rendered":"https:\/\/baldumarket.lt\/product\/lozko-90-hesen-1004-cm-grafit-dab-artisan\/"},"modified":"2026-02-11T18:19:35","modified_gmt":"2026-02-11T15:19:35","slug":"lozko-90-hesen-1004-cm-grafit-dab-artisan","status":"publish","type":"product","link":"https:\/\/baldumarket.lt\/lt\/product\/lozko-90-hesen-1004-cm-grafit-dab-artisan\/","title":{"rendered":"Lova 90 HESEN 100,4 cm grafitas\/amatinis \u0105\u017euolas"},"content":{"rendered":"<p>\u201eHesen 90\u201c lova \u2013 puikiai tinka paauglio kambariui. Jei j\u016bs\u0173 interjero dizaino prioritetai yra minimalizmas, ai\u0161kumas ir funkcionalumas, \u201eHesen\u201c kolekcija yra puikus sprendimas norint sukurti modern\u0173 ir stiling\u0105 paauglio kambar\u012f. Tai erdv\u0117, kurioje svarbi kiekviena detal\u0117, tod\u0117l tinkamos lovos pasirinkimas yra labai svarbus. \u201eHesen 90\u201c lova yra puikus sprendimas tiems, kurie vertina paprastum\u0105 ir funkcionalum\u0105. 207 x 100,4 x 95 cm dyd\u017eio lova yra lengva ir moderni, puikiai tinkanti ma\u017eoms erdv\u0117ms, tokioms kaip paauglio kambarys, studijos tipo butas ar pal\u0117p\u0117. Galima rinktis i\u0161 dviej\u0173 spalv\u0173: grafito \/ dirbtinio \u0105\u017euolo ir \u0161viesios Sibiu maumed\u017eio \/ larico pu\u0161ies, tod\u0117l galite j\u0105 pritaikyti pagal savo pageidavimus ir interjero stili\u0173. \u201eHesen\u201c kolekcijai b\u016bdingi subtil\u016bs frezavimai ir vir\u0161utin\u0117s lentjuost\u0117s, suteikian\u010dios baldams unikal\u0173 charakter\u012f ir stili\u0173. \u0160i 90 x 200 cm lova yra prakti\u0161kas sprendimas jaunimo kambariui, kur\u012f lengva suasmeninti tokiais aksesuarais kaip u\u017etiesalai, pagalv\u0117s, kilim\u0117liai ar plakatai. \u201eHesen\u201c lova parduodama be r\u0117mo ir \u010diu\u017einio, tod\u0117l galite pritaikyti \u0161iuos elementus pagal savo poreikius ir pageidavimus. Papildoma galimyb\u0117 \u2013 patalyn\u0117s stal\u010dius, kur\u012f galima \u012fsigyti kaip kolekcijos dal\u012f, leid\u017eiant\u012f laikyti patalyn\u0119 ir kitus daiktus. Su \u201eHesen\u201c kolekcija susikurkite savo svajoni\u0173 jaunimo kambar\u012f ar miegam\u0105j\u012f.<\/p>\n<p>Prek\u0117s kodas S515-LOZ\/90-GF\/DASN Simbolis ZM EAN Ilgis 207 cm Plotis 100,4 cm Auk\u0161tis 95 cm Kolekcija Hesen Spalva grafito\/artisan \u0105\u017euolo Grafito atspalvis Skandinavi\u0161ko stiliaus Miegamoji funkcija su miegojimo funkcija Miegamoji dalis 90\u00d7200 Papildoma talpa Gamintojas Juoda Raudona Balta Bald\u0173 tipas Lovos PVM 23% EAN 5906123812245<\/p>","protected":false},"excerpt":{"rendered":"<p>\u201eHesen 90\u201c lova \u2013 puikiai tinka paauglio kambariui. Jei j\u016bs\u0173 interjero dizaino prioritetai yra minimalizmas, ai\u0161kumas ir funkcionalumas, \u201eHesen\u201c kolekcija yra puikus sprendimas norint sukurti modern\u0173 ir stiling\u0105 paauglio kambar\u012f. Tai erdv\u0117, kurioje svarbi kiekviena detal\u0117, tod\u0117l tinkamos lovos pasirinkimas yra labai svarbus. \u201eHesen 90\u201c lova [\u2026]<\/p>","protected":false},"featured_media":261229,"comment_status":"open","ping_status":"open","template":"","meta":[],"product_brand":[],"product_cat":[9200,505],"product_tag":[],"class_list":{"0":"post-261228","1":"product","2":"type-product","3":"status-publish","4":"has-post-thumbnail","6":"product_cat-black-red-white","7":"product_cat-bedroom-beds","9":"first","10":"instock","11":"purchasable","12":"product-type-simple"},"_links":{"self":[{"href":"https:\/\/baldumarket.lt\/lt\/wp-json\/wp\/v2\/product\/261228","targetHints":{"allow":["GET"]}}],"collection":[{"href":"https:\/\/baldumarket.lt\/lt\/wp-json\/wp\/v2\/product"}],"about":[{"href":"https:\/\/baldumarket.lt\/lt\/wp-json\/wp\/v2\/types\/product"}],"replies":[{"embeddable":true,"href":"https:\/\/baldumarket.lt\/lt\/wp-json\/wp\/v2\/comments?post=261228"}],"wp:featuredmedia":[{"embeddable":true,"href":"https:\/\/baldumarket.lt\/lt\/wp-json\/wp\/v2\/media\/261229"}],"wp:attachment":[{"href":"https:\/\/baldumarket.lt\/lt\/wp-json\/wp\/v2\/media?parent=261228"}],"wp:term":[{"taxonomy":"product_brand","embeddable":true,"href":"https:\/\/baldumarket.lt\/lt\/wp-json\/wp\/v2\/product_brand?post=261228"},{"taxonomy":"product_cat","embeddable":true,"href":"https:\/\/baldumarket.lt\/lt\/wp-json\/wp\/v2\/product_cat?post=261228"},{"taxonomy":"product_tag","embeddable":true,"href":"https:\/\/baldumarket.lt\/lt\/wp-json\/wp\/v2\/product_tag?post=261228"}],"curies":[{"name":"wp","href":"https:\/\/api.w.org\/{rel}","templated":true}]}}