{"id":261204,"date":"2026-01-13T23:08:10","date_gmt":"2026-01-13T20:08:10","guid":{"rendered":"https:\/\/baldumarket.lt\/product\/lozko-90-b-ze-stelazem-i-materacem-mimas-multi-silver-tetrix-99-cm-bialy-polysk\/"},"modified":"2026-02-11T18:19:36","modified_gmt":"2026-02-11T15:19:36","slug":"lozko-90-b-ze-stelazem-i-materacem-mimas-multi-silver-tetrix-99-cm-bialy-polysk","status":"publish","type":"product","link":"https:\/\/baldumarket.lt\/lt\/product\/lozko-90-b-ze-stelazem-i-materacem-mimas-multi-silver-tetrix-99-cm-bialy-polysk\/","title":{"rendered":"Lova 90 B su r\u0117mu ir \u010diu\u017einiu MIMAS MULTI SILVER TETRIX 99 cm balta blizgi"},"content":{"rendered":"<p>\u201eTetrix\u201c lova \u2013 u\u017etikrinkite sveik\u0105 vaiko mieg\u0105. Sveikas vaiko miegas yra kiekvien\u0173 t\u0117v\u0173 prioritetas, tod\u0117l svarbu pasirinkti tinkam\u0105 lov\u0105, kuri u\u017etikrint\u0173 komfort\u0105 ir saugum\u0105. \u201eTetrix\u201c lova yra puikus pasirinkimas vaiko ar paauglio kambariui. \u0160tai kod\u0117l tur\u0117tum\u0117te apsvarstyti \u0161i\u0105 lov\u0105: \u201eTetrix\u201c lova si\u016blo erdv\u0173 90 \u00d7 200 cm miegojimo plot\u0105, suteikiant\u012f patogi\u0105 miegojimo erdv\u0119 vienam asmeniui. Tai puiki vieta miegoti ir atsipalaiduoti. Svarbu pasirinkti tinkam\u0105 \u010diu\u017ein\u012f, kuris atitikt\u0173 j\u016bs\u0173 vaiko miego komforto l\u016bkes\u010dius. Auk\u0161tas galv\u016bgalis: \u201eTetrix\u201c lovos galv\u016bgalis atlieka ne tik estetin\u0119, bet ir apsaugin\u0119 funkcij\u0105, apsaugodamas sien\u0105 nuo purvo. Kai lova pastatoma kambario centre, galv\u016bgalis apsaugo nuo krintan\u010di\u0173 pagalvi\u0173. Taip pat galite \u012fsigyti mink\u0161t\u0105 galv\u016bgalio u\u017evalkal\u0105. Gamintojas si\u016blo tris skirtingas \u201eTetrix\u201c lovos spalvas: blizgi\u0105 balt\u0105, Sonoma \u0105\u017euolo ir Wotan \u0105\u017euolo. Tai leid\u017eia pritaikyti lov\u0105 prie vaiko kambario dizaino ir pageidavim\u0173. Erdvus daiktad\u0117\u017e\u0117s skyrius po r\u0117mu: Erdvus daiktad\u0117\u017e\u0117s skyrius po r\u0117mu yra prakti\u0161kas sprendimas, suteikiantis papildomos vietos daiktams susid\u0117ti. \u0160iame skyriuje galima laikyti patalyn\u0119, tekstil\u0119 ir dekoratyvines pagalv\u0117les, tod\u0117l lengviau palaikyti tvark\u0105 kambaryje. I\u0161skirtiniai, pastorinti r\u0117mo \u0161onai pabr\u0117\u017eia \u201eTetrix\u201c lovos konstrukcijos tvirtum\u0105 ir ilgaam\u017ei\u0161kum\u0105. \u0160is baldas tarnaus ilgus metus. Viengul\u0119 lov\u0105 \u201eTetrix\u201c galima derinti su \u012fvairi\u0173 \u201eBlack Red White\u201c kolekcij\u0173 baldais, tod\u0117l vaiko ar paauglio kambaryje galite sukurti ergonomi\u0161k\u0105 ir funkcionali\u0105 erdv\u0119. Verta pamin\u0117ti, kad komplekte taip pat yra \u010diu\u017einys \u201eMimas Multi Silver\u201c. \u0160is \u010diu\u017einys turi nepriklausomai veikian\u010dias daugiaki\u0161enes spyruokles, padengtas higienos sertifikuotomis \u201eUltra-Fresh\u00ae\u201c kont\u016brin\u0117mis putomis. Jis si\u016blo 7 komforto zonas, garantuojan\u010dias ergonomi\u0161k\u0105 prisitaikym\u0105 prie k\u016bno formos. \u010ciu\u017einys yra dvipusis, tod\u0117l j\u012f galima apversti ir pasukti, o tai pailgina jo tarnavimo laik\u0105. Su \u201eTetrix\u201c lova ir \u201eMimas Multi Silver\u201c \u010diu\u017einiu u\u017etikrinsite, kad j\u016bs\u0173 vaikas patogiai i\u0161simiegos ir tur\u0117s ergonomi\u0161k\u0105 erdv\u0119 atsipalaiduoti. Tai taip pat stilingas dekoratyvinis elementas, suteikiantis kambariui modernumo. M\u0117gaukit\u0117s ramiu miegu ir savo vaiko saugumu daugel\u012f met\u0173.<\/p>\n<p>Prek\u0117s kodas S442-LOZ\/90\/B+MAT-BIP Simbolis ZM EAN Ilgis 204,5 cm Plotis 99 cm Auk\u0161tis 95\u201340,5 cm Kolekcija \u201eTetrix\u201c Spalva balta blizgi Atspalvis baltas Stilius modernus Miegamoji funkcija su miegojimo funkcija Miegamoji dalis 90 \u00d7 200 Indas su indu Gamintojas Juoda Raudona Balta Bald\u0173 tipas Lovos PVM mokestis 23% EAN 5906123606295<\/p>","protected":false},"excerpt":{"rendered":"<p>\u201eTetrix\u201c lova \u2013 u\u017etikrinkite sveik\u0105 vaiko mieg\u0105. Sveikas vaiko miegas yra kiekvien\u0173 t\u0117v\u0173 prioritetas, tod\u0117l svarbu pasirinkti tinkam\u0105 lov\u0105, kuri u\u017etikrint\u0173 komfort\u0105 ir saugum\u0105. \u201eTetrix\u201c lova yra puikus pasirinkimas vaiko ar paauglio kambariui. \u0160tai kod\u0117l tur\u0117tum\u0117te apsvarstyti \u0161i\u0105 lov\u0105: \u201eTetrix\u201c lova si\u016blo [\u2026]<\/p>","protected":false},"featured_media":261205,"comment_status":"open","ping_status":"open","template":"","meta":[],"product_brand":[],"product_cat":[9200,505],"product_tag":[],"class_list":{"0":"post-261204","1":"product","2":"type-product","3":"status-publish","4":"has-post-thumbnail","6":"product_cat-black-red-white","7":"product_cat-bedroom-beds","9":"first","10":"instock","11":"purchasable","12":"product-type-simple"},"_links":{"self":[{"href":"https:\/\/baldumarket.lt\/lt\/wp-json\/wp\/v2\/product\/261204","targetHints":{"allow":["GET"]}}],"collection":[{"href":"https:\/\/baldumarket.lt\/lt\/wp-json\/wp\/v2\/product"}],"about":[{"href":"https:\/\/baldumarket.lt\/lt\/wp-json\/wp\/v2\/types\/product"}],"replies":[{"embeddable":true,"href":"https:\/\/baldumarket.lt\/lt\/wp-json\/wp\/v2\/comments?post=261204"}],"wp:featuredmedia":[{"embeddable":true,"href":"https:\/\/baldumarket.lt\/lt\/wp-json\/wp\/v2\/media\/261205"}],"wp:attachment":[{"href":"https:\/\/baldumarket.lt\/lt\/wp-json\/wp\/v2\/media?parent=261204"}],"wp:term":[{"taxonomy":"product_brand","embeddable":true,"href":"https:\/\/baldumarket.lt\/lt\/wp-json\/wp\/v2\/product_brand?post=261204"},{"taxonomy":"product_cat","embeddable":true,"href":"https:\/\/baldumarket.lt\/lt\/wp-json\/wp\/v2\/product_cat?post=261204"},{"taxonomy":"product_tag","embeddable":true,"href":"https:\/\/baldumarket.lt\/lt\/wp-json\/wp\/v2\/product_tag?post=261204"}],"curies":[{"name":"wp","href":"https:\/\/api.w.org\/{rel}","templated":true}]}}