{"id":261196,"date":"2026-01-13T23:08:04","date_gmt":"2026-01-13T20:08:04","guid":{"rendered":"https:\/\/baldumarket.lt\/product\/lozko-90-b-tetrix-99-cm-dab-wotan\/"},"modified":"2026-02-11T18:19:36","modified_gmt":"2026-02-11T15:19:36","slug":"lozko-90-b-tetrix-99-cm-dab-wotan","status":"publish","type":"product","link":"https:\/\/baldumarket.lt\/lt\/product\/lozko-90-b-tetrix-99-cm-dab-wotan\/","title":{"rendered":"Lova 90 B TETRIX 99 cm wotan \u0105\u017euolas"},"content":{"rendered":"<p>\u201eTetrix\u201c lova \u2013 raktas \u012f sveik\u0105 j\u016bs\u0173 vaiko mieg\u0105. Kiekvieniems t\u0117vams sveikas vaiko miegas yra labai svarbus, tod\u0117l tinkamos lovos pasirinkimas yra pats svarbiausias. \u201eTetrix\u201c lova \u2013 puikus sprendimas vaiko ar paauglio kambariui. \u0160tai kod\u0117l tur\u0117tum\u0117te apsvarstyti \u0161i\u0105 lov\u0105: \u201eTetrix\u201c lova si\u016blo patog\u0173 90 \u00d7 200 cm miegojimo plot\u0105, tod\u0117l tai puiki vieta vienam asmeniui miegoti ir atsipalaiduoti. Verta pamin\u0117ti, kad gamintojas suteikia jums laisv\u0119 pasirinkti tinkam\u0105 \u010diu\u017ein\u012f i\u0161 plataus asortimento. Atminkite, kad svarbu, jog \u010diu\u017einys b\u016bt\u0173 tinkamo svorio, kad r\u0117mo pak\u0117limo mechanizmas tinkamai veikt\u0173. Auk\u0161tas galv\u016bgalis: \u201eTetrix\u201c lovos galv\u016bgalis atlieka ne tik estetin\u0119 funkcij\u0105, bet ir apsaugo sien\u0105 nuo purvo. Kai lova pastatoma kambario centre, galv\u016bgalis apsaugo nuo krintan\u010di\u0173 pagalvi\u0173. Taip pat galite \u012fsigyti mink\u0161t\u0105 galv\u016bgalio u\u017evalkal\u0105. Gamintojas si\u016blo tris skirtingas \u201eTetrix\u201c lovos spalvas: blizgi\u0105 balt\u0105, Sonoma \u0105\u017euolo ir Wotan \u0105\u017euolo. Tai leid\u017eia pritaikyti lov\u0105 prie vaiko interjero dizaino ir pageidavim\u0173. Erdvus daiktad\u0117\u017e\u0117s skyrius po r\u0117mu: Erdvus daiktad\u0117\u017e\u0117s skyrius po r\u0117mu yra prakti\u0161kas sprendimas, suteikiantis papildomos vietos daiktams susid\u0117ti. \u0160iame skyriuje galima laikyti patalyn\u0119, tekstil\u0119 ir dekoratyvines pagalv\u0117les, tod\u0117l kambaryje bus lengviau palaikyti tvark\u0105. I\u0161skirtiniai, pastorinti r\u0117mo \u0161onai pabr\u0117\u017eia \u201eTetrix\u201c lovos konstrukcijos tvirtum\u0105 ir ilgaam\u017ei\u0161kum\u0105. \u0160is baldas tarnaus ilgus metus. Viengul\u0119 lov\u0105 \u201eTetrix\u201c galima derinti su \u012fvairi\u0173 \u201eBlack Red White\u201c kolekcij\u0173 baldais, tod\u0117l vaiko ar jaunimo kambaryje galite sukurti ergonomi\u0161k\u0105 ir funkcionali\u0105 erdv\u0119. Verta atkreipti d\u0117mes\u012f, kad \u012f lovos kain\u0105 \u010diu\u017einys ne\u012fskai\u010diuotas, tod\u0117l rekomenduojame pasirinkti tinkam\u0105 \u010diu\u017ein\u012f, kuris atitiks j\u016bs\u0173 vaiko miego komforto l\u016bkes\u010dius. \u201eTetrix\u201c lova yra ne tik baldas miegui, bet ir dekoratyvinis elementas, suteiksiantis kambariui modernaus stiliaus. Su ja galite sukurti tobul\u0105 viet\u0105 savo vaikui atsipalaiduoti ir pails\u0117ti.<\/p>\n<p>Prek\u0117s kodas S442-LOZ\/90\/B-DWO Simbolis ZM EAN Ilgis 204,5 cm Plotis 99 cm Auk\u0161tis 95\u201340,5 cm Kolekcija \u201eTetrix\u201c Spalva wotan \u0105\u017euolas Gaubtas \u0161viesi mediena Stilius modernus Miegamoji funkcija su miegam\u0105ja funkcija Miegamoji dalis 90 \u00d7 200 Indas su indu Gamintojas Juoda Raudona Balta Bald\u0173 tipas Lovos PVM mokestis 23% EAN 5906123606370<\/p>","protected":false},"excerpt":{"rendered":"<p>\u201eTetrix\u201c lova \u2013 raktas \u012f sveik\u0105 j\u016bs\u0173 vaiko mieg\u0105. Kiekvieniems t\u0117vams sveikas vaiko miegas yra labai svarbus, tod\u0117l tinkamos lovos pasirinkimas yra pats svarbiausias. \u201eTetrix\u201c lova yra puikus sprendimas vaiko ar paauglio kambariui. \u0160tai kod\u0117l tur\u0117tum\u0117te apsvarstyti \u0161i\u0105 lov\u0105: \u201eTetrix\u201c lova si\u016blo patog\u0173 miegojimo pavir\u0161i\u0173 [\u2026]<\/p>","protected":false},"featured_media":261197,"comment_status":"open","ping_status":"open","template":"","meta":[],"product_brand":[],"product_cat":[9200,505],"product_tag":[],"class_list":{"0":"post-261196","1":"product","2":"type-product","3":"status-publish","4":"has-post-thumbnail","6":"product_cat-black-red-white","7":"product_cat-bedroom-beds","9":"first","10":"instock","11":"purchasable","12":"product-type-simple"},"_links":{"self":[{"href":"https:\/\/baldumarket.lt\/lt\/wp-json\/wp\/v2\/product\/261196","targetHints":{"allow":["GET"]}}],"collection":[{"href":"https:\/\/baldumarket.lt\/lt\/wp-json\/wp\/v2\/product"}],"about":[{"href":"https:\/\/baldumarket.lt\/lt\/wp-json\/wp\/v2\/types\/product"}],"replies":[{"embeddable":true,"href":"https:\/\/baldumarket.lt\/lt\/wp-json\/wp\/v2\/comments?post=261196"}],"wp:featuredmedia":[{"embeddable":true,"href":"https:\/\/baldumarket.lt\/lt\/wp-json\/wp\/v2\/media\/261197"}],"wp:attachment":[{"href":"https:\/\/baldumarket.lt\/lt\/wp-json\/wp\/v2\/media?parent=261196"}],"wp:term":[{"taxonomy":"product_brand","embeddable":true,"href":"https:\/\/baldumarket.lt\/lt\/wp-json\/wp\/v2\/product_brand?post=261196"},{"taxonomy":"product_cat","embeddable":true,"href":"https:\/\/baldumarket.lt\/lt\/wp-json\/wp\/v2\/product_cat?post=261196"},{"taxonomy":"product_tag","embeddable":true,"href":"https:\/\/baldumarket.lt\/lt\/wp-json\/wp\/v2\/product_tag?post=261196"}],"curies":[{"name":"wp","href":"https:\/\/api.w.org\/{rel}","templated":true}]}}