{"id":261164,"date":"2026-01-13T23:07:38","date_gmt":"2026-01-13T20:07:38","guid":{"rendered":"https:\/\/baldumarket.lt\/product\/lozko-180-z-szafkami-nocnymi-kassel-dab-monastery-dab-czarny\/"},"modified":"2026-02-11T18:19:36","modified_gmt":"2026-02-11T15:19:36","slug":"lozko-180-z-szafkami-nocnymi-kassel-dab-monastery-dab-czarny","status":"publish","type":"product","link":"https:\/\/baldumarket.lt\/lt\/product\/lozko-180-z-szafkami-nocnymi-kassel-dab-monastery-dab-czarny\/","title":{"rendered":"Lova 180 su naktiniais staliukais KASSEL vienuolyno \u0105\u017euolas\/juodas \u0105\u017euolas"},"content":{"rendered":"<p>\u201eKassel 180 A\u201c lova \u2013 modernaus miegamojo pagrindas. Verta pamin\u0117ti, kad \u012f lovos kain\u0105 ne\u012fskai\u010diuotas r\u0117mas ir \u010diu\u017einys. Sukurti modern\u0173 miegam\u0105j\u012f dabar ranka pasiekiama. \u201eKassel\u201c kolekcija derina paprast\u0105 form\u0105 su funkcionalumu, sukurdama harmoning\u0105 erdv\u0119, palengvinan\u010di\u0105 kasdien\u012f gyvenim\u0105.<br \/>\nU\u017etikrinkite ramius rytus ir jaukias naktis, pastatydami \u201eKassel\u201c lov\u0105 kaip miegamojo pagrindin\u012f element\u0105. Plati dvigul\u0117 lova (180 \u00d7 200 cm) \u2013 puiki vieta atsipalaiduoti. Pasirinkite tinkam\u0105 r\u0117m\u0105 ir \u010diu\u017ein\u012f pagal savo pageidavimus. Integruoti naktiniai staleliai su prakti\u0161ku stal\u010diumi idealiai tinka smulkiems daiktams laikyti.<br \/>\nAuk\u0161tas, apmu\u0161tas lovos galv\u016bgalis yra ne tik \u012fsp\u016bdingas dekoracijos elementas, bet ir apsaugo pagalv\u0119 nuo kritimo, suteikdamas stabil\u0173 pagrind\u0105 skaitymui vakarais. Taip pat verta d\u0117mesio LED lovos ap\u0161vietimas, kur\u012f galima lengvai \u012fjungti jutikliniu skydeliu.<br \/>\n\u0104\u017euolo spalvos r\u0117m\u0105 papildo juodas apmu\u0161tas galv\u016bgalis. Tamsiai juodo \u0105\u017euolo stal\u010di\u0173 fasadai suteikia elegancijos.<br \/>\nJei j\u016bs\u0173 telefonas tarnauja kaip \u017eadintuvas, \u0161i moderni lova su USB prievadais leis jums \u012fkrauti telefon\u0105, visada j\u012f turint po ranka.<br \/>\nDerindami \u201eKassel\u201c lov\u0105 su spinta, komoda ir lentyna, galite sukurti tobul\u0105, ergonomi\u0161k\u0105 erdv\u0119 savo miegamajame.<\/p>\n<p>Prek\u0117s kodas L99-LOZ\/180\/A-DMON\/DCA Simbolis ZM EAN Ilgis 206 cm Plotis 185-285 cm Auk\u0161tis 42-98,5 cm Kolekcija Kassel Spalva vienuolyno \u0105\u017euolas\/juodas \u0105\u017euolas Atspalvis tamsi mediena Stilius modernus Med\u017eiaga laminatas Miegamoji funkcija su miegam\u0105ja funkcija Miegamoji dalis 180\u00d7200 Indas be indo Ap\u0161vietimas su ap\u0161vietimu Gamintojas Juoda Raudona Balta Bald\u0173 tipas Lovos PVM 23% EAN 5906123604505<\/p>","protected":false},"excerpt":{"rendered":"<p>\u201eKassel 180 A\u201c lova \u2013 modernaus miegamojo pagrindas. Verta pamin\u0117ti, kad \u012f lovos kain\u0105 ne\u012fskai\u010diuotas r\u0117mas ir \u010diu\u017einys. Susikurti modern\u0173 miegam\u0105j\u012f dabar ranka pasiekiama. \u201eKassel\u201c kolekcija derina paprast\u0105 form\u0105 su funkcionalumu, sukurdama harmoning\u0105 erdv\u0119, kuri palengvina kasdien\u012f gyvenim\u0105. U\u017etikrinkite ramyb\u0119 [\u2026]<\/p>","protected":false},"featured_media":261165,"comment_status":"open","ping_status":"open","template":"","meta":[],"product_brand":[],"product_cat":[9200,505],"product_tag":[],"class_list":{"0":"post-261164","1":"product","2":"type-product","3":"status-publish","4":"has-post-thumbnail","6":"product_cat-black-red-white","7":"product_cat-bedroom-beds","9":"first","10":"instock","11":"purchasable","12":"product-type-simple"},"_links":{"self":[{"href":"https:\/\/baldumarket.lt\/lt\/wp-json\/wp\/v2\/product\/261164","targetHints":{"allow":["GET"]}}],"collection":[{"href":"https:\/\/baldumarket.lt\/lt\/wp-json\/wp\/v2\/product"}],"about":[{"href":"https:\/\/baldumarket.lt\/lt\/wp-json\/wp\/v2\/types\/product"}],"replies":[{"embeddable":true,"href":"https:\/\/baldumarket.lt\/lt\/wp-json\/wp\/v2\/comments?post=261164"}],"wp:featuredmedia":[{"embeddable":true,"href":"https:\/\/baldumarket.lt\/lt\/wp-json\/wp\/v2\/media\/261165"}],"wp:attachment":[{"href":"https:\/\/baldumarket.lt\/lt\/wp-json\/wp\/v2\/media?parent=261164"}],"wp:term":[{"taxonomy":"product_brand","embeddable":true,"href":"https:\/\/baldumarket.lt\/lt\/wp-json\/wp\/v2\/product_brand?post=261164"},{"taxonomy":"product_cat","embeddable":true,"href":"https:\/\/baldumarket.lt\/lt\/wp-json\/wp\/v2\/product_cat?post=261164"},{"taxonomy":"product_tag","embeddable":true,"href":"https:\/\/baldumarket.lt\/lt\/wp-json\/wp\/v2\/product_tag?post=261164"}],"curies":[{"name":"wp","href":"https:\/\/api.w.org\/{rel}","templated":true}]}}