{"id":261156,"date":"2026-01-13T23:07:32","date_gmt":"2026-01-13T20:07:32","guid":{"rendered":"https:\/\/baldumarket.lt\/product\/lozko-180-z-pojemnikiem-i-szafkami-nocnymi-kassel-dab-monastery-dab-czarny\/"},"modified":"2026-02-11T18:19:37","modified_gmt":"2026-02-11T15:19:37","slug":"lozko-180-z-pojemnikiem-i-szafkami-nocnymi-kassel-dab-monastery-dab-czarny","status":"publish","type":"product","link":"https:\/\/baldumarket.lt\/lt\/product\/lozko-180-z-pojemnikiem-i-szafkami-nocnymi-kassel-dab-monastery-dab-czarny\/","title":{"rendered":"Lova 180 su daiktad\u0117\u017ee ir naktiniais staliukais KASSEL vienuolyno \u0105\u017euolas\/juodas \u0105\u017euolas"},"content":{"rendered":"<p>\u201eKassel 180 B\u201c lova \u2013 komfortas, kur\u012f palaiko funkcionalumas. Verta pamin\u0117ti, kad \u012f lovos kain\u0105 \u010diu\u017einys ne\u012fskai\u010diuotas. \u201eKassel\u201c kolekcija atspindi modern\u0173 stili\u0173, kuriame paprasta forma dera su funkcionalumu. Nesvarbu, ar j\u0105 pastatysite miegamojo centre, ar prie sienos, \u201eKassel\u201c dvigul\u0117 lova atrodo i\u0161skirtinai. Erdvi miegamoji dalis (180 \u00d7 200 cm) \u2013 puiki vieta atsipalaiduoti, juolab kad komplekte yra dujinio pak\u0117limo r\u0117mas ir patalyn\u0117s skyrius. \u010ciu\u017einio pasirinkim\u0105 paliekame jums. Be to, integruoti naktiniai staleliai leid\u017eia patogiai laikyti \u017eadintuv\u0105 ir stiklin\u0119 vandens. Auk\u0161tas galv\u016bgalis su patraukliu dygsniuotu apmu\u0161alu yra ne tik vizualiai patrauklus, bet ir suteikia patogi\u0105 nugaros atram\u0105 vakare skaitant. LED naktinis ap\u0161vietimas, valdomas jutikliniu skydeliu, ap\u0161vie\u010dia knygos puslapius.<\/p>\n<p>\u0104\u017euolo spalvos korpus\u0105 papildo juodas apmu\u0161tas galv\u016bgalis ir juodo \u0105\u017euolo stal\u010di\u0173 fasadai. Naktis \u2013 puiki proga \u012fkrauti telefon\u0105. D\u0117l lovoje \u012fmontuot\u0173 USB prievad\u0173 galite prijungti telefon\u0105, kad jis visada b\u016bt\u0173 po ranka. Derindami \u201eKassel\u201c lov\u0105 su kitais kolekcijos elementais, galite sukurti darn\u0173 ir funkcional\u0173 miegamojo i\u0161d\u0117stym\u0105.<\/p>\n<p>Prek\u0117s kodas L99-LOZ\/180\/B-DMON\/DCA Simbolis ZM EAN Ilgis 206 cm Plotis 185-285 cm Auk\u0161tis 42-98,5 cm Kolekcija Kassel Spalva vienuolyno \u0105\u017euolas\/juodas \u0105\u017euolas Atspalvis tamsi mediena Stilius modernus Med\u017eiaga laminatas Miegamoji funkcija su miegam\u0105ja funkcija Miegamoji dalis 180\u00d7200 Indas su indu Ap\u0161vietimas su ap\u0161vietimu Gamintojas Juoda Raudona Balta Bald\u0173 tipas Lovos PVM mokestis 23% EAN 5906123604529<\/p>","protected":false},"excerpt":{"rendered":"<p>\u201eKassel 180 B\u201c lova \u2013 komfortas, kur\u012f palaiko funkcionalumas. Verta pamin\u0117ti, kad \u012f lovos kain\u0105 \u010diu\u017einys ne\u012fskai\u010diuotas. \u201eKassel\u201c kolekcija atspindi modern\u0173 stili\u0173, kuriame paprasta forma derinama su funkcionalumu. Nesvarbu, ar j\u0105 pastatysite miegamojo centre, ar prie sienos, \u201eKassel\u201c dvigul\u0117 lova atrodo [\u2026]<\/p>","protected":false},"featured_media":261157,"comment_status":"open","ping_status":"open","template":"","meta":[],"product_brand":[],"product_cat":[9200,505],"product_tag":[],"class_list":{"0":"post-261156","1":"product","2":"type-product","3":"status-publish","4":"has-post-thumbnail","6":"product_cat-black-red-white","7":"product_cat-bedroom-beds","9":"first","10":"instock","11":"purchasable","12":"product-type-simple"},"_links":{"self":[{"href":"https:\/\/baldumarket.lt\/lt\/wp-json\/wp\/v2\/product\/261156","targetHints":{"allow":["GET"]}}],"collection":[{"href":"https:\/\/baldumarket.lt\/lt\/wp-json\/wp\/v2\/product"}],"about":[{"href":"https:\/\/baldumarket.lt\/lt\/wp-json\/wp\/v2\/types\/product"}],"replies":[{"embeddable":true,"href":"https:\/\/baldumarket.lt\/lt\/wp-json\/wp\/v2\/comments?post=261156"}],"wp:featuredmedia":[{"embeddable":true,"href":"https:\/\/baldumarket.lt\/lt\/wp-json\/wp\/v2\/media\/261157"}],"wp:attachment":[{"href":"https:\/\/baldumarket.lt\/lt\/wp-json\/wp\/v2\/media?parent=261156"}],"wp:term":[{"taxonomy":"product_brand","embeddable":true,"href":"https:\/\/baldumarket.lt\/lt\/wp-json\/wp\/v2\/product_brand?post=261156"},{"taxonomy":"product_cat","embeddable":true,"href":"https:\/\/baldumarket.lt\/lt\/wp-json\/wp\/v2\/product_cat?post=261156"},{"taxonomy":"product_tag","embeddable":true,"href":"https:\/\/baldumarket.lt\/lt\/wp-json\/wp\/v2\/product_tag?post=261156"}],"curies":[{"name":"wp","href":"https:\/\/api.w.org\/{rel}","templated":true}]}}