{"id":261140,"date":"2026-01-13T23:07:18","date_gmt":"2026-01-13T20:07:18","guid":{"rendered":"https:\/\/baldumarket.lt\/product\/lozko-180-saturn-dab-artisan-grafit\/"},"modified":"2026-02-11T18:19:37","modified_gmt":"2026-02-11T15:19:37","slug":"lozko-180-saturn-dab-artisan-grafit","status":"publish","type":"product","link":"https:\/\/baldumarket.lt\/lt\/product\/lozko-180-saturn-dab-artisan-grafit\/","title":{"rendered":"Lova 180 SATURN meni\u0161ko \u0105\u017euolo\/grafito spalvos"},"content":{"rendered":"<p>\u201eSaturn 180\u201c lova \u2013 gera J\u016bs\u0173 miegui. Miegas \u2013 tai kelion\u0117 \u012f m\u016bs\u0173 sapn\u0173 gelmes, o tinkama lova \u2013 tarsi palydovas, kuris kiekvien\u0105 nakt\u012f lydi mus \u0161ioje magi\u0161koje kelion\u0117je. \u201eSaturn 180\u201c lova \u2013 tai ne tik vieta miegoti; tai palydovas, tarnaujantis J\u016bs\u0173 miegui, si\u016blantis ne tik komfort\u0105, bet ir modern\u0173 dizain\u0105 bei prakti\u0161kus sprendimus. Lovos r\u0117mas pagamintas i\u0161 tvirtos 22 mm storio med\u017eio dro\u017eli\u0173 plok\u0161t\u0117s, u\u017etikrinan\u010dios patvarum\u0105 ir konstrukcijos stabilum\u0105. Lovos priekis, pagamintas i\u0161 16 mm storio med\u017eio dro\u017eli\u0173 plok\u0161t\u0117s, yra \u012fvairi\u0173 spalv\u0173: baltos, matin\u0117s baltos\/grafito, meni\u0161ko \u0105\u017euolo\/baltos, meni\u0161ko \u0105\u017euolo\/grafito ir tamsaus v\u0117liav\u0117l\u0117s \u0105\u017euolo\/grafito. Tai leid\u017eia pritaikyti lov\u0105 pagal individualius pageidavimus ir interjero stili\u0173. Trys stal\u010diai yra ne tik prakti\u0161kas daikt\u0173 laikymo sprendimas, bet ir elementas, padedantis palaikyti tvark\u0105 miegamajame. J\u0173 d\u0117ka kasdieniai b\u016btiniausi daiktai visada yra ranka pasiekiami, ta\u010diau pasl\u0117pti nematomoje vietoje. Tai puikus sprendimas tiems, kurie vertina funkcionalum\u0105 ir estetik\u0105 viename. LED ap\u0161vietimas yra dar vienas \u201eSaturn\u201c lovos privalumas, suteikiantis jai modern\u0173 ir stiling\u0105 charakter\u012f. Subtilus ap\u0161vietimas paver\u010dia lov\u0105 ne tik vieta miegoti, bet ir dizaino elementu. \u0160i subtili \u0161viesa lydi jus atsipalaidavimo ir poilsio akimirkomis. Trumpai tariant, \u201eSaturn 180\u201c lova yra ne tik baldas miegui; tai palydovas, tarnaujantis j\u016bs\u0173 miegui, u\u017etikrinantis ne tik komfort\u0105, bet ir estetik\u0105 bei funkcionalum\u0105. Modernus dizainas, spalv\u0173 \u012fvairov\u0117, stal\u010diai daiktams susid\u0117ti ir LED ap\u0161vietimas paver\u010dia mieg\u0105 nepamir\u0161tama patirtimi kiekvien\u0105 nakt\u012f. Atraskite magi\u0161k\u0105 miego pasaul\u012f su \u201eSaturn 180\u201c lova!<\/p>\n<p>Prek\u0117s kodas L141-LOZ3S\/180-DASN\/GF Simbolis ZM EAN Ilgis 216 cm Plotis 185 cm Auk\u0161tis 97 cm Kolekcija Saturn Spalva meni\u0161kas \u0105\u017euolas\/grafitas Gaubtas \u0161viesi mediena Stilius modernus Med\u017eiaga laminatas Miegamoji funkcija su miegam\u0105ja funkcija Miegamoji dalis 180\u00d7200 Indas su indu Gamintojas Juoda Raudona Balta Bald\u0173 tipas Lovos PVM 23% EAN 5906123604000<\/p>","protected":false},"excerpt":{"rendered":"<p>\u201eSaturn 180\u201c lova \u2013 gera j\u016bs\u0173 miegui. Miegas \u2013 tai kelion\u0117 \u012f m\u016bs\u0173 sapn\u0173 gelmes, o tinkama lova \u2013 tarsi palydovas, kuris kiekvien\u0105 nakt\u012f lydi mus \u0161ioje magi\u0161koje kelion\u0117je. \u201eSaturn 180\u201c lova \u2013 tai ne tik vieta miegoti; tai palydovas, tarnaujantis j\u016bs\u0173 miegui, si\u016blantis ne tik [\u2026]<\/p>","protected":false},"featured_media":261141,"comment_status":"open","ping_status":"open","template":"","meta":[],"product_brand":[],"product_cat":[9200,505],"product_tag":[],"class_list":{"0":"post-261140","1":"product","2":"type-product","3":"status-publish","4":"has-post-thumbnail","6":"product_cat-black-red-white","7":"product_cat-bedroom-beds","9":"first","10":"instock","11":"purchasable","12":"product-type-simple"},"_links":{"self":[{"href":"https:\/\/baldumarket.lt\/lt\/wp-json\/wp\/v2\/product\/261140","targetHints":{"allow":["GET"]}}],"collection":[{"href":"https:\/\/baldumarket.lt\/lt\/wp-json\/wp\/v2\/product"}],"about":[{"href":"https:\/\/baldumarket.lt\/lt\/wp-json\/wp\/v2\/types\/product"}],"replies":[{"embeddable":true,"href":"https:\/\/baldumarket.lt\/lt\/wp-json\/wp\/v2\/comments?post=261140"}],"wp:featuredmedia":[{"embeddable":true,"href":"https:\/\/baldumarket.lt\/lt\/wp-json\/wp\/v2\/media\/261141"}],"wp:attachment":[{"href":"https:\/\/baldumarket.lt\/lt\/wp-json\/wp\/v2\/media?parent=261140"}],"wp:term":[{"taxonomy":"product_brand","embeddable":true,"href":"https:\/\/baldumarket.lt\/lt\/wp-json\/wp\/v2\/product_brand?post=261140"},{"taxonomy":"product_cat","embeddable":true,"href":"https:\/\/baldumarket.lt\/lt\/wp-json\/wp\/v2\/product_cat?post=261140"},{"taxonomy":"product_tag","embeddable":true,"href":"https:\/\/baldumarket.lt\/lt\/wp-json\/wp\/v2\/product_tag?post=261140"}],"curies":[{"name":"wp","href":"https:\/\/api.w.org\/{rel}","templated":true}]}}