{"id":261105,"date":"2026-01-13T23:06:46","date_gmt":"2026-01-13T20:06:46","guid":{"rendered":"https:\/\/baldumarket.lt\/product\/lozko-180-gent-196-cm-dab-stirling\/"},"modified":"2026-02-11T18:19:38","modified_gmt":"2026-02-11T15:19:38","slug":"lozko-180-gent-196-cm-dab-stirling","status":"publish","type":"product","link":"https:\/\/baldumarket.lt\/lt\/product\/lozko-180-gent-196-cm-dab-stirling\/","title":{"rendered":"Lova 180 GENT 196 cm \u0105\u017euolo spalvos"},"content":{"rendered":"<p>\u201eGent 180\u201c lova \u2013 karali\u0161kas atsipalaidavimas. \u201eGent\u201c kolekcija \u2013 tikra klasikinio stiliaus ir elegancijos oaz\u0117, o \u201eGent 180\u201c lova \u2013 puikus bald\u0173 pavyzdys, kuris ne tik u\u017etikrina patog\u0173 mieg\u0105, bet ir suteikia j\u016bs\u0173 miegamajam \u017eavesio bei rafinuotumo. Leiskite man parodyti jums visus \u0161ios karali\u0161kos lovos privalumus. 180 cm plo\u010dio \u201eGent\u201c lova \u2013 idealus pasirinkimas dideliam miegamajam, kuriame galima panaudoti daug erdv\u0117s patogiam miegui. Ta\u010diau ma\u017eesniuose, amerikieti\u0161ko stiliaus interjeruose \u0161i lova gali b\u016bti ir pagrindinis kambario akcentas. Svarbu pasirinkti tinkam\u0105 \u010diu\u017ein\u012f ir r\u0117m\u0105, kad b\u016bt\u0173 u\u017etikrintas auk\u0161\u010diausias miego komforto lygis. \u201eGent\u201c lova \u2013 puiki vieta prad\u0117ti ir baigti dien\u0105, kupina ramyb\u0117s ir komforto. Tai taip pat puiki lova dviem, kur kiekvienas partneris ras pakankamai vietos nakties poilsiui. Auk\u0161tas galv\u016bgalis atlieka ne tik dekoratyvin\u0119, bet ir prakti\u0161k\u0105 funkcij\u0105, nes neleid\u017eia pagalv\u0117ms nukristi. Tai taip pat puiki vieta skaityti knyg\u0105 ar \u017ei\u016br\u0117ti televizori\u0173 su visa \u0161eima. \u0160ilta Stirlingo \u0105\u017euolo spalva leid\u017eia sukurti jauki\u0105 miegamojo aplink\u0105, kurioje vyrauja poilsis. Matoma medienos tekst\u016bra ir ra\u0161tas suteikia klasikin\u012f ir eleganti\u0161k\u0105 akcent\u0105, kuris prad\u017eiugins tradicinio stiliaus m\u0117g\u0117jus. Tvirtos kojel\u0117s suteikia baldams tvirt\u0105 pagrind\u0105, u\u017etikrindamos stabilum\u0105 ir ilgaam\u017ei\u0161kum\u0105. Tai papildomas privalumas, pabr\u0117\u017eiantis meistri\u0161kumo kokyb\u0119. \u201eGent\u201c kolekcija si\u016blo plat\u0173 element\u0173 pasirinkim\u0105, kuriuos galima derinti, siekiant sukurti darn\u0173 ir harmoning\u0105 dizain\u0105 visame bute. Tai puikus sprendimas, jei norite i\u0161laikyti nuosekl\u0173 stili\u0173 visame interjere. Atkreipkite d\u0117mes\u012f, kad \u012f lovos kain\u0105 ne\u012fskai\u010diuotas r\u0117mas ir \u010diu\u017einys. Tod\u0117l prie\u0161 pirkdami \u012fsitikinkite, kad turite reikiam\u0105 \u012frang\u0105 patogiam miegui u\u017etikrinti. Trumpai tariant, 180 \u201eGent\u201c lova yra baldas, kuris suteiks karali\u0161k\u0105 poils\u012f j\u016bs\u0173 miegamajame. Jos plotis, auk\u0161tas galv\u016bgalis, eleganti\u0161kas dizainas ir galimyb\u0117 derinti su kitais \u201eGent\u201c kolekcijos elementais yra savyb\u0117s, d\u0117l kuri\u0173 ji puikiai papildys j\u016bs\u0173 miegamojo erdv\u0119.<\/p>\n<p>Prek\u0117s kodas S228-LOZ\/180-DAST Simbolis ZM EAN Ilgis 206 cm Plotis 196 cm Auk\u0161tis 34-80 cm Kolekcija Gent Spalva stirling \u0105\u017euolas Atspalvis tamsi mediena Stilius modernus Miegamoji funkcija su miegam\u0105ja funkcija Miegamoji dalis 180\u00d7200 Indas be indo Gamintojas Juoda Raudona Balta Bald\u0173 tipas Lovos PVM mokestis 23% EAN 5906123922869<\/p>","protected":false},"excerpt":{"rendered":"<p>\u201eGent 180\u201c lova \u2013 karali\u0161kas atsipalaidavimas. \u201eGent\u201c kolekcija \u2013 tikra klasikinio stiliaus ir elegancijos oaz\u0117, o \u201eGent 180\u201c lova \u2013 puikus bald\u0173 pavyzdys, kuris ne tik u\u017etikrina patog\u0173 mieg\u0105, bet ir suteikia j\u016bs\u0173 miegamajam \u017eavesio bei rafinuotumo. Leiskite man parodyti jums visus [\u2026] privalumus.<\/p>","protected":false},"featured_media":261106,"comment_status":"open","ping_status":"open","template":"","meta":[],"product_brand":[],"product_cat":[9200,505],"product_tag":[],"class_list":{"0":"post-261105","1":"product","2":"type-product","3":"status-publish","4":"has-post-thumbnail","6":"product_cat-black-red-white","7":"product_cat-bedroom-beds","9":"first","10":"instock","11":"purchasable","12":"product-type-simple"},"_links":{"self":[{"href":"https:\/\/baldumarket.lt\/lt\/wp-json\/wp\/v2\/product\/261105","targetHints":{"allow":["GET"]}}],"collection":[{"href":"https:\/\/baldumarket.lt\/lt\/wp-json\/wp\/v2\/product"}],"about":[{"href":"https:\/\/baldumarket.lt\/lt\/wp-json\/wp\/v2\/types\/product"}],"replies":[{"embeddable":true,"href":"https:\/\/baldumarket.lt\/lt\/wp-json\/wp\/v2\/comments?post=261105"}],"wp:featuredmedia":[{"embeddable":true,"href":"https:\/\/baldumarket.lt\/lt\/wp-json\/wp\/v2\/media\/261106"}],"wp:attachment":[{"href":"https:\/\/baldumarket.lt\/lt\/wp-json\/wp\/v2\/media?parent=261105"}],"wp:term":[{"taxonomy":"product_brand","embeddable":true,"href":"https:\/\/baldumarket.lt\/lt\/wp-json\/wp\/v2\/product_brand?post=261105"},{"taxonomy":"product_cat","embeddable":true,"href":"https:\/\/baldumarket.lt\/lt\/wp-json\/wp\/v2\/product_cat?post=261105"},{"taxonomy":"product_tag","embeddable":true,"href":"https:\/\/baldumarket.lt\/lt\/wp-json\/wp\/v2\/product_tag?post=261105"}],"curies":[{"name":"wp","href":"https:\/\/api.w.org\/{rel}","templated":true}]}}