{"id":261097,"date":"2026-01-13T23:06:39","date_gmt":"2026-01-13T20:06:39","guid":{"rendered":"https:\/\/baldumarket.lt\/product\/lozko-160-zele-dab-wotan\/"},"modified":"2026-02-11T18:19:38","modified_gmt":"2026-02-11T15:19:38","slug":"lozko-160-zele-dab-wotan","status":"publish","type":"product","link":"https:\/\/baldumarket.lt\/lt\/product\/lozko-160-zele-dab-wotan\/","title":{"rendered":"Lova 160 ZELE \u0105\u017euolo spalvos wotan"},"content":{"rendered":"<p>\u201eZele 160\u201c lova \u2013 modernaus miegamojo \u0161irdis. Jei norite susikurti modern\u0173 miegam\u0105j\u012f, kuriame form\u0173 paprastumas dera su komfortu, \u201eZele 160\u201c lova yra puikus pasirinkimas. Tai j\u016bs\u0173 atsipalaidavimo centras, i\u0161siskiriantis \u201eZele\u201c kolekcijoje. 160 \u00d7 200 cm dyd\u017eio \u201eZele\u201c lova puikiai tinka poroms, kurios vertina komfort\u0105 ir erdv\u0119 miegant. Didelis miegojimo pavir\u0161ius leid\u017eia atsigaivinti ir u\u017etikrina patog\u0173 nakties mieg\u0105. Tinkamo \u010diu\u017einio, pritaikyto individualiems poreikiams, pasirinkimas yra dar geresnio poilsio raktas. \u017demas, bet prakti\u0161kas \u201eZele\u201c lovos galv\u016bgalis yra ne tik dekoratyvinis elementas, bet ir apsaugo sien\u0105 nuo d\u0117mi\u0173. Be to, jums nebereik\u0117s nerimauti, kad pagalv\u0117s slys, nes galv\u016bgalis veiksmingai juos sustabdo. \u201eZele\u201c lovos r\u0117mas pagamintas i\u0161 \u0161iltos Wotano \u0105\u017euolo medienos su matomais ra\u0161tais. Tai suteikia miegamajam nat\u016bralumo ir jaukumo, sukurdama puiki\u0105 viet\u0105 atsipalaiduoti. \u201eZele\u201c kolekcija suteikia jums galimyb\u0119 sukurti darn\u0173 interjero dizain\u0105. Lov\u0105 galite derinti su kitais kolekcijos elementais, tokiais kaip komoda, kavos staliukas ar spintel\u0117, ir sukurti ergonomi\u0161k\u0105 miegamojo erdv\u0119, atspindin\u010di\u0105 j\u016bs\u0173 individual\u0173 stili\u0173. Trumpai tariant, 160 Zele lova yra modernaus miegamojo \u0161irdis. Minimalistinio dizaino, prakti\u0161k\u0173 element\u0173 ir lanks\u010di\u0173 i\u0161d\u0117stymo galimybi\u0173 d\u0117ka ji taps j\u016bs\u0173 miegojimo erdv\u0117s traukos centru. I\u0161bandykite ir pamatysite, kiek ji gali pagerinti j\u016bs\u0173 miego kokyb\u0119 ir miegamojo i\u0161vaizd\u0105.<\/p>\n<p>Prek\u0117s kodas S383-LOZ\/160-DWO Simbolis ZM EAN Ilgis 204,5 cm Plotis 165 cm Auk\u0161tis 85,5 cm Kolekcija Zele Spalva wotan \u0105\u017euolas Gaubtas \u0161viesi mediena Stilius modernus Med\u017eiaga laminatas Miegamoji funkcija su miegam\u0105ja funkcija Miegamoji dalis 160\u00d7200 Indas be indo Gamintojas Juoda Raudona Balta Bald\u0173 tipas Lovos PVM 23% EAN 5906123928670<\/p>","protected":false},"excerpt":{"rendered":"<p>\u201eZele 160\u201c lova \u2013 modernaus miegamojo \u0161irdis. Jei norite susikurti modern\u0173 miegam\u0105j\u012f, kuriame form\u0173 paprastumas dera su komfortu, \u201eZele 160\u201c lova yra puikus pasirinkimas. Tai j\u016bs\u0173 atsipalaidavimo centras, i\u0161siskiriantis \u201eZele\u201c kolekcijoje. \u201eZele\u201c lova, kurios matmenys [\u2026]<\/p>","protected":false},"featured_media":261098,"comment_status":"open","ping_status":"open","template":"","meta":[],"product_brand":[],"product_cat":[9200,505],"product_tag":[],"class_list":{"0":"post-261097","1":"product","2":"type-product","3":"status-publish","4":"has-post-thumbnail","6":"product_cat-black-red-white","7":"product_cat-bedroom-beds","9":"first","10":"instock","11":"purchasable","12":"product-type-simple"},"_links":{"self":[{"href":"https:\/\/baldumarket.lt\/lt\/wp-json\/wp\/v2\/product\/261097","targetHints":{"allow":["GET"]}}],"collection":[{"href":"https:\/\/baldumarket.lt\/lt\/wp-json\/wp\/v2\/product"}],"about":[{"href":"https:\/\/baldumarket.lt\/lt\/wp-json\/wp\/v2\/types\/product"}],"replies":[{"embeddable":true,"href":"https:\/\/baldumarket.lt\/lt\/wp-json\/wp\/v2\/comments?post=261097"}],"wp:featuredmedia":[{"embeddable":true,"href":"https:\/\/baldumarket.lt\/lt\/wp-json\/wp\/v2\/media\/261098"}],"wp:attachment":[{"href":"https:\/\/baldumarket.lt\/lt\/wp-json\/wp\/v2\/media?parent=261097"}],"wp:term":[{"taxonomy":"product_brand","embeddable":true,"href":"https:\/\/baldumarket.lt\/lt\/wp-json\/wp\/v2\/product_brand?post=261097"},{"taxonomy":"product_cat","embeddable":true,"href":"https:\/\/baldumarket.lt\/lt\/wp-json\/wp\/v2\/product_cat?post=261097"},{"taxonomy":"product_tag","embeddable":true,"href":"https:\/\/baldumarket.lt\/lt\/wp-json\/wp\/v2\/product_tag?post=261097"}],"curies":[{"name":"wp","href":"https:\/\/api.w.org\/{rel}","templated":true}]}}