{"id":261089,"date":"2026-01-13T23:06:33","date_gmt":"2026-01-13T20:06:33","guid":{"rendered":"https:\/\/baldumarket.lt\/product\/lozko-160-z-szuflada-hesen-170-cm-grafit-dab-artisan\/"},"modified":"2026-02-11T18:19:38","modified_gmt":"2026-02-11T15:19:38","slug":"lozko-160-z-szuflada-hesen-170-cm-grafit-dab-artisan","status":"publish","type":"product","link":"https:\/\/baldumarket.lt\/lt\/product\/lozko-160-z-szuflada-hesen-170-cm-grafit-dab-artisan\/","title":{"rendered":"Lova 160 su stal\u010diumi HESEN 170 cm grafito spalvos\/artisan \u0105\u017euolo spalvos"},"content":{"rendered":"<p>\u201eHesen\u201c lova \u2013 tobula poilsio zona miegamajame. \u201eHesen\u201c kolekcijoje derinamos prislopintos spalvos ir eleganti\u0161kos, paprastos formos, suteikian\u010dios interjerui raminant\u012f charakter\u012f, neprarandant jo \u017eavesio. Miegamasis yra vieta, kur ilsit\u0117s ir pasikrausite j\u0117g\u0173, tod\u0117l svarbu pasir\u016bpinti patogia ir funkcionalia lova. \u201eHesen\u201c lova \u2013 puikus pasirinkimas tiems, kurie vertina patog\u0173 mieg\u0105 ir stiling\u0105 interjer\u0105. \u0160i 160 x 200 cm dyd\u017eio dvigul\u0117 lova u\u017etikrina patog\u0173 mieg\u0105 dviem suaugusiesiems. Ji pasi\u017eymi auk\u0161tu galv\u016bgaliu, kuris ne tik suteikia elegancijos, bet ir neleid\u017eia antklodei bei pagalv\u0117ms slysti. Galv\u016bgalis taip pat gali b\u016bti naudojamas kaip patogus atlo\u0161as skaitant ar \u017ei\u016brint televizori\u0173 miegamajame. \u201eHesen\u201c lovos spalv\u0173 gama yra harmoninga ir rami. Grafito form\u0105 papildo dirbtinio \u0105\u017euolo vir\u0161utin\u0117s grotel\u0117s, suteikian\u010dios baldui unikal\u0173 charakter\u012f. Antrasis spalv\u0173 variantas \u2013 \u0161viesaus Sibiu maumed\u017eio r\u0117mas su Larico pu\u0161ies grotel\u0117mis. Subtilus frezavimas suteikia lovai subtilumo ir stiliaus. \u012e kain\u0105 ne\u012fskai\u010diuotas r\u0117mas ir \u010diu\u017einys, tod\u0117l galite pasirinkti elementus, kurie geriausiai atitinka j\u016bs\u0173 miego poreikius ir pageidavimus. Su \u201eHesen\u201c lova galite susikurti tobul\u0105 poilsio zon\u0105 savo miegamajame.<\/p>\n<p>Prek\u0117s kodas S515-LOZ1S\/160-GF\/DASN Simbolis ZM EAN Ilgis 206 cm Plotis 170 cm Auk\u0161tis 95 cm Kolekcija Hesen Spalva grafito\/artisan \u0105\u017euolo Grafito atspalvis Skandinavi\u0161ko stiliaus Miegamoji funkcija su miegojimo funkcija Miegamoji dalis 160\u00d7200 Indas su indu Stal\u010di\u0173 skai\u010dius 1 stal\u010dius Gamintojas Juoda Raudona Balta Bald\u0173 tipas Lovos PVM mokestis 23% EAN 5906123812306<\/p>","protected":false},"excerpt":{"rendered":"<p>\u201eHesen\u201c lova \u2013 tobula poilsio zona miegamajame. \u201eHesen\u201c kolekcijoje derinamos prislopintos spalvos ir eleganti\u0161kos, paprastos formos, suteikian\u010dios interjerui raminant\u012f charakter\u012f, neprarandant jo patrauklumo. Miegamasis yra vieta, kur ilsit\u0117s ir pasikraunate j\u0117g\u0173, tod\u0117l svarbu pasir\u016bpinti patogia ir funkcionalia lova. [\u2026]<\/p>","protected":false},"featured_media":261090,"comment_status":"open","ping_status":"open","template":"","meta":[],"product_brand":[],"product_cat":[9200,505],"product_tag":[],"class_list":{"0":"post-261089","1":"product","2":"type-product","3":"status-publish","4":"has-post-thumbnail","6":"product_cat-black-red-white","7":"product_cat-bedroom-beds","9":"first","10":"instock","11":"purchasable","12":"product-type-simple"},"_links":{"self":[{"href":"https:\/\/baldumarket.lt\/lt\/wp-json\/wp\/v2\/product\/261089","targetHints":{"allow":["GET"]}}],"collection":[{"href":"https:\/\/baldumarket.lt\/lt\/wp-json\/wp\/v2\/product"}],"about":[{"href":"https:\/\/baldumarket.lt\/lt\/wp-json\/wp\/v2\/types\/product"}],"replies":[{"embeddable":true,"href":"https:\/\/baldumarket.lt\/lt\/wp-json\/wp\/v2\/comments?post=261089"}],"wp:featuredmedia":[{"embeddable":true,"href":"https:\/\/baldumarket.lt\/lt\/wp-json\/wp\/v2\/media\/261090"}],"wp:attachment":[{"href":"https:\/\/baldumarket.lt\/lt\/wp-json\/wp\/v2\/media?parent=261089"}],"wp:term":[{"taxonomy":"product_brand","embeddable":true,"href":"https:\/\/baldumarket.lt\/lt\/wp-json\/wp\/v2\/product_brand?post=261089"},{"taxonomy":"product_cat","embeddable":true,"href":"https:\/\/baldumarket.lt\/lt\/wp-json\/wp\/v2\/product_cat?post=261089"},{"taxonomy":"product_tag","embeddable":true,"href":"https:\/\/baldumarket.lt\/lt\/wp-json\/wp\/v2\/product_tag?post=261089"}],"curies":[{"name":"wp","href":"https:\/\/api.w.org\/{rel}","templated":true}]}}