{"id":261077,"date":"2026-01-13T23:06:21","date_gmt":"2026-01-13T20:06:21","guid":{"rendered":"https:\/\/baldumarket.lt\/product\/lozko-160-z-pojemnikiem-ruso-dab-april-perlowy-polysk\/"},"modified":"2026-02-11T18:19:38","modified_gmt":"2026-02-11T15:19:38","slug":"lozko-160-z-pojemnikiem-ruso-dab-april-perlowy-polysk","status":"publish","type":"product","link":"https:\/\/baldumarket.lt\/lt\/product\/lozko-160-z-pojemnikiem-ruso-dab-april-perlowy-polysk\/","title":{"rendered":"Lova 160 su daiktad\u0117\u017ee RUSO \u0105\u017euolo balandin\u0117s spalvos\/perlamutrin\u0117s spalvos"},"content":{"rendered":"<p>\u201eRuso\u201c lova \u2013 raktas \u012f ger\u0105 nakties mieg\u0105. Be jokios abejon\u0117s, lova yra bet kurio miegamojo pagrindinis elementas, darantis didel\u0119 \u012ftak\u0105 m\u016bs\u0173 miego kokybei ir komfortui. Jei ie\u0161kote tinkamo modelio, kuris atitikt\u0173 j\u016bs\u0173 l\u016bkes\u010dius, \u201eRuso\u201c lova gali b\u016bti puikus pasirinkimas. \u0160tai kelios prie\u017eastys, kod\u0117l tur\u0117tum\u0117te apsvarstyti \u0161i\u0105 lov\u0105: \u201eRuso\u201c lova atspindi tvirt\u0105 stili\u0173, kuris suteikia elegancijos ir unikalaus charakterio bet kuriam miegamajam. Ji puikiai tinka tiek dvivie\u010diams vie\u0161bu\u010dio kambariams, tiek pagrindiniam miegamajam. \u201eRuso\u201c lovos pakeliamas r\u0117mas leid\u017eia lengvai pasiekti patalyn\u0117s skyri\u0173 \u2013 tai prakti\u0161kas sprendimas laikyti papildomas antklodes, pagalves ir patalyn\u0119. Lova, kurios miegojimo plotas yra 160 x 200 cm, suteikia pakankamai vietos dviem \u017emon\u0117ms patogiai miegoti. Taip pat svarbu pasirinkti tinkam\u0105 \u010diu\u017ein\u012f, atsi\u017evelgiant \u012f j\u016bs\u0173 svor\u012f ir kietumo pageidavimus. \u201eApril\u201c \u0105\u017euolo lovos r\u0117mas puikiai dera su tamsiai matin\u0117s juodos spalvos galv\u016bgaliu. \u0160is kontrastingas spalv\u0173 derinys suteikia \u201eRuso\u201c lovai elegancijos ir modernumo. Lova tiekiama su lavos spalvos matini\u0173 groteli\u0173 pagrindu, kur\u012f galima montuoti prie galv\u016bgalio. \u0160i detal\u0117 suteikia baldui unikali\u0105 i\u0161vaizd\u0105. Be to, pakeliamas r\u0117mas ir reguliuojami vyriai u\u017etikrina komfort\u0105. \u201eRuso\u201c lova yra didesn\u0117s kolekcijos, si\u016blan\u010dios plat\u0173 moduli\u0173 pasirinkim\u0105, dalis. Tai leid\u017eia sukurti funkcionali\u0105 miegamojo (ir svetain\u0117s) erdv\u0119 su solid\u017eiu stiliumi, i\u0161laikant darn\u0173 interjero dizain\u0105. Atkreipkite d\u0117mes\u012f, kad \u012f lovos kain\u0105 \u010diu\u017einys ne\u012fskai\u010diuotas, tod\u0117l b\u016btina \u012fsigyti tinkam\u0105 \u010diu\u017ein\u012f, kuris atitikt\u0173 j\u016bs\u0173 individualius miego poreikius. \u201eRuso\u201c lova yra investicija \u012f j\u016bs\u0173 miego kokyb\u0119 ir miegamojo estetik\u0105, suteiksianti jums i\u0161skirtin\u012f komfort\u0105 ir atpalaiduojan\u010di\u0105 patirt\u012f.<\/p>\n<p>Prek\u0117s kodas S407-LOZ\/160\/B-DARL\/PEP Simbolis ZM EAN Ilgis 205,5 cm Plotis 169,5 cm Auk\u0161tis 41\u201396,5 cm Kolekcija Ruso Spalva baland\u017eio spalvos \u0105\u017euolas\/perlamutrinis blizgus Atspalvis tamsi mediena Stilius modernus Med\u017eiaga laminatas Miegamoji funkcija su miegam\u0105ja funkcija Miegamoji dalis 160 \u00d7 200 Indas su indu Gamintojas Juoda Raudona Balta Bald\u0173 tipas Lovos PVM mokestis 23% EAN 5906123944564<\/p>","protected":false},"excerpt":{"rendered":"<p>\u201eRuso\u201c lova \u2013 raktas \u012f ger\u0105 nakties mieg\u0105. Be jokios abejon\u0117s, lova yra bet kurio miegamojo pagrindinis elementas, darantis didel\u0119 \u012ftak\u0105 m\u016bs\u0173 miego kokybei ir komfortui. Jei ie\u0161kote tinkamo modelio, kuris atitikt\u0173 j\u016bs\u0173 l\u016bkes\u010dius, \u201eRuso\u201c lova gali b\u016bti puikus pasirinkimas. \u0160tai keletas [\u2026]<\/p>","protected":false},"featured_media":261078,"comment_status":"open","ping_status":"open","template":"","meta":[],"product_brand":[],"product_cat":[9200,505],"product_tag":[],"class_list":{"0":"post-261077","1":"product","2":"type-product","3":"status-publish","4":"has-post-thumbnail","6":"product_cat-black-red-white","7":"product_cat-bedroom-beds","9":"first","10":"instock","11":"purchasable","12":"product-type-simple"},"_links":{"self":[{"href":"https:\/\/baldumarket.lt\/lt\/wp-json\/wp\/v2\/product\/261077","targetHints":{"allow":["GET"]}}],"collection":[{"href":"https:\/\/baldumarket.lt\/lt\/wp-json\/wp\/v2\/product"}],"about":[{"href":"https:\/\/baldumarket.lt\/lt\/wp-json\/wp\/v2\/types\/product"}],"replies":[{"embeddable":true,"href":"https:\/\/baldumarket.lt\/lt\/wp-json\/wp\/v2\/comments?post=261077"}],"wp:featuredmedia":[{"embeddable":true,"href":"https:\/\/baldumarket.lt\/lt\/wp-json\/wp\/v2\/media\/261078"}],"wp:attachment":[{"href":"https:\/\/baldumarket.lt\/lt\/wp-json\/wp\/v2\/media?parent=261077"}],"wp:term":[{"taxonomy":"product_brand","embeddable":true,"href":"https:\/\/baldumarket.lt\/lt\/wp-json\/wp\/v2\/product_brand?post=261077"},{"taxonomy":"product_cat","embeddable":true,"href":"https:\/\/baldumarket.lt\/lt\/wp-json\/wp\/v2\/product_cat?post=261077"},{"taxonomy":"product_tag","embeddable":true,"href":"https:\/\/baldumarket.lt\/lt\/wp-json\/wp\/v2\/product_tag?post=261077"}],"curies":[{"name":"wp","href":"https:\/\/api.w.org\/{rel}","templated":true}]}}