{"id":261058,"date":"2026-01-13T23:06:05","date_gmt":"2026-01-13T20:06:05","guid":{"rendered":"https:\/\/baldumarket.lt\/product\/lozko-160-z-pojemnikiem-i-podnoszonym-stelazem-alameda-bialy-polysk-dab-westminster\/"},"modified":"2026-02-11T18:19:39","modified_gmt":"2026-02-11T15:19:39","slug":"lozko-160-z-pojemnikiem-i-podnoszonym-stelazem-alameda-bialy-polysk-dab-westminster","status":"publish","type":"product","link":"https:\/\/baldumarket.lt\/lt\/product\/lozko-160-z-pojemnikiem-i-podnoszonym-stelazem-alameda-bialy-polysk-dab-westminster\/","title":{"rendered":"Lova 160 su daiktad\u0117\u017ee ir pak\u0117limo r\u0117mu ALAMEDA balta blizgi\/vestminsterio \u0105\u017euolas"},"content":{"rendered":"<p>Lova \u201eB Alameda\u201c \u2013 funkcionalus ir eleganti\u0161kas sprendimas j\u016bs\u0173 miegamajam. Patogus miegas: Lova \u201eB Alameda\u201c si\u016blo patogi\u0105 erdv\u0119 atsigauti po ilgos dienos. Dvigul\u0117 versija su 160 \u00d7 200 cm miegamuoju pavir\u0161iumi suteikia vietos jums ir j\u016bs\u0173 partneriui. Be to, dujinio pak\u0117limo r\u0117mas ir patalyn\u0117s skyrius leid\u017eia lengvai laikyti patalyn\u0119 ir kitus daiktus. Paprastas dizainas: Lovai \u201eAlameda\u201c b\u016bdinga minimalistin\u0117 forma ir prislopintos spalvos. Blizgus baltas r\u0117mas ir Vestminsterio \u0105\u017euolo spalvos medin\u0117s grotel\u0117s sukuria harmoning\u0105 kontrast\u0105, suteikdamos baldui eleganti\u0161k\u0105 i\u0161vaizd\u0105. LED ap\u0161vietimas: Lovoje \u012fmontuotas LED ap\u0161vietimas ne tik suteikia estetinio patrauklumo, bet ir sukuria maloni\u0105 atmosfer\u0105 miegamajame. Ap\u0161vietim\u0105 galite reguliuoti pagal savo pageidavimus, sukurdami tinkam\u0105 atmosfer\u0105. Tvirta konstrukcija: Trapecijos formos lovos pagrindas ne tik suteikia jai vizualinio lengvumo, bet ir u\u017etikrina stabilum\u0105 bei tvirtum\u0105. Galima derinti su kitais baldais. Lov\u0105 \u201eAlameda\u201c galima lengvai derinti su kitais \u201eAlameda\u201c kolekcijos baldais, tokiais kaip naktinis staliukas, drabu\u017ei\u0173 spinta ar kitais baldais. Tai leid\u017eia sukurti darn\u0173 ir funkcional\u0173 miegamojo i\u0161d\u0117stym\u0105. Atkreipkite d\u0117mes\u012f, kad \u012f lovos kain\u0105 \u010diu\u017einys ne\u012fskai\u010diuotas. Tai suteikia Jums galimyb\u0119 i\u0161sirinkti \u010diu\u017ein\u012f, kuris geriausiai atitinka J\u016bs\u0173 pageidavimus ir miegojimo poreikius. Lova B Alameda yra ne tik baldas miegui, bet ir eleganti\u0161kas dekoratyvinis elementas, suteikiantis J\u016bs\u0173 miegamajam stiliaus ir funkcionalumo.<\/p>\n<p>Prek\u0117s kodas S420-LOZ\/160\/B-BIP\/DWM Simbolis ZM EAN Ilgis 208,5 cm Plotis 165,5 cm Auk\u0161tis 42,5\u2013104 cm Kolekcija \u201eAlameda\u201c Spalva balta blizgi\/vestminsterio \u0105\u017euolas Baltas atspalvis Stilius modernus Miegamoji funkcija su miegojimo funkcija Miegamoji dalis 160 \u00d7 200 Indas su indu Ap\u0161vietimas su ap\u0161vietimu Gamintojas Juoda Raudona Balta Bald\u0173 tipas Lovos PVM 23% EAN 5906123946513<\/p>","protected":false},"excerpt":{"rendered":"<p>Lova \u201eB Alameda\u201c \u2013 funkcionalus ir eleganti\u0161kas sprendimas j\u016bs\u0173 miegamajam. Patogus miegas: \u201eB Alameda\u201c lova si\u016blo patogi\u0105 erdv\u0119 atsigauti po ilgos dienos. Dvigul\u0117 versija su 160 \u00d7 200 cm miegojimo plotu suteikia vietos jums ir j\u016bs\u0173 partneriui. Be to, dujinio pak\u0117limo r\u0117mas ir patalyn\u0117s skyrius leid\u017eia [\u2026]<\/p>","protected":false},"featured_media":261059,"comment_status":"open","ping_status":"open","template":"","meta":[],"product_brand":[],"product_cat":[9200,505],"product_tag":[],"class_list":{"0":"post-261058","1":"product","2":"type-product","3":"status-publish","4":"has-post-thumbnail","6":"product_cat-black-red-white","7":"product_cat-bedroom-beds","9":"first","10":"instock","11":"purchasable","12":"product-type-simple"},"_links":{"self":[{"href":"https:\/\/baldumarket.lt\/lt\/wp-json\/wp\/v2\/product\/261058","targetHints":{"allow":["GET"]}}],"collection":[{"href":"https:\/\/baldumarket.lt\/lt\/wp-json\/wp\/v2\/product"}],"about":[{"href":"https:\/\/baldumarket.lt\/lt\/wp-json\/wp\/v2\/types\/product"}],"replies":[{"embeddable":true,"href":"https:\/\/baldumarket.lt\/lt\/wp-json\/wp\/v2\/comments?post=261058"}],"wp:featuredmedia":[{"embeddable":true,"href":"https:\/\/baldumarket.lt\/lt\/wp-json\/wp\/v2\/media\/261059"}],"wp:attachment":[{"href":"https:\/\/baldumarket.lt\/lt\/wp-json\/wp\/v2\/media?parent=261058"}],"wp:term":[{"taxonomy":"product_brand","embeddable":true,"href":"https:\/\/baldumarket.lt\/lt\/wp-json\/wp\/v2\/product_brand?post=261058"},{"taxonomy":"product_cat","embeddable":true,"href":"https:\/\/baldumarket.lt\/lt\/wp-json\/wp\/v2\/product_cat?post=261058"},{"taxonomy":"product_tag","embeddable":true,"href":"https:\/\/baldumarket.lt\/lt\/wp-json\/wp\/v2\/product_tag?post=261058"}],"curies":[{"name":"wp","href":"https:\/\/api.w.org\/{rel}","templated":true}]}}