{"id":261055,"date":"2026-01-13T23:06:02","date_gmt":"2026-01-13T20:06:02","guid":{"rendered":"https:\/\/baldumarket.lt\/product\/lozko-160-stockholm-andersen-pine-white-dab-sonoma-ciemna\/"},"modified":"2026-02-11T18:19:39","modified_gmt":"2026-02-11T15:19:39","slug":"lozko-160-stockholm-andersen-pine-white-dab-sonoma-ciemna","status":"publish","type":"product","link":"https:\/\/baldumarket.lt\/lt\/product\/lozko-160-stockholm-andersen-pine-white-dab-sonoma-ciemna\/","title":{"rendered":"Lova 160 STOCKHOLM andersen pu\u0161is balta\/tamsus sonoma \u0105\u017euolas"},"content":{"rendered":"<p>\u201eStockholm\u201c lova \u2013 raktas \u012f ram\u0173 mieg\u0105 stilingame miegamajame. Jei svajojate susikurti skandinavi\u0161ko stiliaus miegam\u0105j\u012f, \u201eStockholm\u201c kolekcijoje rasite ne tik gra\u017eius baldus, bet ir unikali\u0105 lov\u0105, kuri u\u017etikrins ram\u0173 nakties mieg\u0105. \u0160tai kod\u0117l tur\u0117tum\u0117te apsvarstyti \u201eStockholm\u201c lov\u0105: lova yra ne tik vieta miegoti \u2013 tai j\u016bs\u0173 miegamojo pagrindinis elementas. Gerai priglundantis \u010diu\u017einys ir tvirtas r\u0117mas garantuoja patog\u0173 ir ram\u0173 mieg\u0105. Ta\u010diau atminkite, kad \u012f lovos kain\u0105 ne\u012feina r\u0117mas ir \u010diu\u017einys, tod\u0117l \u0161iuos elementus galite pritaikyti pagal savo individualius pageidavimus. Lovos galv\u016bgalis yra ne tik esteti\u0161kai patrauklus, bet ir prakti\u0161kas. Jis i\u0161laikys j\u016bs\u0173 pagalv\u0119 vietoje, o sien\u0105 \u2013 \u0161vari\u0105. Dekoratyviniai lipdiniai ir tamsaus Sonoma \u0105\u017euolo apdaila suteikia lovai \u017eavesio ir elegancijos, tod\u0117l ji tampa gra\u017eia miegamojo puo\u0161mena. \u201eStockholm\u201c lova apdailinta balta Anderseno pu\u0161imi, kuriai b\u016bdingas subtilumas ir gaivumas. Baltai da\u017eyti fasadai ir subtilios dekoratyvin\u0117s juostel\u0117s suteikia baldams i\u0161skirtin\u012f skandinavi\u0161k\u0105 vaizd\u0105, kuris dera prie \u012fvairi\u0173 interjero dizaino stili\u0173. Jei ie\u0161kote darnaus miegamojo dizaino, \u201eStockholm\u201c bald\u0173 linija yra puikus pasirinkimas. Be lovos, miegam\u0105j\u012f galite apstatyti komoda, drabu\u017ei\u0173 spinta, naktiniu staliuku ir kitais \u0161ios kolekcijos baldais. Tai leid\u017eia sukurti funkcionali\u0105 ir esteti\u0161kai patraukli\u0105 poilsio erdv\u0119, atspindin\u010di\u0105 j\u016bs\u0173 asmenin\u012f stili\u0173. Trumpai tariant, \u201eStockholm\u201c lova yra ne tik vieta miegoti, bet ir svarbus j\u016bs\u0173 miegamojo dekoro elementas. D\u0117l skandinavi\u0161ko dizaino ir prakti\u0161k\u0173 sprendim\u0173 ji u\u017etikrins ne tik ram\u0173 mieg\u0105, bet ir gra\u017e\u0173 bei funkcional\u0173 interjer\u0105. Pasinaudokite visa \u201eStockholm\u201c kolekcija, kad sukurtum\u0117te savo svajoni\u0173 miegam\u0105j\u012f, kuriame kiekviena naktis bus kupina atsipalaidavimo ir komforto.<\/p>\n<p>Prek\u0117s kodas S239-LOZ\/160-APW\/DSOC Simbolis ZM EAN Ilgis 205 cm Plotis 165 cm Auk\u0161tis 46,5\u201397 cm Kolekcija Stockholm Spalva andersen pu\u0161is balta\/tamsus sonoma \u0105\u017euolas Gaubtas \u0161viesi mediena Skandinavi\u0161ko stiliaus Med\u017eiaga laminatas Miegamoji funkcija su miegam\u0105ja funkcija Miegamoji dalis 160 \u00d7 200 Indelis be indo Gamintojas Juoda Raudona Balta Bald\u0173 tipas Stalai PVM mokestis 23% EAN 5906123923255<\/p>","protected":false},"excerpt":{"rendered":"<p>\u201eStockholm\u201c lova \u2013 raktas \u012f ram\u0173 mieg\u0105 stilingame miegamajame. Jei svajojate susikurti skandinavi\u0161ko stiliaus miegam\u0105j\u012f, \u201eStockholm\u201c kolekcijoje rasite ne tik gra\u017eius baldus, bet ir unikali\u0105 lov\u0105, kuri u\u017etikrins ram\u0173 nakties mieg\u0105. \u0160tai kod\u0117l tur\u0117tum\u0117te apsvarstyti \u201eStockholm\u201c lov\u0105: Lova \u2013 tai ne tik [\u2026]<\/p>","protected":false},"featured_media":261056,"comment_status":"open","ping_status":"open","template":"","meta":[],"product_brand":[],"product_cat":[9200,505],"product_tag":[],"class_list":{"0":"post-261055","1":"product","2":"type-product","3":"status-publish","4":"has-post-thumbnail","6":"product_cat-black-red-white","7":"product_cat-bedroom-beds","9":"first","10":"instock","11":"purchasable","12":"product-type-simple"},"_links":{"self":[{"href":"https:\/\/baldumarket.lt\/lt\/wp-json\/wp\/v2\/product\/261055","targetHints":{"allow":["GET"]}}],"collection":[{"href":"https:\/\/baldumarket.lt\/lt\/wp-json\/wp\/v2\/product"}],"about":[{"href":"https:\/\/baldumarket.lt\/lt\/wp-json\/wp\/v2\/types\/product"}],"replies":[{"embeddable":true,"href":"https:\/\/baldumarket.lt\/lt\/wp-json\/wp\/v2\/comments?post=261055"}],"wp:featuredmedia":[{"embeddable":true,"href":"https:\/\/baldumarket.lt\/lt\/wp-json\/wp\/v2\/media\/261056"}],"wp:attachment":[{"href":"https:\/\/baldumarket.lt\/lt\/wp-json\/wp\/v2\/media?parent=261055"}],"wp:term":[{"taxonomy":"product_brand","embeddable":true,"href":"https:\/\/baldumarket.lt\/lt\/wp-json\/wp\/v2\/product_brand?post=261055"},{"taxonomy":"product_cat","embeddable":true,"href":"https:\/\/baldumarket.lt\/lt\/wp-json\/wp\/v2\/product_cat?post=261055"},{"taxonomy":"product_tag","embeddable":true,"href":"https:\/\/baldumarket.lt\/lt\/wp-json\/wp\/v2\/product_tag?post=261055"}],"curies":[{"name":"wp","href":"https:\/\/api.w.org\/{rel}","templated":true}]}}