{"id":261007,"date":"2026-01-13T23:05:22","date_gmt":"2026-01-13T20:05:22","guid":{"rendered":"https:\/\/baldumarket.lt\/product\/lozko-160-nuis-dab-wotan\/"},"modified":"2026-02-11T18:19:40","modified_gmt":"2026-02-11T15:19:40","slug":"lozko-160-nuis-dab-wotan","status":"publish","type":"product","link":"https:\/\/baldumarket.lt\/lt\/product\/lozko-160-nuis-dab-wotan\/","title":{"rendered":"Lova 160 NUIS \u0105\u017euolo spalvos wotan"},"content":{"rendered":"<p>\u201eNuis\u201c lova \u2013 j\u016bs\u0173 unikali poilsio vieta. Kvie\u010diame atrasti \u201eNuis\u201c lov\u0105 \u2013 tobul\u0105 viet\u0105 kasdieniam poilsiui, kurioje stilingas dizainas dera su patogiu miegu. 165 cm plo\u010dio lova tikrai patenkins tiek individuali\u0173 asmen\u0173, tiek por\u0173 l\u016bkes\u010dius. \u0160i lova puikiai tinka miegamajam, erdviam jaunimo kambariui ar sve\u010di\u0173 kambariui. Paprastas \u201eNuis\u201c lovos dizainas \u012fkv\u0117ptas skandinavi\u0161ko stiliaus. R\u0117mas, galv\u016bgalis ir kojos pagaminti i\u0161 \u0161ilto \u201eWotan\u201c \u0105\u017euolo atspalvio med\u017eio dro\u017eli\u0173 plok\u0161t\u0117s. Nat\u016bralus dizainas suteikia lovai charakterio ir puikiai dera prie \u012fvairi\u0173 interjero dizain\u0173. Auk\u0161tas galv\u016bgalis yra ir prakti\u0161kas elementas, apsaugantis sien\u0105 nuo d\u0117mi\u0173, ir ergonomi\u0161ka atrama skaitant ar \u017ei\u016brint filmus. Po lova galima \u012fmontuoti i\u0161traukiam\u0105 \u201eNuis\u201c serijos stal\u010di\u0173, kuris puikiai tinka papildomai patalyn\u0117s ar kit\u0173 daikt\u0173 laikymui. Laminuotas \u0161io stal\u010diaus priekis puikiai papildo lovos r\u0117m\u0105, sukurdamas harmoning\u0105 visum\u0105. \u201eNuis\u201c lova yra ne tik vieta miegoti, bet ir stilingas j\u016bs\u0173 nam\u0173 papildymas, kur\u012f papildo tos pa\u010dios serijos naktiniai staleliai ir komoda. Sukurkite savo unikali\u0105 poilsio erdv\u0119 su \u201eNuis\u201c kolekcija.<\/p>\n<p>Prek\u0117s kodas S396-LOZ\/160-DWO Simbolis ZM EAN Ilgis 204,5 cm Plotis 165 cm Auk\u0161tis 85,5 cm Kolekcija \u201eNuis\u201c Spalva wotan \u0105\u017euolas Gaubtas \u0161viesi mediena Stilius modernus Med\u017eiaga laminatas Miegamoji funkcija su miegam\u0105ja funkcija Miegamoji dalis 160 \u00d7 200 Indas be indo Gamintojas Juoda Raudona Balta Bald\u0173 tipas Lovos PVM mokestis 23% EAN 5906123929554<\/p>","protected":false},"excerpt":{"rendered":"<p>\u201eNuis\u201c lova \u2013 j\u016bs\u0173 unikali poilsio vieta. Kvie\u010diame atrasti \u201eNuis\u201c lov\u0105 \u2013 tobul\u0105 viet\u0105 kasdieniam poilsiui, kurioje dera stilingas dizainas ir patogus miegas. 165 cm plo\u010dio lova tikrai atitiks tiek individuali\u0173 asmen\u0173, tiek por\u0173 l\u016bkes\u010dius. \u0160i lova puikiai tinka miegamajam, [\u2026]<\/p>","protected":false},"featured_media":261008,"comment_status":"open","ping_status":"open","template":"","meta":[],"product_brand":[],"product_cat":[9200,505],"product_tag":[],"class_list":{"0":"post-261007","1":"product","2":"type-product","3":"status-publish","4":"has-post-thumbnail","6":"product_cat-black-red-white","7":"product_cat-bedroom-beds","9":"first","10":"instock","11":"purchasable","12":"product-type-simple"},"_links":{"self":[{"href":"https:\/\/baldumarket.lt\/lt\/wp-json\/wp\/v2\/product\/261007","targetHints":{"allow":["GET"]}}],"collection":[{"href":"https:\/\/baldumarket.lt\/lt\/wp-json\/wp\/v2\/product"}],"about":[{"href":"https:\/\/baldumarket.lt\/lt\/wp-json\/wp\/v2\/types\/product"}],"replies":[{"embeddable":true,"href":"https:\/\/baldumarket.lt\/lt\/wp-json\/wp\/v2\/comments?post=261007"}],"wp:featuredmedia":[{"embeddable":true,"href":"https:\/\/baldumarket.lt\/lt\/wp-json\/wp\/v2\/media\/261008"}],"wp:attachment":[{"href":"https:\/\/baldumarket.lt\/lt\/wp-json\/wp\/v2\/media?parent=261007"}],"wp:term":[{"taxonomy":"product_brand","embeddable":true,"href":"https:\/\/baldumarket.lt\/lt\/wp-json\/wp\/v2\/product_brand?post=261007"},{"taxonomy":"product_cat","embeddable":true,"href":"https:\/\/baldumarket.lt\/lt\/wp-json\/wp\/v2\/product_cat?post=261007"},{"taxonomy":"product_tag","embeddable":true,"href":"https:\/\/baldumarket.lt\/lt\/wp-json\/wp\/v2\/product_tag?post=261007"}],"curies":[{"name":"wp","href":"https:\/\/api.w.org\/{rel}","templated":true}]}}