{"id":260991,"date":"2026-01-13T23:05:10","date_gmt":"2026-01-13T20:05:10","guid":{"rendered":"https:\/\/baldumarket.lt\/product\/lozko-160-nepo-plus-bialy\/"},"modified":"2026-02-11T18:19:40","modified_gmt":"2026-02-11T15:19:40","slug":"lozko-160-nepo-plus-bialy","status":"publish","type":"product","link":"https:\/\/baldumarket.lt\/lt\/product\/lozko-160-nepo-plus-bialy\/","title":{"rendered":"Lova 160 NEPO PLUS balta"},"content":{"rendered":"<p>\u201eNepo Plus 160\u201c lova \u2013 j\u016bs\u0173 patogi poilsio vieta. Jei ie\u0161kote paprastos, nesenstan\u010dios ir funkcionalios lovos, kuri der\u0117t\u0173 prie \u012fvairi\u0173 miegam\u0173j\u0173 dizain\u0173, \u201eNepo Plus 160\u201c lova yra puikus pasirinkimas. \u0160i \u201eNepo Plus\u201c kolekcijos dalis apjungia universal\u0173 dizain\u0105, prakti\u0161kum\u0105 ir patog\u0173 mieg\u0105, tod\u0117l tai puikus sprendimas j\u016bs\u0173 miegamajam. Pagrindin\u0117s \u201eNepo Plus 160\u201c lovos savyb\u0117s: 1. Erdvi 160 x 200 cm miegojimo zona: Patogus miegas yra labai svarbus gerai savijautai ir regeneracijai. \u201eNepo Plus\u201c lova si\u016blo erdvi\u0105 160 x 200 cm miegojimo zon\u0105, leid\u017eian\u010di\u0105 i\u0161sitiesti ir atsipalaiduoti po \u012ftemptos dienos. Tai puiki vieta atsipalaiduoti tiek po darbo, tiek atostog\u0173 metu. 2. Funkcionalios lentynos: Lovoje yra keturios kompakti\u0161kos lentynos, kurias galima naudoti \u012fvairiems daiktams. Tai puiki vieta j\u016bs\u0173 m\u0117gstamoms knygoms, stalo \u017eaidimams, \u017eadintuvui ar telefonui. Taip viskas, ko jums reikia, yra po ranka ir lengvai pasiekiama, tod\u0117l lengviau sutvarkyti erdv\u0119. 3. Prakti\u0161ki stal\u010diai (neb\u016btina): Jei jums reikia papildomos vietos daiktams susid\u0117ti, \u201eNepo Plus\u201c lova si\u016blo \u0161i\u0105 parinkt\u012f. Galite pasirinkti variant\u0105 su trimis dideliais skyriais prakti\u0161kiems stal\u010diams, kurie pad\u0117s palaikyti tvark\u0105 j\u016bs\u0173 miegamajame. 4. Atsparumas \u012fbr\u0117\u017eimams: lovos r\u0117mas yra laminuotas, tod\u0117l jis atsparesnis \u012fbr\u0117\u017eimams. Tai svarbi savyb\u0117, ypa\u010d kasdieniam naudojimui, kur lengvai gali atsirasti nedideli\u0173 pa\u017eeidim\u0173. 5. Spalvos pasirinkimas: \u201eNepo Plus\u201c lova yra keturi\u0173 skirting\u0173 spalv\u0173: baltos, sonoma \u0105\u017euolo, vienuolyno \u0105\u017euolo ir venge. Jos i\u0161vaizd\u0105 galite priderinti prie likusio miegamojo interjero. 6. Derinimas su kitais kolekcijos elementais: \u201eNepo Plus\u201c kolekcijoje taip pat si\u016blomi kiti moduliai, kuriuos galima derinti, kad b\u016bt\u0173 sukurtas pilnas miegamasis ar kiti kambariai, pavyzd\u017eiui, vaiko kambarys, paauglio kambarys, svetain\u0117 ar darbo kambarys. Ta\u010diau svarbu atkreipti d\u0117mes\u012f, kad \u012f \u201eNepo Plus\u201c lovos kain\u0105 ne\u012feina r\u0117mas ir \u010diu\u017einys. \u012e tai reikia atsi\u017evelgti perkant, kad b\u016bt\u0173 u\u017etikrintas pakankamas miego komfortas. Santrauka: 160 cm plo\u010dio \u201eNepo Plus\u201c lova yra puikus pasirinkimas ie\u0161kantiems funkcionalios, eleganti\u0161kos ir patogios lovos savo miegamajam. Erdvus pavir\u0161ius, daugyb\u0117 lentyn\u0173 ir stal\u010di\u0173 leid\u017eia palaikyti tvark\u0105 ir b\u016bti lengvai naudojamam. Be to, spalv\u0173 pasirinkimas leid\u017eia pritaikyti lov\u0105 pagal savo estetinius pageidavimus. \u0160i lova garantuoja ne tik ger\u0105 mieg\u0105, bet ir stiling\u0105 miegamojo i\u0161d\u0117stym\u0105.<\/p>\n<p>Prek\u0117s kodas S435-LOZ3S\/160-BI Simbolis ZM EAN Ilgis 204,5 cm Plotis 165 cm Auk\u0161tis 47,5\u201385,5 cm Kolekcija \u201eNepo Plus\u201c Spalva balta Atspalvis baltas Stilius modernus Miegamoji funkcija su miegojimo funkcija Miegamoji dalis 160 \u00d7 200 Papildoma talpa Gamintojas Juoda Raudona Balta Bald\u0173 tipas Lovos PVM mokestis 23% EAN 5906123948937<\/p>","protected":false},"excerpt":{"rendered":"<p>\u201eNepo Plus 160\u201c lova \u2013 j\u016bs\u0173 patogi poilsio vieta. Jei ie\u0161kote paprastos, nesenstan\u010dios ir funkcionalios lovos, kuri der\u0117t\u0173 prie \u012fvairi\u0173 miegam\u0173j\u0173 dizain\u0173, \u201eNepo Plus 160\u201c lova yra puikus pasirinkimas. \u0160i \u201eNepo Plus\u201c kolekcijos dalis apjungia universal\u0173 dizain\u0105, prakti\u0161kum\u0105 ir patog\u0173 mieg\u0105, tod\u0117l ji puikiai tinka [\u2026]<\/p>","protected":false},"featured_media":260992,"comment_status":"open","ping_status":"open","template":"","meta":[],"product_brand":[],"product_cat":[9200,505],"product_tag":[],"class_list":{"0":"post-260991","1":"product","2":"type-product","3":"status-publish","4":"has-post-thumbnail","6":"product_cat-black-red-white","7":"product_cat-bedroom-beds","9":"first","10":"instock","11":"purchasable","12":"product-type-simple"},"_links":{"self":[{"href":"https:\/\/baldumarket.lt\/lt\/wp-json\/wp\/v2\/product\/260991","targetHints":{"allow":["GET"]}}],"collection":[{"href":"https:\/\/baldumarket.lt\/lt\/wp-json\/wp\/v2\/product"}],"about":[{"href":"https:\/\/baldumarket.lt\/lt\/wp-json\/wp\/v2\/types\/product"}],"replies":[{"embeddable":true,"href":"https:\/\/baldumarket.lt\/lt\/wp-json\/wp\/v2\/comments?post=260991"}],"wp:featuredmedia":[{"embeddable":true,"href":"https:\/\/baldumarket.lt\/lt\/wp-json\/wp\/v2\/media\/260992"}],"wp:attachment":[{"href":"https:\/\/baldumarket.lt\/lt\/wp-json\/wp\/v2\/media?parent=260991"}],"wp:term":[{"taxonomy":"product_brand","embeddable":true,"href":"https:\/\/baldumarket.lt\/lt\/wp-json\/wp\/v2\/product_brand?post=260991"},{"taxonomy":"product_cat","embeddable":true,"href":"https:\/\/baldumarket.lt\/lt\/wp-json\/wp\/v2\/product_cat?post=260991"},{"taxonomy":"product_tag","embeddable":true,"href":"https:\/\/baldumarket.lt\/lt\/wp-json\/wp\/v2\/product_tag?post=260991"}],"curies":[{"name":"wp","href":"https:\/\/api.w.org\/{rel}","templated":true}]}}