{"id":260983,"date":"2026-01-13T23:05:03","date_gmt":"2026-01-13T20:05:03","guid":{"rendered":"https:\/\/baldumarket.lt\/product\/lozko-160-kent-175-cm-kasztan\/"},"modified":"2026-02-11T18:19:40","modified_gmt":"2026-02-11T15:19:40","slug":"lozko-160-kent-175-cm-kasztan","status":"publish","type":"product","link":"https:\/\/baldumarket.lt\/lt\/product\/lozko-160-kent-175-cm-kasztan\/","title":{"rendered":"Lova 160 KENT 175 cm ka\u0161tonin\u0117"},"content":{"rendered":"<p>\u201eKent\u201c lova \u2013 eleganti\u0161ka svajon\u0117 apie ram\u0173 nakties mieg\u0105. Verta pamin\u0117ti, kad \u012f lovos kain\u0105 ne\u012fskai\u010diuotas r\u0117mas ir \u010diu\u017einys. \u201eKent\u201c kolekcija buvo sukurta galvojant apie klasikinio stiliaus m\u0117g\u0117jus. \u2013 Erdvi \u201eKent\u201c lova, pastatyta miegamojo centre, yra puiki vieta atsipalaiduoti. \u012esp\u016bdingas 160 cm plotis suteikia patogi\u0105 erdv\u0119 netrukdomam miegui ir pasak\u0173 skaitymui vaikams.<br \/>\n\u2013 Auk\u0161tas lovos galv\u016bgalis suteikia patogi\u0105 atram\u0105 vakaro miego metu. Laisva erdv\u0117 po lova suteikia papildomos vietos daiktams susid\u0117ti, pagerindama tvark\u0105 miegamajame.<br \/>\n\u2013 Ry\u0161ki fanera puikiai atspindi nat\u016bralios medienos charakter\u012f ir strukt\u016br\u0105, o stulbinan\u010di\u0105 bald\u0173 i\u0161vaizd\u0105 sukuria \u0161iltas ka\u0161toninis atspalvis.<br \/>\n\u2013 Rai\u017eyti dekoracijos ant lovos puikiai atspindi nesenstant\u012f klasikinio interjero dizaino tendencij\u0173 charakter\u012f.<br \/>\n\u2013 \u010ciu\u017einiai ir lovos \u012fd\u0117klai galimi u\u017e papildom\u0105 mokest\u012f. Raginame susipa\u017einti su pla\u010diu m\u016bs\u0173 r\u0117m\u0173 ir \u010diu\u017eini\u0173 pasirinkimu. \u2013 \u201eKent\u201c lova tampa eleganti\u0161ko ir klasikinio miegamojo traukos centru. Prid\u0117kite naktin\u012f staliuk\u0105, drabu\u017ei\u0173 spint\u0105 ir prakti\u0161k\u0105 komod\u0105, kad sukurtum\u0117te i\u0161baigt\u0105 interjero dizain\u0105.<\/p>\n<p>Prek\u0117s kodas S10-ELOZ160-KA Simbolis ZM EAN Ilgis 210 cm Plotis 175 cm Auk\u0161tis 60,5\u201381,5 cm Kolekcija Kent Spalva ka\u0161tonin\u0117 Atspalvis tamsi mediena Stilius klasikinis Med\u017eiaga laminatas Miegamoji funkcija su miegojimo funkcija Miegamoji dalis 160 \u00d7 200 Indas be indo Gamintojas Juoda Raudona Balta Bald\u0173 tipas Lovos PVM mokestis 23% EAN 5906123882170<\/p>","protected":false},"excerpt":{"rendered":"<p>\u201eKent\u201c lova \u2013 eleganti\u0161ka svajon\u0117 apie ram\u0173 nakties mieg\u0105. Verta pamin\u0117ti, kad \u012f lovos kain\u0105 ne\u012fskai\u010diuotas r\u0117mas ir \u010diu\u017einys. \u201eKent\u201c kolekcija buvo sukurta galvojant apie klasikinio stiliaus m\u0117g\u0117jus. \u2013 Erdvi \u201eKent\u201c lova, pastatyta miegamojo centre, yra puiki vieta [\u2026]<\/p>","protected":false},"featured_media":260984,"comment_status":"open","ping_status":"open","template":"","meta":[],"product_brand":[],"product_cat":[9200,505],"product_tag":[],"class_list":{"0":"post-260983","1":"product","2":"type-product","3":"status-publish","4":"has-post-thumbnail","6":"product_cat-black-red-white","7":"product_cat-bedroom-beds","9":"first","10":"instock","11":"purchasable","12":"product-type-simple"},"_links":{"self":[{"href":"https:\/\/baldumarket.lt\/lt\/wp-json\/wp\/v2\/product\/260983","targetHints":{"allow":["GET"]}}],"collection":[{"href":"https:\/\/baldumarket.lt\/lt\/wp-json\/wp\/v2\/product"}],"about":[{"href":"https:\/\/baldumarket.lt\/lt\/wp-json\/wp\/v2\/types\/product"}],"replies":[{"embeddable":true,"href":"https:\/\/baldumarket.lt\/lt\/wp-json\/wp\/v2\/comments?post=260983"}],"wp:featuredmedia":[{"embeddable":true,"href":"https:\/\/baldumarket.lt\/lt\/wp-json\/wp\/v2\/media\/260984"}],"wp:attachment":[{"href":"https:\/\/baldumarket.lt\/lt\/wp-json\/wp\/v2\/media?parent=260983"}],"wp:term":[{"taxonomy":"product_brand","embeddable":true,"href":"https:\/\/baldumarket.lt\/lt\/wp-json\/wp\/v2\/product_brand?post=260983"},{"taxonomy":"product_cat","embeddable":true,"href":"https:\/\/baldumarket.lt\/lt\/wp-json\/wp\/v2\/product_cat?post=260983"},{"taxonomy":"product_tag","embeddable":true,"href":"https:\/\/baldumarket.lt\/lt\/wp-json\/wp\/v2\/product_tag?post=260983"}],"curies":[{"name":"wp","href":"https:\/\/api.w.org\/{rel}","templated":true}]}}