{"id":260975,"date":"2026-01-13T23:04:56","date_gmt":"2026-01-13T20:04:56","guid":{"rendered":"https:\/\/baldumarket.lt\/product\/lozko-160-holten-169-cm-dab-waterford\/"},"modified":"2026-02-11T18:19:40","modified_gmt":"2026-02-11T15:19:40","slug":"lozko-160-holten-169-cm-dab-waterford","status":"publish","type":"product","link":"https:\/\/baldumarket.lt\/lt\/product\/lozko-160-holten-169-cm-dab-waterford\/","title":{"rendered":"Lova 160 HOLTEN 169 cm, \u0105\u017euolo spalvos, Waterford"},"content":{"rendered":"<p>\u201eHolten\u201c 160 cm lova \u2013 prabangus miegas ir elegancija miegamajame. 160 cm plo\u010dio \u201eHolten\u201c lova \u2013 tai sprendimas, kuris ne tik u\u017etikrins patog\u0173 nakties mieg\u0105, bet ir suteiks j\u016bs\u0173 miegamajam elegancijos bei stiliaus. \u0160tai kod\u0117l tur\u0117tum\u0117te apsvarstyti \u0161i\u0105 erdvi\u0105 lov\u0105: Erdvi miegojimo erdv\u0117: 160 x 200 cm miegojimo pavir\u0161ius yra puikus dydis dviem \u017emon\u0117ms, leid\u017eiantis i\u0161sitiesti ir patogiai miegoti. Auk\u0161tas galv\u016bgalis: \u201eHolten\u201c lovos galv\u016bgalis ne tik suteikia elegancijos, bet ir atlieka praktin\u0119 funkcij\u0105. Tai puiki vieta atsilo\u0161ti skaitant ar \u017ei\u016brint televizori\u0173 lovoje vakare. Nor\u0117dami pasiekti maksimal\u0173 miego komfort\u0105, pasirinkite tinkam\u0105 r\u0117m\u0105 ir \u010diu\u017ein\u012f, atitinkan\u010dius j\u016bs\u0173 individualius poreikius. \u201eHolten\u201c lova yra paruo\u0161ta j\u016bs\u0173 tobulam komplektui. Baltas lovos r\u0117mas kartu su \u201eWotan Oak\u201c galv\u016bgalio lentel\u0117mis sukuria gra\u017e\u0173 kontrast\u0105. \u0160is derinys suteikia baldams charakterio ir unikali\u0105 i\u0161vaizd\u0105. Jei jums reikia papildomos vietos antklod\u0117ms ir pagalv\u0117ms laikyti, galite i\u0161pl\u0117sti savo lov\u0105 \u201eHolten\u201c stal\u010diumi. \u0160is prakti\u0161kas sprendimas padeda palaikyti tvark\u0105 j\u016bs\u0173 miegamajame. \u201eHolten\u201c lova papildo kitus \u201eHolten\u201c kolekcijos elementus, leisdama sukurti darn\u0173 ir eleganti\u0161k\u0105 miegamojo i\u0161d\u0117stym\u0105. Tai puikus b\u016bdas u\u017etikrinti harmonij\u0105 ir stiling\u0105 interjero dizain\u0105. \u201eHolten 160\u201c lova yra ne tik vieta miegoti, bet ir miegamojo akcentas, pabr\u0117\u017eiantis jo elegancij\u0105 ir komfort\u0105. D\u0117l savo funkcionalumo ir estetikos ji suteiks jums prabang\u0173 mieg\u0105 ir atsipalaidavim\u0105, b\u016btin\u0105 j\u016bs\u0173 kasdienei gerovei. Atkreipkite d\u0117mes\u012f: \u012f lovos kain\u0105 ne\u012feina r\u0117mas ir \u010diu\u017einys, tod\u0117l verta pasir\u016bpinti, kad \u0161ie elementai b\u016bt\u0173 tinkamai suderinti, kad gal\u0117tum\u0117te m\u0117gautis maksimaliu miego komfortu.<\/p>\n<p>Prek\u0117s kodas S493-LOZ\/160-DWF Simbolis ZM EAN Ilgis 204,5 cm Plotis 169 cm Auk\u0161tis 40,5\u2013100,5 cm Kolekcija Holten Spalva Waterford \u0105\u017euolas Atspalvis tamsi mediena Stilius modernus Miegamoji funkcija su miegam\u0105ja funkcija Miegamoji dalis 160 \u00d7 200 Papildoma talpa Gamintojas Juoda Raudona Balta Bald\u0173 tipas Lovos PVM mokestis 23% EAN 5906123709798<\/p>","protected":false},"excerpt":{"rendered":"<p>\u201eHolten\u201c 160 cm lova \u2013 prabangus miegas ir elegancija miegamajame. 160 cm plo\u010dio \u201eHolten\u201c lova yra sprendimas, kuris ne tik u\u017etikrins patog\u0173 mieg\u0105, bet ir suteiks j\u016bs\u0173 miegamajam elegancijos bei stiliaus. \u0160tai kod\u0117l tur\u0117tum\u0117te apsvarstyti \u0161i\u0105 erdvi\u0105 lov\u0105: Erdvi miegojimo erdv\u0117: 160 x 200 cm miegojimo pavir\u0161ius yra tobulas [\u2026]<\/p>","protected":false},"featured_media":260976,"comment_status":"open","ping_status":"open","template":"","meta":[],"product_brand":[],"product_cat":[9200,505],"product_tag":[],"class_list":{"0":"post-260975","1":"product","2":"type-product","3":"status-publish","4":"has-post-thumbnail","6":"product_cat-black-red-white","7":"product_cat-bedroom-beds","9":"first","10":"instock","11":"purchasable","12":"product-type-simple"},"_links":{"self":[{"href":"https:\/\/baldumarket.lt\/lt\/wp-json\/wp\/v2\/product\/260975","targetHints":{"allow":["GET"]}}],"collection":[{"href":"https:\/\/baldumarket.lt\/lt\/wp-json\/wp\/v2\/product"}],"about":[{"href":"https:\/\/baldumarket.lt\/lt\/wp-json\/wp\/v2\/types\/product"}],"replies":[{"embeddable":true,"href":"https:\/\/baldumarket.lt\/lt\/wp-json\/wp\/v2\/comments?post=260975"}],"wp:featuredmedia":[{"embeddable":true,"href":"https:\/\/baldumarket.lt\/lt\/wp-json\/wp\/v2\/media\/260976"}],"wp:attachment":[{"href":"https:\/\/baldumarket.lt\/lt\/wp-json\/wp\/v2\/media?parent=260975"}],"wp:term":[{"taxonomy":"product_brand","embeddable":true,"href":"https:\/\/baldumarket.lt\/lt\/wp-json\/wp\/v2\/product_brand?post=260975"},{"taxonomy":"product_cat","embeddable":true,"href":"https:\/\/baldumarket.lt\/lt\/wp-json\/wp\/v2\/product_cat?post=260975"},{"taxonomy":"product_tag","embeddable":true,"href":"https:\/\/baldumarket.lt\/lt\/wp-json\/wp\/v2\/product_tag?post=260975"}],"curies":[{"name":"wp","href":"https:\/\/api.w.org\/{rel}","templated":true}]}}