{"id":260964,"date":"2026-01-13T23:04:47","date_gmt":"2026-01-13T20:04:47","guid":{"rendered":"https:\/\/baldumarket.lt\/product\/lozko-160-gent-176-cm-dab-stirling\/"},"modified":"2026-02-11T18:19:41","modified_gmt":"2026-02-11T15:19:41","slug":"lozko-160-gent-176-cm-dab-stirling","status":"publish","type":"product","link":"https:\/\/baldumarket.lt\/lt\/product\/lozko-160-gent-176-cm-dab-stirling\/","title":{"rendered":"Lova 160 GENT 176 cm \u0105\u017euolo imitacija"},"content":{"rendered":"<p>\u201eGent 160\u201c lova \u2013 auk\u0161to komforto garantija. Jei ie\u0161kote erdvios ir patogios lovos savo miegamajam, \u201eGent 160\u201c lova gali b\u016bti puikus pasirinkimas. \u0160is baldas ne tik suteiks jums auk\u0161to lygio poils\u012f ir atsipalaidavim\u0105, bet ir suteiks elegancijos j\u016bs\u0173 miegamojo erdvei. Leiskite man parodyti visus \u0161ios lovos privalumus. Vienas i\u0161 pagrindini\u0173 \u0161ios lovos bruo\u017e\u0173 \u2013 auk\u0161tas galv\u016bgalis. \u0160is elementas ne tik suteikia elegancijos ir rafinuotumo, bet ir atlieka praktin\u0119 funkcij\u0105. S\u0117dint ar skaitant lovoje, galite patogiai atsiremti \u012f galv\u016bgal\u012f. Be to, galv\u016bgalis efektyviai apsaugo pagalves nuo slydimo ir sien\u0105 u\u017e lovos nuo d\u0117mi\u0173. \u0160is sprendimas derina funkcionalum\u0105 ir estetik\u0105. \u201eGent\u201c lova yra \u0161iltos Stirlingo \u0105\u017euolo spalvos, su matomu medienos ra\u0161tu ir lytimi, tikra mediena primenan\u010dia tekst\u016bra. \u0160i apdaila suteikia lovai elegancijos ir klasikinio \u017eavesio, tod\u0117l ji puikiai tinka \u012fvairiems miegamojo stiliams. Tai taip pat universali spalva, lengvai deranti prie kit\u0173 dekoro element\u0173. \u201eGent\u201c kolekcija \u2013 tai paprastas b\u016bdas sukurti stiling\u0105 ir mading\u0105 interjer\u0105. \u0160i kolekcija si\u016blo plat\u0173 element\u0173 pasirinkim\u0105, kuriuos galite laisvai derinti ir sukurti unikalius i\u0161d\u0117stymus savo namuose ar bute. Tai puikus sprendimas, jei vertinate individualum\u0105 ir norite sukurti erdv\u0119, kuri atspind\u0117t\u0173 j\u016bs\u0173 asmenin\u012f stili\u0173. Atkreipkite d\u0117mes\u012f, kad \u012f lovos kain\u0105 ne\u012feina r\u0117mas ir \u010diu\u017einys. Tod\u0117l prie\u0161 pirkdami \u012fsitikinkite, kad turite tinkamus \u0161ios lovos priedus, kad u\u017etikrintum\u0117te maksimal\u0173 miego komfort\u0105. Apibendrinant galima teigti, kad \u201e160 Gent\u201c lova yra baldas, garantuojantis auk\u0161t\u0105 komforto ir atsipalaidavimo lyg\u012f miegamajame. Auk\u0161tas galv\u016bgalis, eleganti\u0161kas dizainas ir galimyb\u0117 derinti su kitais \u201eGent\u201c kolekcijos elementais paver\u010dia j\u0105 puikiu j\u016bs\u0173 miegamojo papildymu.<\/p>\n<p>Prek\u0117s kodas S228-LOZ\/160-DAST Simbolis ZM EAN Ilgis 206 cm Plotis 176 cm Auk\u0161tis 34-80 cm Kolekcija Gent Spalva stirling \u0105\u017euolas Atspalvis tamsi mediena Stilius modernus Miegamoji funkcija su miegam\u0105ja funkcija Miegamoji dalis 160\u00d7200 Indas be indo Gamintojas Juoda Raudona Balta Bald\u0173 tipas Lovos PVM 23% EAN 5906123922845<\/p>","protected":false},"excerpt":{"rendered":"<p>\u201eGent 160\u201c lova \u2013 auk\u0161to komforto garantija. Jei ie\u0161kote erdvios ir patogios lovos savo miegamajam, \u201eGent 160\u201c lova gali b\u016bti puikus pasirinkimas. \u0160is baldas ne tik suteiks jums auk\u0161to lygio poils\u012f ir atsipalaidavim\u0105, bet ir suteiks j\u016bs\u0173 miegamajam elegancijos [\u2026]<\/p>","protected":false},"featured_media":260965,"comment_status":"open","ping_status":"open","template":"","meta":[],"product_brand":[],"product_cat":[9200,505],"product_tag":[],"class_list":{"0":"post-260964","1":"product","2":"type-product","3":"status-publish","4":"has-post-thumbnail","6":"product_cat-black-red-white","7":"product_cat-bedroom-beds","9":"first","10":"instock","11":"purchasable","12":"product-type-simple"},"_links":{"self":[{"href":"https:\/\/baldumarket.lt\/lt\/wp-json\/wp\/v2\/product\/260964","targetHints":{"allow":["GET"]}}],"collection":[{"href":"https:\/\/baldumarket.lt\/lt\/wp-json\/wp\/v2\/product"}],"about":[{"href":"https:\/\/baldumarket.lt\/lt\/wp-json\/wp\/v2\/types\/product"}],"replies":[{"embeddable":true,"href":"https:\/\/baldumarket.lt\/lt\/wp-json\/wp\/v2\/comments?post=260964"}],"wp:featuredmedia":[{"embeddable":true,"href":"https:\/\/baldumarket.lt\/lt\/wp-json\/wp\/v2\/media\/260965"}],"wp:attachment":[{"href":"https:\/\/baldumarket.lt\/lt\/wp-json\/wp\/v2\/media?parent=260964"}],"wp:term":[{"taxonomy":"product_brand","embeddable":true,"href":"https:\/\/baldumarket.lt\/lt\/wp-json\/wp\/v2\/product_brand?post=260964"},{"taxonomy":"product_cat","embeddable":true,"href":"https:\/\/baldumarket.lt\/lt\/wp-json\/wp\/v2\/product_cat?post=260964"},{"taxonomy":"product_tag","embeddable":true,"href":"https:\/\/baldumarket.lt\/lt\/wp-json\/wp\/v2\/product_tag?post=260964"}],"curies":[{"name":"wp","href":"https:\/\/api.w.org\/{rel}","templated":true}]}}