{"id":260884,"date":"2026-01-13T23:03:38","date_gmt":"2026-01-13T20:03:38","guid":{"rendered":"https:\/\/baldumarket.lt\/product\/lozko-140-zele-dab-wotan\/"},"modified":"2026-02-11T18:19:42","modified_gmt":"2026-02-11T15:19:42","slug":"lozko-140-zele-dab-wotan","status":"publish","type":"product","link":"https:\/\/baldumarket.lt\/lt\/product\/lozko-140-zele-dab-wotan\/","title":{"rendered":"Lova 140 ZELE \u0105\u017euolo spalvos wotan"},"content":{"rendered":"<p>\u201eZele 140\u201c lova \u2013 patogus miegas moderniu stiliumi. Jei turite ma\u017e\u0105 miegam\u0105j\u012f ir vertinate modernias, geometrines interjero formas, \u201eZele\u201c dvigul\u0117 lova yra puikus sprendimas jums. Tai ne tik vieta miegoti, bet ir dekoratyvinis elementas, puikiai atitinkantis \u201eZele\u201c modulin\u0117s kolekcijos tendencijas. 140 \u00d7 200 cm dyd\u017eio \u201eZele\u201c lova skirta ma\u017eiems miegamiesiems. D\u0117l kompakti\u0161ko dyd\u017eio ji u\u017eima ma\u017eiau vietos, ta\u010diau vis tiek suteikia patog\u0173 miegojimo pavir\u0161i\u0173 dviem \u017emon\u0117ms. Pasirinkus tinkam\u0105 \u010diu\u017ein\u012f, galite reguliuoti kietum\u0105 pagal savo individualius pageidavimus, u\u017etikrindami patog\u0173 mieg\u0105 abiem naudotojams. Prakti\u0161kas galv\u016bgalis yra dar vienas \u201eZele\u201c lovos privalumas. Jis padeda i\u0161vengti problem\u0173 d\u0117l slystan\u010di\u0173 pagalvi\u0173 ir ne\u0161vari\u0173 sien\u0173. Tai prakti\u0161kas ir esteti\u0161kas priedas, d\u0117l kurio lova tampa dar patogesn\u0117. \u201eZele\u201c lovos spalvos taip pat yra svarbus miegamojo dizaino aspektas. \u201eWotan\u201c \u0105\u017euolo spalva suteikia kambariui \u0161ilt\u0105 ir jauk\u0173 poj\u016bt\u012f, sukurdama puik\u0173 fon\u0105 baltai patalynei ir kitiems dekoratyviniams elementams. \u0160is spalv\u0173 derinys suteikia miegamajam modern\u0173 ir eleganti\u0161k\u0105 charakter\u012f. \u201eZele\u201c kolekcija suteikia galimyb\u0119 sukurti darn\u0173 interjero dizain\u0105. Galite panaudoti \u012fvairius kolekcijos elementus, tokius kaip komoda, kavos staliukas ar kiti baldai, kad sukurtum\u0117te savo svajoni\u0173 miegam\u0105j\u012f. Tai vieta, kur dizainas ir funkcionalumas dera tarpusavyje. Trumpai tariant, 140 Zele lova yra patogus ir stilingas sprendimas ma\u017eiems miegamiesiems. D\u0117l modernaus dizaino, prakti\u0161k\u0173 element\u0173 ir i\u0161d\u0117stymo galimybi\u0173 ji taps j\u016bs\u0173 miegamojo pagrindiniu akcentu. I\u0161bandykite ir pamatysite, kiek ji gali pagerinti j\u016bs\u0173 miego komfort\u0105 ir miegamojo erdv\u0117s i\u0161vaizd\u0105.<\/p>\n<p>Prek\u0117s kodas S383-LOZ\/140-DWO Simbolis ZM EAN Ilgis 204,5 cm Plotis 145 cm Auk\u0161tis 85,5 cm Kolekcija Zele Spalva wotan \u0105\u017euolas Gaubtas \u0161viesi mediena Stilius modernus Med\u017eiaga laminatas Miegamoji funkcija su miegam\u0105ja funkcija Miegamoji dalis 140 \u00d7 200 Indas be indo Gamintojas Juoda Raudona Balta Bald\u0173 tipas Lovos PVM mokestis 23% EAN 5906123928656<\/p>","protected":false},"excerpt":{"rendered":"<p>\u201eZele 140\u201c lova \u2013 patogus miegas moderniu stiliumi. Jei turite nedidel\u012f miegam\u0105j\u012f ir vertinate modernias, geometrines interjero dizaino formas, \u201eZele\u201c dvigul\u0117 lova yra puikus sprendimas jums. Tai ne tik vieta miegoti, bet ir dekoratyvinis elementas, puikiai atitinkantis [\u2026] tendencijas.<\/p>","protected":false},"featured_media":260885,"comment_status":"open","ping_status":"open","template":"","meta":[],"product_brand":[],"product_cat":[9200,505],"product_tag":[],"class_list":{"0":"post-260884","1":"product","2":"type-product","3":"status-publish","4":"has-post-thumbnail","6":"product_cat-black-red-white","7":"product_cat-bedroom-beds","9":"first","10":"instock","11":"purchasable","12":"product-type-simple"},"_links":{"self":[{"href":"https:\/\/baldumarket.lt\/lt\/wp-json\/wp\/v2\/product\/260884","targetHints":{"allow":["GET"]}}],"collection":[{"href":"https:\/\/baldumarket.lt\/lt\/wp-json\/wp\/v2\/product"}],"about":[{"href":"https:\/\/baldumarket.lt\/lt\/wp-json\/wp\/v2\/types\/product"}],"replies":[{"embeddable":true,"href":"https:\/\/baldumarket.lt\/lt\/wp-json\/wp\/v2\/comments?post=260884"}],"wp:featuredmedia":[{"embeddable":true,"href":"https:\/\/baldumarket.lt\/lt\/wp-json\/wp\/v2\/media\/260885"}],"wp:attachment":[{"href":"https:\/\/baldumarket.lt\/lt\/wp-json\/wp\/v2\/media?parent=260884"}],"wp:term":[{"taxonomy":"product_brand","embeddable":true,"href":"https:\/\/baldumarket.lt\/lt\/wp-json\/wp\/v2\/product_brand?post=260884"},{"taxonomy":"product_cat","embeddable":true,"href":"https:\/\/baldumarket.lt\/lt\/wp-json\/wp\/v2\/product_cat?post=260884"},{"taxonomy":"product_tag","embeddable":true,"href":"https:\/\/baldumarket.lt\/lt\/wp-json\/wp\/v2\/product_tag?post=260884"}],"curies":[{"name":"wp","href":"https:\/\/api.w.org\/{rel}","templated":true}]}}