{"id":260814,"date":"2026-01-13T23:02:28","date_gmt":"2026-01-13T20:02:28","guid":{"rendered":"https:\/\/baldumarket.lt\/product\/lozko-140-nepo-plus-dab-noble\/"},"modified":"2026-02-11T18:19:43","modified_gmt":"2026-02-11T15:19:43","slug":"lozko-140-nepo-plus-dab-noble","status":"publish","type":"product","link":"https:\/\/baldumarket.lt\/lt\/product\/lozko-140-nepo-plus-dab-noble\/","title":{"rendered":"Lova 140 NEPO PLUS krosnis \u0105\u017euolas"},"content":{"rendered":"<p>140 cm \u201eNepo Plus\u201c lova \u2013 miego komfortas ir funkcionalumas viename. \u201eNepo Plus\u201c lova yra puikus pasirinkimas tiems, kurie vertina paprastum\u0105 ir prakti\u0161kus sprendimus miegamajame. Galite j\u0105 suasmeninti pagal savo pageidavimus, pasirinkdami tinkam\u0105 r\u0117m\u0105 ir \u010diu\u017ein\u012f, kad u\u017etikrintum\u0117te auk\u0161\u010diausi\u0105 komforto lyg\u012f. Komfortas ir funkcionalumas<br \/>\n140x200 cm dyd\u017eio \u201eNepo Plus\u201c lova \u2013 puikus sprendimas tiems, kurie vertina komfort\u0105 ir prakti\u0161kum\u0105 miegamajame. Joje yra keturios kompakti\u0161kos lentynos, tod\u0117l joje lengvai pasiekiamu atstumu tilps knygos, \u017eadintuvas, telefonas ir kiti reikalingi daiktai. Lovoje taip pat yra trys dideli skyriai, kuriuos galima papildyti prakti\u0161kais stal\u010diais (galima \u012fsigyti papildomai), suteikiantys papildomos vietos patalynei, drabu\u017eiams ar kitiems daiktams laikyti. Stilius ir patvarumas<br \/>\nPaprasta forma, minimalistinis dizainas ir nat\u016bralus kilnaus \u0105\u017euolo atspalvis daro \u201eNepo Plus\u201c lov\u0105 puikiai tinkan\u010di\u0105 \u012fvairiems interjero dizainams. Laminuotas r\u0117mo pavir\u0161ius yra atsparus \u012fbr\u0117\u017eimams ir lengvai valomas, tod\u0117l tai prakti\u0161kas pasirinkimas tiek miegamiesiems, tiek svetain\u0117ms. Jaunimo baldai. Specialios savyb\u0117s: Matmenys: Miegamoji erdv\u0117 140 \u00d7 200 cm \u2013 idealiai tinka dviem \u017emon\u0117ms. Keturios kompakti\u0161kos lentynos \u2013 funkcionali erdv\u0117 naudingiems daiktams. Stal\u010di\u0173 erdv\u0117 \u2013 galima \u012fsigyti papildom\u0173 stal\u010di\u0173 (pasirinktinai). Laminuotas korpuso pavir\u0161ius \u2013 padidintas atsparumas \u012fbr\u0117\u017eimams ir lengva prie\u017ei\u016bra. Kilnaus \u0105\u017euolo spalva \u2013 universalus atspalvis, tinkantis \u012fvairiems interjero stiliams. \u010ciu\u017einio ir r\u0117mo pasirinkimas \u2013 i\u0161sirinkite tinkam\u0105 140 \u00d7 200 \u010diu\u017ein\u012f ir 140 \u00d7 200 r\u0117m\u0105, kad geriau pritaikytum\u0117te lov\u0105 savo poreikiams. Santrauka<br \/>\n140 Nepo Plus lova \u2013 tai puikus funkcionalumo, patvarumo ir modernaus dizaino derinys. D\u0117l prakti\u0161k\u0173 sprendim\u0173, toki\u0173 kaip lentynos ir stal\u010diai, tai puikus pasirinkimas miegamajam. Sukurkite darn\u0173 i\u0161d\u0117stym\u0105 derindami lov\u0105 su kitais Nepo Plus kolekcijos elementais, kad u\u017etikrintum\u0117te komfort\u0105 ir harmonij\u0105 savo interjere.<\/p>\n<p>Prek\u0117s kodas S435-LOZ3S-DNO Ilgis 204,5 cm Plotis 145,5 cm Auk\u0161tis 47,5-85,5 cm Kolekcija \u201eNepo Plus\u201c Spalva kilnus \u0105\u017euolas Atspalvis tamsi mediena Stilius modernus Med\u017eiaga laminatas Miegamoji funkcija su miegam\u0105ja funkcija Miegamoji dalis 140\u00d7200 Papildomas konteineris Gamintojas Juoda Raudona Balta Bald\u0173 tipas Lovos PVM 23% EAN 5906123051781<\/p>","protected":false},"excerpt":{"rendered":"<p>140 cm \u201eNepo Plus\u201c lova \u2013 miego komfortas ir funkcionalumas viename. \u201eNepo Plus\u201c lova yra puikus pasirinkimas tiems, kurie vertina paprastum\u0105 ir prakti\u0161kus sprendimus miegamajame. Galite j\u0105 suasmeninti pagal savo pageidavimus, pasirinkdami tinkam\u0105 r\u0117m\u0105 ir \u010diu\u017ein\u012f, kad u\u017etikrintum\u0117te auk\u0161\u010diausi\u0105 komforto lyg\u012f. Patogumas ir funkcionalumas [\u2026]<\/p>","protected":false},"featured_media":260815,"comment_status":"open","ping_status":"open","template":"","meta":[],"product_brand":[],"product_cat":[9200,505],"product_tag":[],"class_list":{"0":"post-260814","1":"product","2":"type-product","3":"status-publish","4":"has-post-thumbnail","6":"product_cat-black-red-white","7":"product_cat-bedroom-beds","9":"first","10":"instock","11":"purchasable","12":"product-type-simple"},"_links":{"self":[{"href":"https:\/\/baldumarket.lt\/lt\/wp-json\/wp\/v2\/product\/260814","targetHints":{"allow":["GET"]}}],"collection":[{"href":"https:\/\/baldumarket.lt\/lt\/wp-json\/wp\/v2\/product"}],"about":[{"href":"https:\/\/baldumarket.lt\/lt\/wp-json\/wp\/v2\/types\/product"}],"replies":[{"embeddable":true,"href":"https:\/\/baldumarket.lt\/lt\/wp-json\/wp\/v2\/comments?post=260814"}],"wp:featuredmedia":[{"embeddable":true,"href":"https:\/\/baldumarket.lt\/lt\/wp-json\/wp\/v2\/media\/260815"}],"wp:attachment":[{"href":"https:\/\/baldumarket.lt\/lt\/wp-json\/wp\/v2\/media?parent=260814"}],"wp:term":[{"taxonomy":"product_brand","embeddable":true,"href":"https:\/\/baldumarket.lt\/lt\/wp-json\/wp\/v2\/product_brand?post=260814"},{"taxonomy":"product_cat","embeddable":true,"href":"https:\/\/baldumarket.lt\/lt\/wp-json\/wp\/v2\/product_cat?post=260814"},{"taxonomy":"product_tag","embeddable":true,"href":"https:\/\/baldumarket.lt\/lt\/wp-json\/wp\/v2\/product_tag?post=260814"}],"curies":[{"name":"wp","href":"https:\/\/api.w.org\/{rel}","templated":true}]}}