{"id":260803,"date":"2026-01-13T23:02:20","date_gmt":"2026-01-13T20:02:20","guid":{"rendered":"https:\/\/baldumarket.lt\/product\/lozko-140-holten-149-cm-bialy-dab-wotan\/"},"modified":"2026-02-11T18:19:44","modified_gmt":"2026-02-11T15:19:44","slug":"lozko-140-holten-149-cm-bialy-dab-wotan","status":"publish","type":"product","link":"https:\/\/baldumarket.lt\/lt\/product\/lozko-140-holten-149-cm-bialy-dab-wotan\/","title":{"rendered":"Lova 140 HOLTEN 149 cm balta\/\u0105\u017euolo spalvos wotan"},"content":{"rendered":"<p>\u201eHolten\u201c 140 cm lova \u2013 patogus poilsis ir elegancija miegamajame. 140 cm plo\u010dio \u201eHolten\u201c lova \u2013 tai pasi\u016blymas, kuris ne tik d\u017eiugins moderniu dizainu, bet ir u\u017etikrins patog\u0173 bei jauk\u0173 mieg\u0105 dviem \u017emon\u0117ms. \u0160tai kod\u0117l verta j\u0105 apsvarstyti: Pakankama miegojimo erdv\u0117: 140 x 200 cm miegamojo plotas yra puikus dydis dviem \u017emon\u0117ms. Tai vieta, kur galite gerai i\u0161simiegoti ir m\u0117gautis komforti\u0161ku nakties miegu. \u201eHolten\u201c galv\u016bgalis yra ne tik stilingas, bet ir prakti\u0161kas. Jis leid\u017eia patogiai atsilo\u0161ti skaitant knyg\u0105 ar \u017ei\u016brint televizori\u0173 lovoje. Norint u\u017etikrinti maksimal\u0173 miego komfort\u0105, verta pasirinkti tinkam\u0105 r\u0117m\u0105 ir \u010diu\u017ein\u012f, atitinkan\u010dius j\u016bs\u0173 individualius poreikius. \u201eHolten\u201c lova yra paruo\u0161ta j\u016bs\u0173 tobulam komplektui. Estetinis dizainas: Baltas lovos r\u0117mas kartu su \u201eWotan Oak\u201c galv\u016bgalio lentjuost\u0117mis sukuria eleganti\u0161k\u0105 kontrast\u0105. \u0160ios lentjuost\u0117s suteikia baldams charakterio ir unikalios i\u0161vaizdos. Jei jums reikia papildomos vietos antklod\u0117ms ir pagalv\u0117ms laikyti, galite i\u0161pl\u0117sti savo lov\u0105 su \u201eHolten\u201c stal\u010diumi. \u0160is sprendimas padeda palaikyti tvark\u0105 j\u016bs\u0173 miegamajame. \u201eHolten\u201c lova papildo kitus \u201eHolten\u201c kolekcijos elementus, leisdama sukurti darn\u0173 ir eleganti\u0161k\u0105 miegamojo i\u0161d\u0117stym\u0105. Tai puikus b\u016bdas u\u017etikrinti harmonij\u0105 ir stiling\u0105 interjero dizain\u0105. \u201eHolten 140\u201c lova yra ne tik vieta miegoti, bet ir miegamojo akcentas, suteikiantis charakterio ir elegancijos. D\u0117l savo funkcionalumo ir estetikos ji u\u017etikrins patog\u0173 poils\u012f ir mieg\u0105, o tai b\u016btina j\u016bs\u0173 kasdienei gerovei. Atkreipkite d\u0117mes\u012f: \u012f lovos kain\u0105 ne\u012feina r\u0117mas ir \u010diu\u017einys, tod\u0117l verta pasir\u016bpinti, kad \u0161ie elementai b\u016bt\u0173 tinkamai suderinti, kad gal\u0117tum\u0117te m\u0117gautis maksimaliu miego komfortu.<\/p>\n<p>Prek\u0117s kodas S440-LOZ\/140-BI\/DWO Simbolis ZM EAN Ilgis 204,5 cm Plotis 149 cm Auk\u0161tis 40,5\u2013100,5 cm Kolekcija Holten Spalva balta\/wotan \u0105\u017euolas Baltas atspalvis Stilius modernus Miegamoji funkcija su miegam\u0105ja funkcija Miegamoji dalis 140 \u00d7 200 Papildoma talpa Gamintojas Juoda Raudona Balta Bald\u0173 tipas Lovos PVM 23% EAN 5906123951807<\/p>","protected":false},"excerpt":{"rendered":"<p>\u201eHolten\u201c 140 cm plo\u010dio lova \u2013 patogus poilsis ir elegancija miegamajame. 140 cm plo\u010dio \u201eHolten\u201c lova \u2013 tai pasi\u016blymas, kuris ne tik d\u017eiugins moderniu dizainu, bet ir u\u017etikrins patog\u0173 bei jauk\u0173 mieg\u0105 dviem \u017emon\u0117ms. \u0160tai kod\u0117l verta j\u0105 apsvarstyti: Pakankama miegojimo erdv\u0117: 140 x 200 cm miegojimo zona yra idealaus dyd\u017eio [\u2026]<\/p>","protected":false},"featured_media":260804,"comment_status":"open","ping_status":"open","template":"","meta":[],"product_brand":[],"product_cat":[9200,505],"product_tag":[],"class_list":{"0":"post-260803","1":"product","2":"type-product","3":"status-publish","4":"has-post-thumbnail","6":"product_cat-black-red-white","7":"product_cat-bedroom-beds","9":"first","10":"instock","11":"purchasable","12":"product-type-simple"},"_links":{"self":[{"href":"https:\/\/baldumarket.lt\/lt\/wp-json\/wp\/v2\/product\/260803","targetHints":{"allow":["GET"]}}],"collection":[{"href":"https:\/\/baldumarket.lt\/lt\/wp-json\/wp\/v2\/product"}],"about":[{"href":"https:\/\/baldumarket.lt\/lt\/wp-json\/wp\/v2\/types\/product"}],"replies":[{"embeddable":true,"href":"https:\/\/baldumarket.lt\/lt\/wp-json\/wp\/v2\/comments?post=260803"}],"wp:featuredmedia":[{"embeddable":true,"href":"https:\/\/baldumarket.lt\/lt\/wp-json\/wp\/v2\/media\/260804"}],"wp:attachment":[{"href":"https:\/\/baldumarket.lt\/lt\/wp-json\/wp\/v2\/media?parent=260803"}],"wp:term":[{"taxonomy":"product_brand","embeddable":true,"href":"https:\/\/baldumarket.lt\/lt\/wp-json\/wp\/v2\/product_brand?post=260803"},{"taxonomy":"product_cat","embeddable":true,"href":"https:\/\/baldumarket.lt\/lt\/wp-json\/wp\/v2\/product_cat?post=260803"},{"taxonomy":"product_tag","embeddable":true,"href":"https:\/\/baldumarket.lt\/lt\/wp-json\/wp\/v2\/product_tag?post=260803"}],"curies":[{"name":"wp","href":"https:\/\/api.w.org\/{rel}","templated":true}]}}