{"id":260799,"date":"2026-01-13T23:02:16","date_gmt":"2026-01-13T20:02:16","guid":{"rendered":"https:\/\/baldumarket.lt\/product\/lozko-140-hesen-149-cm-modrzew-sibiu-jasny-sosna-larico\/"},"modified":"2026-02-11T18:19:44","modified_gmt":"2026-02-11T15:19:44","slug":"lozko-140-hesen-149-cm-modrzew-sibiu-jasny-sosna-larico","status":"publish","type":"product","link":"https:\/\/baldumarket.lt\/lt\/product\/lozko-140-hesen-149-cm-modrzew-sibiu-jasny-sosna-larico\/","title":{"rendered":"Lova 140 HESEN 149 cm \u0161viesus Sibiu maumedis\/Larico pu\u0161is"},"content":{"rendered":"<p>\u201eHesen\u201c lova \u2013 auk\u0161tos kokyb\u0117s miego garantija. \u201eHesen\u201c kolekcijoje rasite visk\u0105, ko reikia stilingam ir jaukiam interjerui sukurti. D\u0117l \u012fvairi\u0173 bald\u0173 stili\u0173, pritaikyt\u0173 \u012fvairiems j\u016bs\u0173 \u0161eimos poreikiams, neutralios spalv\u0173 palet\u0117s ir minimalistinio dizaino gal\u0117site sukurti erdv\u0119, kuri pagerins kiekvien\u0105 dien\u0105. Projektuojant miegam\u0105j\u012f, ypatingas d\u0117mesys nusipelno miegamojo. Tai vieta, kur ilsit\u0117s, miegate ir leid\u017eiate laik\u0105 atsipalaidav\u0119. \u0160tai kod\u0117l j\u016bs\u0173 miegamajame b\u016btinai turi b\u016bti \u201eHesen\u201c lova \u2013 tobulas baldas tiems, kurie m\u0117gsta komfort\u0105. \u201eHesen\u201c lova, kurios miegamojo plotas yra 140 x 200 cm, u\u017etikrina patog\u0173 mieg\u0105 dviem. Auk\u0161tas galv\u016bgalis padeda i\u0161laikyti antklod\u0119 ir pagalves vietoje, be to, jis gali b\u016bti patogus atlo\u0161as vakariniam skaitymui. Lova yra dviej\u0173 spalv\u0173. Grafito r\u0117mo ir meni\u0161ko \u0105\u017euolo lenteli\u0173 derinys sukuria rami\u0105, eleganti\u0161k\u0105 i\u0161vaizd\u0105. Antrasis variantas \u2013 \u0161viesus Sibiu maumed\u017eio r\u0117mas su Larico pu\u0161ies lentel\u0117mis, kurios suteikia lovai \u0161iltumo. Subtilus frezavimas suteikia charakterio. Sukurkite ger\u0105 nuotaik\u0105 prie\u0161 mieg\u0105, apsupdami save ramiomis, atpalaiduojan\u010diomis spalvomis. \u201eHesen\u201c lova leis jums susikurti tobul\u0105 poilsio viet\u0105. Atkreipkite d\u0117mes\u012f, kad \u012f lovos kain\u0105 ne\u012fskai\u010diuotas r\u0117mas ir \u010diu\u017einys, tod\u0117l galite pasirinkti elementus, kurie u\u017etikrins optimal\u0173 mieg\u0105.<\/p>\n<p>Prek\u0117s kodas S515-LOZ1S\/140-MSJ\/SOL Simbolis ZM EAN Ilgis 206 cm Plotis 150 cm Auk\u0161tis 95 cm Kolekcija Hesen Spalva \u0161viesi sibiu maumedis\/larico pu\u0161is Gaubtas \u0161viesi mediena Skandinavi\u0161ko stiliaus Miegamoji funkcija su miegojimo funkcija Miegamoji dalis 140\u00d7200 Indas su indu Stal\u010di\u0173 skai\u010dius 1 stal\u010dius Gamintojas Juoda Raudona Balta Bald\u0173 tipas Lovos PVM mokestis 23% EAN 5906123812290<\/p>","protected":false},"excerpt":{"rendered":"<p>\u201eHesen\u201c lova \u2013 kokybi\u0161ko miego garantija. \u201eHesen\u201c kolekcijoje rasite visk\u0105, ko reikia norint sukurti stiling\u0105 ir gerai \u012frengt\u0105 interjer\u0105. \u012evair\u016bs bald\u0173 stiliai, pritaikyti \u012fvairiems j\u016bs\u0173 \u0161eimos poreikiams, neutrali spalv\u0173 palet\u0117 ir minimalistinis dizainas leis jums sukurti erdv\u0119, kuri kiekvien\u0105 dien\u0105 praturtins j\u016bs\u0173 nuotaik\u0105. [\u2026]<\/p>","protected":false},"featured_media":260800,"comment_status":"open","ping_status":"open","template":"","meta":[],"product_brand":[],"product_cat":[9200,505],"product_tag":[],"class_list":{"0":"post-260799","1":"product","2":"type-product","3":"status-publish","4":"has-post-thumbnail","6":"product_cat-black-red-white","7":"product_cat-bedroom-beds","9":"first","10":"instock","11":"purchasable","12":"product-type-simple"},"_links":{"self":[{"href":"https:\/\/baldumarket.lt\/lt\/wp-json\/wp\/v2\/product\/260799","targetHints":{"allow":["GET"]}}],"collection":[{"href":"https:\/\/baldumarket.lt\/lt\/wp-json\/wp\/v2\/product"}],"about":[{"href":"https:\/\/baldumarket.lt\/lt\/wp-json\/wp\/v2\/types\/product"}],"replies":[{"embeddable":true,"href":"https:\/\/baldumarket.lt\/lt\/wp-json\/wp\/v2\/comments?post=260799"}],"wp:featuredmedia":[{"embeddable":true,"href":"https:\/\/baldumarket.lt\/lt\/wp-json\/wp\/v2\/media\/260800"}],"wp:attachment":[{"href":"https:\/\/baldumarket.lt\/lt\/wp-json\/wp\/v2\/media?parent=260799"}],"wp:term":[{"taxonomy":"product_brand","embeddable":true,"href":"https:\/\/baldumarket.lt\/lt\/wp-json\/wp\/v2\/product_brand?post=260799"},{"taxonomy":"product_cat","embeddable":true,"href":"https:\/\/baldumarket.lt\/lt\/wp-json\/wp\/v2\/product_cat?post=260799"},{"taxonomy":"product_tag","embeddable":true,"href":"https:\/\/baldumarket.lt\/lt\/wp-json\/wp\/v2\/product_tag?post=260799"}],"curies":[{"name":"wp","href":"https:\/\/api.w.org\/{rel}","templated":true}]}}