{"id":260791,"date":"2026-01-13T23:02:09","date_gmt":"2026-01-13T20:02:09","guid":{"rendered":"https:\/\/baldumarket.lt\/product\/lozko-140-balin-dab-monastery-dab-czarny\/"},"modified":"2026-02-11T18:19:44","modified_gmt":"2026-02-11T15:19:44","slug":"lozko-140-balin-dab-monastery-dab-czarny","status":"publish","type":"product","link":"https:\/\/baldumarket.lt\/lt\/product\/lozko-140-balin-dab-monastery-dab-czarny\/","title":{"rendered":"Lova 140 BALIN vienuolyno \u0105\u017euolas\/juodasis \u0105\u017euolas"},"content":{"rendered":"<p>\u201eBalin\u201c lova \u2013 patogus poilsis dviem. \u201eBalin\u201c kolekcijoje derinamas sant\u016brus elegancija su nesenstan\u010diu stiliumi, kuris puikiai dera tiek su moderniu, tiek su klasikiniu interjeru. \u201eBalin\u201c lova yra miegamojo centrinis elementas, kuris ne tik \u017eavi savo dizainu, bet ir si\u016blo patog\u0173 poils\u012f bei prakti\u0161kus sprendimus. Sukurta galvojant apie kasdien\u012f poils\u012f, \u201eBalin\u201c lova i\u0161siskiria patogiu funkcionalumu. \u0160is modelis turi pakeliam\u0105 r\u0117m\u0105 ir patalyn\u0117s skyri\u0173. Tai puiki vieta laikyti sezonines antklodes, pagalvi\u0173 u\u017evalkalus ar drabu\u017eius, ypa\u010d storus \u017eieminius megztinius. Be to, galv\u016bgalis neleid\u017eia pagalv\u0117ms slysti ir i\u0161tepti sienos u\u017e lovos. \u0160is sprendimas palengvina miegamojo \u0161var\u0105. Vienas i\u0161 i\u0161skirtini\u0173 \u201eBalin\u201c lovos bruo\u017e\u0173 \u2013 harmoninga spalv\u0173 gama. Lovos r\u0117mas pagamintas i\u0161 auksinio Sibiu maumed\u017eio, suteikian\u010dio jam nat\u016bralaus \u017eavesio. Tuo tarpu fasadai apdailinti eleganti\u0161ku vienuolyno \u0105\u017euolo \/ juodojo \u0105\u017euolo atspalviu. \u0160is spalv\u0173 derinys sukuria kontrast\u0105 ir suteikia lovai unikal\u0173 charakter\u012f. Pastorintas \u201eBalin\u201c lovos r\u0117mas yra i\u0161skirtinis dizaino elementas, papildantis lyg\u0173 fasad\u0173 pavir\u0161i\u0173. \u0160is subtilus tekst\u016bros skirtumas suteikia unikalaus gylio ir stiliaus. Vienas i\u0161 \u201eBalin\u201c lovos privalum\u0173 \u2013 dyd\u017ei\u0173 pasirinkimas. Lova yra 140 \u00d7 200 cm dyd\u017eio, tod\u0117l galite j\u0105 pritaikyti savo poreikiams. Be to, sodri spalv\u0173 palet\u0117 leid\u017eia priderinti lov\u0105 prie miegamojo stiliaus, renkantis i\u0161 auksinio Sibiu maumed\u017eio, vienuolyno \u0105\u017euolo \/ juodojo \u0105\u017euolo ir vienuolyno \u0105\u017euolo. Jei norite sukurti darn\u0173 ir ergonomi\u0161k\u0105 miegamojo i\u0161d\u0117stym\u0105, \u201eBalin\u201c lov\u0105 galima derinti su kitais \u201eBalin\u201c kolekcijos elementais, tokiais kaip naktinis staliukas, drabu\u017ei\u0173 spinta ir komodos. Tai sukuria vientis\u0105 vaizd\u0105, kuris pritrauks d\u0117mes\u012f ir patenkins visus j\u016bs\u0173 poreikius. Trumpai tariant, \u201eBalin\u201c lova yra ne tik baldas miegui, bet ir pagrindinis miegamojo elementas, suteikiantis harmonijos, komforto ir elegancijos. D\u0117l savo funkcionalumo, estetikos ir patvarumo sukursite tobul\u0105 viet\u0105 poilsiui ir atsipalaidavimui. Rinkit\u0117s \u201eBalin\u201c lov\u0105, kad gal\u0117tum\u0117te m\u0117gautis patogaus miego ir stilingo dekoro prabanga savo miegamajame.<\/p>\n<p>Prek\u0117s kodas S365-LOZ\/140\/B-DMON\/DCA Simbolis ZM EAN Ilgis 206,5 cm Plotis 149,5 cm Auk\u0161tis 41\u2013105,5 cm Kolekcija Balin Spalva vienuolyno \u0105\u017euolas\/juodas \u0105\u017euolas Atspalvis tamsi mediena Stilius modernus Med\u017eiaga laminatas Miegamoji funkcija su miegam\u0105ja funkcija Miegamoji dalis 140 \u00d7 200 Indas su indu Gamintojas Juoda Raudona Balta Bald\u0173 tipas Lovos PVM mokestis 23% EAN 5906123927451<\/p>","protected":false},"excerpt":{"rendered":"<p>\u201eBalin\u201c lova \u2013 patogus poilsis dviem. \u201eBalin\u201c kolekcijoje dera sant\u016bri elegancija ir nesenstantis stilius, kuris puikiai dera tiek prie modernaus, tiek prie klasikinio interjero. \u201eBalin\u201c lova yra miegamojo puo\u0161mena, kuri ne tik \u017eavi savo dizainu, bet ir si\u016blo patog\u0173 poils\u012f bei prakti\u0161kus sprendimus. Sukurta kasdieniam poilsiui [\u2026]<\/p>","protected":false},"featured_media":260792,"comment_status":"open","ping_status":"open","template":"","meta":[],"product_brand":[],"product_cat":[9200,505],"product_tag":[],"class_list":{"0":"post-260791","1":"product","2":"type-product","3":"status-publish","4":"has-post-thumbnail","6":"product_cat-black-red-white","7":"product_cat-bedroom-beds","9":"first","10":"instock","11":"purchasable","12":"product-type-simple"},"_links":{"self":[{"href":"https:\/\/baldumarket.lt\/lt\/wp-json\/wp\/v2\/product\/260791","targetHints":{"allow":["GET"]}}],"collection":[{"href":"https:\/\/baldumarket.lt\/lt\/wp-json\/wp\/v2\/product"}],"about":[{"href":"https:\/\/baldumarket.lt\/lt\/wp-json\/wp\/v2\/types\/product"}],"replies":[{"embeddable":true,"href":"https:\/\/baldumarket.lt\/lt\/wp-json\/wp\/v2\/comments?post=260791"}],"wp:featuredmedia":[{"embeddable":true,"href":"https:\/\/baldumarket.lt\/lt\/wp-json\/wp\/v2\/media\/260792"}],"wp:attachment":[{"href":"https:\/\/baldumarket.lt\/lt\/wp-json\/wp\/v2\/media?parent=260791"}],"wp:term":[{"taxonomy":"product_brand","embeddable":true,"href":"https:\/\/baldumarket.lt\/lt\/wp-json\/wp\/v2\/product_brand?post=260791"},{"taxonomy":"product_cat","embeddable":true,"href":"https:\/\/baldumarket.lt\/lt\/wp-json\/wp\/v2\/product_cat?post=260791"},{"taxonomy":"product_tag","embeddable":true,"href":"https:\/\/baldumarket.lt\/lt\/wp-json\/wp\/v2\/product_tag?post=260791"}],"curies":[{"name":"wp","href":"https:\/\/api.w.org\/{rel}","templated":true}]}}