{"id":260759,"date":"2026-01-13T23:01:42","date_gmt":"2026-01-13T20:01:42","guid":{"rendered":"https:\/\/baldumarket.lt\/product\/lozko-140-b-tetrix-149-cm-bialy-polysk\/"},"modified":"2026-02-11T18:19:44","modified_gmt":"2026-02-11T15:19:44","slug":"lozko-140-b-tetrix-149-cm-bialy-polysk","status":"publish","type":"product","link":"https:\/\/baldumarket.lt\/lt\/product\/lozko-140-b-tetrix-149-cm-bialy-polysk\/","title":{"rendered":"Lova 140 B TETRIX 149 cm balta blizgi"},"content":{"rendered":"<p>\u201eTetrix\u201c lova \u2013 vieta dviem. J\u016bs\u0173 miegamasis yra vieta, kur rasite atokv\u0117pio ir atsipalaidavimo, tod\u0117l verta pasir\u016bpinti tinkama lova, kuri u\u017etikrins patog\u0173 mieg\u0105 ir sukurs maloni\u0105 aplink\u0105. \u201eTetrix\u201c lova yra puikus pasirinkimas poroms, vertinan\u010dioms modern\u0173 dizain\u0105 ir funkcionalum\u0105. \u0160tai kod\u0117l tur\u0117tum\u0117te apsvarstyti \u0161i\u0105 lov\u0105: Dydis ir patogumas: \u201eTetrix\u201c lova si\u016blo erdv\u0173 140 \u00d7 200 cm miegojimo plot\u0105, tod\u0117l tai puiki vieta miegoti dviem \u017emon\u0117ms. Lovos r\u0117mas yra tvirtas ir suteikia puik\u0173 pagrind\u0105 tinkamai parinktam \u010diu\u017einiui. Svarbu, kad \u010diu\u017einys b\u016bt\u0173 tinkamo svorio, kad lovos pak\u0117limo mechanizmas tinkamai veikt\u0173. Apmu\u0161ti u\u017etiesalai: tiems, kurie m\u0117gsta skaityti ir atsipalaiduoti lovoje vakare, galite \u012fsigyti apmu\u0161t\u0173 u\u017etiesal\u0173, kurie auk\u0161t\u0105 galv\u016bgal\u012f padarys dar patogesn\u012f kaip atram\u0105. Galite pasirinkti audinio spalv\u0105, kuri geriausiai der\u0117s prie j\u016bs\u0173 interjero. \u201eTetrix\u201c lovos r\u0117m\u0105 galite pritaikyti pagal savo skon\u012f ir miegamojo dizain\u0105. Galite rinktis i\u0161 trij\u0173 spalv\u0173 variant\u0173: blizgios baltos, Sonoma \u0105\u017euolo ir Wotan \u0105\u017euolo. Tai leid\u017eia sukurti darni\u0105 ir harmoning\u0105 erdv\u0119. Erdvi daiktad\u0117\u017e\u0117 po r\u0117mu: Erdvi daiktad\u0117\u017e\u0117 po r\u0117mu yra prakti\u0161kas sprendimas patalynei, tekstilei ir dekoratyvin\u0117ms pagalv\u0117ms laikyti, tod\u0117l miegamajame palaikyti tvark\u0105 yra daug lengviau. \u201eTetrix\u201c lova pasi\u017eymi pastorintomis sienel\u0117mis, kurios pabr\u0117\u017eia tvirt\u0105 ir patvari\u0105 konstrukcij\u0105. \u0160is baldas tarnaus daugel\u012f met\u0173. \u201eTetrix\u201c lov\u0105 galima derinti su \u012fvairi\u0173 \u201eBlack Red White\u201c kolekcij\u0173 baldais, tod\u0117l galite lanks\u010diai \u012frengti miegam\u0105j\u012f ir sukurti unikal\u0173 dekor\u0105. Verta pamin\u0117ti, kad \u012f lovos kain\u0105 ne\u012feina \u010diu\u017einys ar mink\u0161tas \u010diu\u017einys, tod\u0117l svarbu pasirinkti tinkam\u0105 \u010diu\u017ein\u012f, kuris atitiks j\u016bs\u0173 l\u016bkes\u010dius d\u0117l patogaus miego dviese. \u201eTetrix\u201c lova yra ne tik vieta miegoti, bet ir eleganti\u0161kas dekoratyvinis elementas, kuris suteiks j\u016bs\u0173 miegamajam stiliaus. Ji u\u017etikrins komfort\u0105 ir patogum\u0105 atsipalaiduojant dviese.<\/p>\n<p>Prek\u0117s kodas S442-LOZ\/140\/B-BIP Simbolis ZM EAN Ilgis 204,5 cm Plotis 149 cm Auk\u0161tis 95\u201340,5 cm Kolekcija \u201eTetrix\u201c Spalva balta blizgi Atspalvis baltas Stilius modernus Miegamoji funkcija su miegam\u0105ja funkcija Miegamoji dalis 140 \u00d7 200 Indas su indu Gamintojas Juoda Raudona Balta Bald\u0173 tipas Lovos PVM mokestis 23% EAN 5906123606080<\/p>","protected":false},"excerpt":{"rendered":"<p>\u201eTetrix\u201c lova \u2013 vieta dviem. J\u016bs\u0173 miegamasis yra vieta, kur rasite atokv\u0117p\u012f ir atsipalaidavim\u0105, tod\u0117l verta pasir\u016bpinti tinkama lova, kuri u\u017etikrins patog\u0173 mieg\u0105 ir sukurs maloni\u0105 aplink\u0105. \u201eTetrix\u201c lova \u2013 puikus pasirinkimas poroms, vertinan\u010dioms modern\u0173 dizain\u0105 ir funkcionalum\u0105. \u0160tai kod\u0117l j\u016bs [\u2026]<\/p>","protected":false},"featured_media":260760,"comment_status":"open","ping_status":"open","template":"","meta":[],"product_brand":[],"product_cat":[9200,505],"product_tag":[],"class_list":{"0":"post-260759","1":"product","2":"type-product","3":"status-publish","4":"has-post-thumbnail","6":"product_cat-black-red-white","7":"product_cat-bedroom-beds","9":"first","10":"instock","11":"purchasable","12":"product-type-simple"},"_links":{"self":[{"href":"https:\/\/baldumarket.lt\/lt\/wp-json\/wp\/v2\/product\/260759","targetHints":{"allow":["GET"]}}],"collection":[{"href":"https:\/\/baldumarket.lt\/lt\/wp-json\/wp\/v2\/product"}],"about":[{"href":"https:\/\/baldumarket.lt\/lt\/wp-json\/wp\/v2\/types\/product"}],"replies":[{"embeddable":true,"href":"https:\/\/baldumarket.lt\/lt\/wp-json\/wp\/v2\/comments?post=260759"}],"wp:featuredmedia":[{"embeddable":true,"href":"https:\/\/baldumarket.lt\/lt\/wp-json\/wp\/v2\/media\/260760"}],"wp:attachment":[{"href":"https:\/\/baldumarket.lt\/lt\/wp-json\/wp\/v2\/media?parent=260759"}],"wp:term":[{"taxonomy":"product_brand","embeddable":true,"href":"https:\/\/baldumarket.lt\/lt\/wp-json\/wp\/v2\/product_brand?post=260759"},{"taxonomy":"product_cat","embeddable":true,"href":"https:\/\/baldumarket.lt\/lt\/wp-json\/wp\/v2\/product_cat?post=260759"},{"taxonomy":"product_tag","embeddable":true,"href":"https:\/\/baldumarket.lt\/lt\/wp-json\/wp\/v2\/product_tag?post=260759"}],"curies":[{"name":"wp","href":"https:\/\/api.w.org\/{rel}","templated":true}]}}