{"id":260748,"date":"2026-01-13T23:01:32","date_gmt":"2026-01-13T20:01:32","guid":{"rendered":"https:\/\/baldumarket.lt\/product\/lozko-120-nepo-plus-dab-sonoma\/"},"modified":"2026-02-11T18:19:45","modified_gmt":"2026-02-11T15:19:45","slug":"lozko-120-nepo-plus-dab-sonoma","status":"publish","type":"product","link":"https:\/\/baldumarket.lt\/lt\/product\/lozko-120-nepo-plus-dab-sonoma\/","title":{"rendered":"Lova 120 NEPO PLUS Sonoma Oak"},"content":{"rendered":"<p>\u201eNepo Plus\u201c lova \u2013 patogus poilsis j\u016bs\u0173 vaikui. \u201eNepo Plus\u201c kolekcija \u2013 tikras malonumas t\u0117vams, norintiems u\u017etikrinti patog\u0173 ir stiling\u0105 savo vaiko ar paauglio kambario interjer\u0105. Vienas i\u0161 pagrindini\u0173 \u0161ios kolekcijos element\u0173 yra \u201eNepo Plus\u201c lova, kuri suteikia tinkamas s\u0105lygas atsipalaiduoti po \u012ftemptos dienos mokykloje ar popamokin\u0117s veiklos. 1. Miegamasis plotas 120 \u00d7 200 cm: \u201eNepo Plus\u201c lovoje yra erdvus 120 \u00d7 200 cm \u010diu\u017einys. Tai rei\u0161kia, kad j\u016bs\u0173 vaikas tur\u0117s daug vietos patogiam miegui ir poilsiui. Ypa\u010d svarbu suteikti jam pakankamai vietos atsigauti po sunkios dienos. 2. \u010ciu\u017einio ir r\u0117mo derinimas: Norint u\u017etikrinti visi\u0161k\u0105 miego komfort\u0105, verta pasir\u016bpinti tinkamu \u010diu\u017einiu ir r\u0117mu. Nors \u012f \u201eNepo Plus\u201c lovos kain\u0105 ne\u012feina r\u0117mas ir \u010diu\u017einys, tai leid\u017eia t\u0117vams pasirinkti elementus, kurie geriausiai atitinka j\u0173 vaiko poreikius. Galite pasirinkti tinkamo kietumo ir komforto \u010diu\u017ein\u012f, kad u\u017etikrintum\u0117te sveik\u0105 mieg\u0105. R\u0117mas taip pat turi \u012ftakos miego komfortui, tod\u0117l verta investuoti \u012f auk\u0161tos kokyb\u0117s sprendimus. 3. Stilingas dizainas: \u201eNepo Plus\u201c lova ne tik suteikia komforto, bet ir pasi\u017eymi labai modernia i\u0161vaizda. Stilingas jos dizainas dera prie \u012fvairi\u0173 interjero dizain\u0173, tod\u0117l j\u0105 lengva pritaikyti vaiko kambaryje. Galite prid\u0117ti spalving\u0173 patalyn\u0117s u\u017evalkal\u0173 ir dekoracij\u0173, kad sukurtum\u0117te jauki\u0105 erdv\u0119. Verta pamin\u0117ti, kad \u012f \u201eNepo Plus\u201c lovos kain\u0105 ne\u012feina r\u0117mas ir \u010diu\u017einys, tod\u0117l tai gali b\u016bti i\u0161\u0161\u016bkis biud\u017eetui. Ta\u010diau \u0161is lankstumas leid\u017eia t\u0117vams pasirinkti tinkamus komponentus, kurie geriausiai atitinka j\u0173 vaiko l\u016bkes\u010dius ir poreikius. Santrauka: \u201eNepo Plus\u201c lova yra puikus sprendimas t\u0117vams, norintiems u\u017etikrinti, kad j\u0173 vaikas miegot\u0173 patogiai ir stilingai. Erdvus miegojimo pavir\u0161ius ir modernus dizainas daro j\u0105 idealiu pasirinkimu vaiko ar paauglio kambariui. Galimyb\u0117 reguliuoti \u010diu\u017ein\u012f ir r\u0117m\u0105 leid\u017eia dar geriau i\u0161simiegoti ir atsipalaiduoti. \u0160is baldas moderniame interjere derina funkcionalum\u0105 ir estetik\u0105.<\/p>\n<p>Prek\u0117s kodas S435-LOZ\/120-DSO Simbolis ZM EAN Ilgis 204 cm Plotis 125 cm Auk\u0161tis 44,5\u201366,5 cm Kolekcija \u201eNepo Plus\u201c Spalva sonoma \u0105\u017euolas Gaubtas \u0161viesios medienos Stilius modernus Miegamoji funkcija su miegojimo funkcija Miegamoji dalis 120 \u00d7 200 Papildoma talpa Gamintojas Juoda Raudona Balta Bald\u0173 tipas Lovos PVM 23% EAN 5906123948807<\/p>","protected":false},"excerpt":{"rendered":"<p>\u201eNepo Plus\u201c lova \u2013 patogus poilsis j\u016bs\u0173 vaikui. \u201eNepo Plus\u201c kolekcija \u2013 tikras malonumas t\u0117vams, norintiems u\u017etikrinti patog\u0173 ir stiling\u0105 savo vaiko ar paauglio kambario interjer\u0105. Vienas i\u0161 pagrindini\u0173 \u0161ios kolekcijos element\u0173 \u2013 \u201eNepo Plus\u201c lova, kuri suteikia tinkamas s\u0105lygas atsipalaiduoti po [\u2026]<\/p>","protected":false},"featured_media":260749,"comment_status":"open","ping_status":"open","template":"","meta":[],"product_brand":[],"product_cat":[9200,505],"product_tag":[],"class_list":{"0":"post-260748","1":"product","2":"type-product","3":"status-publish","4":"has-post-thumbnail","6":"product_cat-black-red-white","7":"product_cat-bedroom-beds","9":"first","10":"instock","11":"purchasable","12":"product-type-simple"},"_links":{"self":[{"href":"https:\/\/baldumarket.lt\/lt\/wp-json\/wp\/v2\/product\/260748","targetHints":{"allow":["GET"]}}],"collection":[{"href":"https:\/\/baldumarket.lt\/lt\/wp-json\/wp\/v2\/product"}],"about":[{"href":"https:\/\/baldumarket.lt\/lt\/wp-json\/wp\/v2\/types\/product"}],"replies":[{"embeddable":true,"href":"https:\/\/baldumarket.lt\/lt\/wp-json\/wp\/v2\/comments?post=260748"}],"wp:featuredmedia":[{"embeddable":true,"href":"https:\/\/baldumarket.lt\/lt\/wp-json\/wp\/v2\/media\/260749"}],"wp:attachment":[{"href":"https:\/\/baldumarket.lt\/lt\/wp-json\/wp\/v2\/media?parent=260748"}],"wp:term":[{"taxonomy":"product_brand","embeddable":true,"href":"https:\/\/baldumarket.lt\/lt\/wp-json\/wp\/v2\/product_brand?post=260748"},{"taxonomy":"product_cat","embeddable":true,"href":"https:\/\/baldumarket.lt\/lt\/wp-json\/wp\/v2\/product_cat?post=260748"},{"taxonomy":"product_tag","embeddable":true,"href":"https:\/\/baldumarket.lt\/lt\/wp-json\/wp\/v2\/product_tag?post=260748"}],"curies":[{"name":"wp","href":"https:\/\/api.w.org\/{rel}","templated":true}]}}