{"id":260733,"date":"2026-01-13T23:01:21","date_gmt":"2026-01-13T20:01:21","guid":{"rendered":"https:\/\/baldumarket.lt\/product\/lozko-120-malcolm-dab-monument-szary-wolfram\/"},"modified":"2026-02-11T18:19:45","modified_gmt":"2026-02-11T15:19:45","slug":"lozko-120-malcolm-dab-monument-szary-wolfram","status":"publish","type":"product","link":"https:\/\/baldumarket.lt\/lt\/product\/lozko-120-malcolm-dab-monument-szary-wolfram\/","title":{"rendered":"Lova 120 MALCOLM paminklas \u0105\u017euolas\/pilkas volframas"},"content":{"rendered":"<p>\u201eMalcolm\u201c lova \u2013 komfortas paauglio kambaryje\u201eMalcolm\u201c kolekcija \u2013 tai bald\u0173 kolekcija, pasi\u017eyminti nesenstan\u010diu dizainu, i\u0161skirtiniu stiliumi ir funkcionalumu, idealiai tinkanti jaunesniems vartotojams. Vienas i\u0161 nepakei\u010diam\u0173 \u0161ios kolekcijos element\u0173 \u2013 erdvi, 120 cm plo\u010dio \u201eMalcolm\u201c lova. \u0160i lova, skirta jaunimo kambariui, yra sprendimas, leid\u017eiantis efektyviai i\u0161naudoti turim\u0105 erdv\u0119 kambaryje. Lovos r\u0117mas turi lentynas, kurios idealiai tinka knygoms ir kitiems smulkiems daiktams laikyti. Papildomas patogumas \u2013 pasirenkamas stal\u010dius, kuriame galima laikyti patalyn\u0119, \u017eaislus ar sezoninius drabu\u017eius \u2013 vieta viskam, ko jums reikia! Renkantis lov\u0105, taip pat verta pagalvoti apie tinkam\u0105 \u010diu\u017ein\u012f ir r\u0117m\u0105, pritaikytus individualiems vartotojo pageidavimams ir poreikiams. Prislopintos \u201eCanyon Monument Oak\u201c spalvos \u201eMalcolm\u201c lova puikiai dera su kitais kolekcijos baldais. Ji suteikia ideal\u0173 pagrind\u0105 spalvingoms ar ry\u0161kioms pagalv\u0117ms ir jaunatvi\u0161kai ra\u0161tuotai patalynei, suteikiant kambariui charakterio. Atminkite, kad \u201eMalcolm\u201c kolekcijos elementus galima derinti bet kokiu b\u016bdu, tod\u0117l gal\u0117site puikiai pritaikyti kambario i\u0161planavim\u0105 prie konkre\u010di\u0173 jo poreiki\u0173 ir individuali\u0173 vaiko poreiki\u0173. Ta\u010diau svarbu atkreipti d\u0117mes\u012f, kad \u012f lovos kain\u0105 ne\u012feina r\u0117mas ir \u010diu\u017einys, kuriuos reikia pritaikyti pagal naudotojo pageidavimus. \u201eMalcolm\u201c lova yra puikus jaunimo kambario centrinis elementas, u\u017etikrinantis ir miegojimo komfort\u0105, ir funkcionalum\u0105 d\u0117l \u012fmontuot\u0173 lentyn\u0173 ir pasirinktinai \u012fsigyjamo stal\u010diaus.<\/p>\n<p>Prek\u0117s kodas S325-LOZ\/120-DAMO\/SZW Simbolis ZM EAN Ilgis 204 cm Plotis 124 cm Auk\u0161tis 45-90 cm Kolekcija Malcolm Spalva monumentalus \u0105\u017euolas\/pilkas volframas Gaubtas tamsi mediena Stilius modernus Med\u017eiaga laminatas Miegamoji funkcija su miegam\u0105ja funkcija Miegamoji dalis 120\u00d7200 Papildoma talpa Gamintojas Juoda Raudona Balta Bald\u0173 tipas Lovos PVM mokestis 23% EAN 5906123925327<\/p>","protected":false},"excerpt":{"rendered":"<p>\u201eMalcolm\u201c lova \u2013 komfortas paauglio kambaryje. \u201eMalcolm\u201c kolekcija \u2013 tai bald\u0173 kolekcija, pasi\u017eyminti nesenstan\u010diu dizainu, i\u0161skirtiniu stiliumi ir funkcionalumu, idealiai tinkanti jaunesniems vartotojams. Vienas i\u0161 nepakei\u010diam\u0173 \u0161ios kolekcijos element\u0173 \u2013 erdvi, 120 cm plo\u010dio \u201eMalcolm\u201c lova. \u0160i lova, skirta jaunimo kambariui, yra sprendimas, kuris [\u2026]<\/p>","protected":false},"featured_media":260734,"comment_status":"open","ping_status":"open","template":"","meta":[],"product_brand":[],"product_cat":[9200,505],"product_tag":[],"class_list":{"0":"post-260733","1":"product","2":"type-product","3":"status-publish","4":"has-post-thumbnail","6":"product_cat-black-red-white","7":"product_cat-bedroom-beds","9":"first","10":"instock","11":"purchasable","12":"product-type-simple"},"_links":{"self":[{"href":"https:\/\/baldumarket.lt\/lt\/wp-json\/wp\/v2\/product\/260733","targetHints":{"allow":["GET"]}}],"collection":[{"href":"https:\/\/baldumarket.lt\/lt\/wp-json\/wp\/v2\/product"}],"about":[{"href":"https:\/\/baldumarket.lt\/lt\/wp-json\/wp\/v2\/types\/product"}],"replies":[{"embeddable":true,"href":"https:\/\/baldumarket.lt\/lt\/wp-json\/wp\/v2\/comments?post=260733"}],"wp:featuredmedia":[{"embeddable":true,"href":"https:\/\/baldumarket.lt\/lt\/wp-json\/wp\/v2\/media\/260734"}],"wp:attachment":[{"href":"https:\/\/baldumarket.lt\/lt\/wp-json\/wp\/v2\/media?parent=260733"}],"wp:term":[{"taxonomy":"product_brand","embeddable":true,"href":"https:\/\/baldumarket.lt\/lt\/wp-json\/wp\/v2\/product_brand?post=260733"},{"taxonomy":"product_cat","embeddable":true,"href":"https:\/\/baldumarket.lt\/lt\/wp-json\/wp\/v2\/product_cat?post=260733"},{"taxonomy":"product_tag","embeddable":true,"href":"https:\/\/baldumarket.lt\/lt\/wp-json\/wp\/v2\/product_tag?post=260733"}],"curies":[{"name":"wp","href":"https:\/\/api.w.org\/{rel}","templated":true}]}}