{"id":260725,"date":"2026-01-13T23:01:15","date_gmt":"2026-01-13T20:01:15","guid":{"rendered":"https:\/\/baldumarket.lt\/product\/lozko-120-lara-jesion-belarus\/"},"modified":"2026-02-11T18:19:45","modified_gmt":"2026-02-11T15:19:45","slug":"lozko-120-lara-jesion-belarus","status":"publish","type":"product","link":"https:\/\/baldumarket.lt\/lt\/product\/lozko-120-lara-jesion-belarus\/","title":{"rendered":"Lova 120 LARA Baltarusijos uosis"},"content":{"rendered":"<p>Lova \u201eLara 120\u201c \u2013 patogus miegas moderniu stiliumi. Patogus miegas vaidina labai svarb\u0173 vaidmen\u012f paauglio kambaryje. Kokybi\u0161kas miegas yra b\u016btinas norint susikaupti mokymuisi ir pasiekti s\u0117km\u0117s \u012fvairiose gyvenimo srityse. Lova \u201eLara 120\u201c suteiks j\u016bs\u0173 vaikui pakankamai miegojimo vietos, i\u0161laikydama patraukl\u0173 ir modern\u0173 kambario dizain\u0105. Lova \u201eLara 120\u201c skirta 120 x 200 cm \u010diu\u017einiui, u\u017etikrinan\u010diam tinkam\u0105 miego pavir\u0161i\u0173. Tinkamo \u010diu\u017einio pasirinkimas yra labai svarbus miego kokybei, tod\u0117l galite j\u012f pritaikyti prie savo vaiko pageidavim\u0173 ir poreiki\u0173, sukurdami tobul\u0105 viet\u0105 atsipalaiduoti. Pelen\u0173 spalvos lova \u201eBelarus\u201c su juodais akcentais sukuria moderni\u0105, lofto stiliaus atmosfer\u0105. Galv\u016bgalis ne tik suteikia stiliaus, bet ir yra patogi vieta pasid\u0117ti pagalv\u0119, tuo pa\u010diu apsaugant sien\u0105 nuo purvo ir pa\u017eeidim\u0173. Lov\u0105 \u201eLara 120\u201c galima dar labiau i\u0161pl\u0117sti stal\u010diumi, kuriame patogu laikyti patalyn\u0119 ir palaikyti tvark\u0105 kambaryje. Jei norite dar labiau papildyti lovos interjer\u0105, galite u\u017esisakyti mink\u0161t\u0105 lov\u0105 \u201eTetrix Kaspian T 120\u201c, kuri\u0105 galima \u012fsigyti \u012fvairi\u0173 spalv\u0173. Tai leid\u017eia jums suasmeninti lov\u0105 ir pritaikyti j\u0105 prie kambario stiliaus. Lova \u201eLara 120\u201c yra \u201eLara\u201c kolekcijos dalis, o tai rei\u0161kia, kad galite visi\u0161kai \u012frengti jaunimo kambar\u012f ar svetain\u0119, derindami \u012fvairius \u0161ios linijos bald\u0173 elementus. Atkreipkite d\u0117mes\u012f, kad \u012f lovos kain\u0105 ne\u012feina r\u0117mas ir \u010diu\u017einys. Tod\u0117l svarbu pasirinkti tinkam\u0105 r\u0117m\u0105 ir \u010diu\u017ein\u012f, kurie u\u017etikrins komfort\u0105 ir miego kokyb\u0119. Trumpai tariant, \u201eLara 120\u201c lova yra puikus sprendimas paauglio kambariui, derinantis patog\u0173 mieg\u0105 su moderniu dizainu. U\u017etikrinkite komfort\u0105 ir stili\u0173 savo vaiko erdv\u0117je, sukurdami viet\u0105, kurioje miegas tampa tikru malonumu. M\u0117gaukit\u0117s \u201eLara\u201c kolekcijos lovos funkcionalumu ir estetika!<\/p>\n<p>Prek\u0117s kodas S463-LOZ\/120-JBE Simbolis ZM EAN Ilgis 204,5 cm Plotis 128 cm Auk\u0161tis 45,5\u201390,5 cm Kolekcija Lara Spalva Baltarusijos uosis \u0160e\u0161\u0117lis \u0161viesi mediena Stilius loftas Med\u017eiaga laminatas Miegamoji funkcija su miegam\u0105ja funkcija Miegamoji dalis 120 \u00d7 200 Papildoma talpa Gamintojas Juoda Raudona Balta Bald\u0173 tipas Lovos PVM 23% EAN 5906123607896<\/p>","protected":false},"excerpt":{"rendered":"<p>\u201eLara 120\u201c lova \u2013 patogus miegas moderniu stiliumi. Patogus miegas vaidina labai svarb\u0173 vaidmen\u012f paauglio kambaryje. Geros kokyb\u0117s miegas yra b\u016btinas norint susikaupti mokymesi ir pasiekti s\u0117km\u0117s \u012fvairiose gyvenimo srityse. \u201eLara 120\u201c lova suteiks j\u016bs\u0173 vaikui pakankamai miego erdv\u0117s, i\u0161laikydama patraukli\u0105 ir moderni\u0105 [\u2026]<\/p>","protected":false},"featured_media":260726,"comment_status":"open","ping_status":"open","template":"","meta":[],"product_brand":[],"product_cat":[9200,505],"product_tag":[],"class_list":{"0":"post-260725","1":"product","2":"type-product","3":"status-publish","4":"has-post-thumbnail","6":"product_cat-black-red-white","7":"product_cat-bedroom-beds","9":"first","10":"instock","11":"purchasable","12":"product-type-simple"},"_links":{"self":[{"href":"https:\/\/baldumarket.lt\/lt\/wp-json\/wp\/v2\/product\/260725","targetHints":{"allow":["GET"]}}],"collection":[{"href":"https:\/\/baldumarket.lt\/lt\/wp-json\/wp\/v2\/product"}],"about":[{"href":"https:\/\/baldumarket.lt\/lt\/wp-json\/wp\/v2\/types\/product"}],"replies":[{"embeddable":true,"href":"https:\/\/baldumarket.lt\/lt\/wp-json\/wp\/v2\/comments?post=260725"}],"wp:featuredmedia":[{"embeddable":true,"href":"https:\/\/baldumarket.lt\/lt\/wp-json\/wp\/v2\/media\/260726"}],"wp:attachment":[{"href":"https:\/\/baldumarket.lt\/lt\/wp-json\/wp\/v2\/media?parent=260725"}],"wp:term":[{"taxonomy":"product_brand","embeddable":true,"href":"https:\/\/baldumarket.lt\/lt\/wp-json\/wp\/v2\/product_brand?post=260725"},{"taxonomy":"product_cat","embeddable":true,"href":"https:\/\/baldumarket.lt\/lt\/wp-json\/wp\/v2\/product_cat?post=260725"},{"taxonomy":"product_tag","embeddable":true,"href":"https:\/\/baldumarket.lt\/lt\/wp-json\/wp\/v2\/product_tag?post=260725"}],"curies":[{"name":"wp","href":"https:\/\/api.w.org\/{rel}","templated":true}]}}