{"id":260717,"date":"2026-01-13T23:01:08","date_gmt":"2026-01-13T20:01:08","guid":{"rendered":"https:\/\/baldumarket.lt\/product\/lozko-120-holten-129-cm-dab-waterford\/"},"modified":"2026-02-11T18:19:45","modified_gmt":"2026-02-11T15:19:45","slug":"lozko-120-holten-129-cm-dab-waterford","status":"publish","type":"product","link":"https:\/\/baldumarket.lt\/lt\/product\/lozko-120-holten-129-cm-dab-waterford\/","title":{"rendered":"Lova 120 HOLTEN 129 cm, Waterford \u0105\u017euolas"},"content":{"rendered":"<p>\u201eHolten\u201c lova \u2013 raktas \u012f atjaun\u0117jim\u0105 ir patog\u0173 mieg\u0105. Kurdami jaunimo kambar\u012f, nepamir\u0161kite svarbiausio elemento \u2013 lovos. Geras miegas ir atjaun\u0117jimas yra nepaprastai svarb\u016bs, ypa\u010d daugelio \u017emoni\u0173 \u012ftemptame gyvenimo ritme. \u201eHolten\u201c lova yra ne tik vieta miegoti, bet ir dekoratyvinis elementas, puikiai derantis prie modernaus dizaino. \u0160tai kod\u0117l verta investuoti \u012f \u0161i\u0105 lov\u0105: auk\u0161tas \u201eHolten\u201c lovos galv\u016bgalis ne tik suteikia elegancijos ir stiliaus, bet ir atlieka praktin\u0119 funkcij\u0105. Jis neleid\u017eia pagalvei slysti ir apsaugo sien\u0105 nuo d\u0117mi\u0173, o tai ypa\u010d svarbu, kai lova naudojama kaip darbo vieta ar kabinetas. 120 \u00d7 200 cm lova suteikia daug vietos patogiam nakties miegui, nepriklausomai nuo am\u017eiaus. Tai taip pat puikus sprendimas tiems, kuriems reikia daugiau miegojimo vietos. I\u0161pl\u0117timo galimyb\u0117: \u201eHolten\u201c lov\u0105 galima i\u0161pl\u0117sti stal\u010diumi \u2013 puiki id\u0117ja norint gauti papildomos vietos patalynei, \u017eaislams ar sezoniniams drabu\u017eiams laikyti. \u0160is sprendimas padeda palaikyti tvark\u0105 kambaryje. Matin\u0117s baltos spalvos lovos r\u0117mas puikiai dera su \u201eWotan\u201c \u0105\u017euolo grotel\u0117mis. \u012evair\u016bs medienos ra\u0161to atspalviai kiekvien\u0105 lov\u0105 daro unikali\u0105 ir ypating\u0105. \u0160is derinys suteikia baldams charakterio ir elegancijos. \u201eHolten\u201c lov\u0105 galima derinti su kitais kolekcijos elementais, sukuriant darn\u0173 ir funkcional\u0173 jaunimo kambario i\u0161d\u0117stym\u0105. Tai puikus b\u016bdas u\u017etikrinti harmonij\u0105 interjero dizaine. \u0160iandieniniame greitame gyvenimo tempe labai svarbu pabr\u0117\u017eti sveiko miego ir atsigavimo svarb\u0105. \u201eHolten\u201c lova si\u016blo ir komfort\u0105, ir estetik\u0105, tod\u0117l tai puikus pasirinkimas jaunimo kambariui. Pastaba: \u012f lovos kain\u0105 ne\u012feina r\u0117mas ir \u010diu\u017einys, tod\u0117l verta rinktis atid\u017eiai, kad b\u016bt\u0173 u\u017etikrintas maksimalus miego komfortas.<\/p>\n<p>Prek\u0117s kodas S493-LOZ\/120-DWF Simbolis ZM EAN Ilgis 204,5 cm Plotis 129 cm Auk\u0161tis 40,5\u2013100,5 cm Kolekcija Holten Spalva Waterford \u0105\u017euolas Atspalvis tamsi mediena Stilius modernus Miegamoji funkcija su miegam\u0105ja funkcija Miegamoji dalis 120 \u00d7 200 Papildoma talpa Gamintojas Juoda Raudona Balta Bald\u0173 tipas Lovos PVM mokestis 23% EAN 5906123709781<\/p>","protected":false},"excerpt":{"rendered":"<p>\u201eHolten\u201c lova \u2013 raktas \u012f atjaun\u0117jim\u0105 ir patog\u0173 mieg\u0105. Kurdami jaunimo kambar\u012f, nepamir\u0161kite svarbiausio elemento \u2013 lovos. Geras miegas ir atjaun\u0117jimas yra nepaprastai svarb\u016bs, ypa\u010d \u012ftempto gyvenimo b\u016bdo metu. \u201eHolten\u201c lova yra ne tik vieta miegoti, bet ir dekoratyvus [\u2026]<\/p>","protected":false},"featured_media":260718,"comment_status":"open","ping_status":"open","template":"","meta":[],"product_brand":[],"product_cat":[9200,505],"product_tag":[],"class_list":{"0":"post-260717","1":"product","2":"type-product","3":"status-publish","4":"has-post-thumbnail","6":"product_cat-black-red-white","7":"product_cat-bedroom-beds","9":"first","10":"instock","11":"purchasable","12":"product-type-simple"},"_links":{"self":[{"href":"https:\/\/baldumarket.lt\/lt\/wp-json\/wp\/v2\/product\/260717","targetHints":{"allow":["GET"]}}],"collection":[{"href":"https:\/\/baldumarket.lt\/lt\/wp-json\/wp\/v2\/product"}],"about":[{"href":"https:\/\/baldumarket.lt\/lt\/wp-json\/wp\/v2\/types\/product"}],"replies":[{"embeddable":true,"href":"https:\/\/baldumarket.lt\/lt\/wp-json\/wp\/v2\/comments?post=260717"}],"wp:featuredmedia":[{"embeddable":true,"href":"https:\/\/baldumarket.lt\/lt\/wp-json\/wp\/v2\/media\/260718"}],"wp:attachment":[{"href":"https:\/\/baldumarket.lt\/lt\/wp-json\/wp\/v2\/media?parent=260717"}],"wp:term":[{"taxonomy":"product_brand","embeddable":true,"href":"https:\/\/baldumarket.lt\/lt\/wp-json\/wp\/v2\/product_brand?post=260717"},{"taxonomy":"product_cat","embeddable":true,"href":"https:\/\/baldumarket.lt\/lt\/wp-json\/wp\/v2\/product_cat?post=260717"},{"taxonomy":"product_tag","embeddable":true,"href":"https:\/\/baldumarket.lt\/lt\/wp-json\/wp\/v2\/product_tag?post=260717"}],"curies":[{"name":"wp","href":"https:\/\/api.w.org\/{rel}","templated":true}]}}