{"id":260701,"date":"2026-01-13T23:00:55","date_gmt":"2026-01-13T20:00:55","guid":{"rendered":"https:\/\/baldumarket.lt\/product\/lozko-120-hesen-130-cm-modrzew-sibiu-jasny-sosna-larico\/"},"modified":"2026-02-11T18:19:45","modified_gmt":"2026-02-11T15:19:45","slug":"lozko-120-hesen-130-cm-modrzew-sibiu-jasny-sosna-larico","status":"publish","type":"product","link":"https:\/\/baldumarket.lt\/lt\/product\/lozko-120-hesen-130-cm-modrzew-sibiu-jasny-sosna-larico\/","title":{"rendered":"Lova 120 HESEN 130 cm \u0161viesus Sibiu maumedis\/larico pu\u0161is"},"content":{"rendered":"<p>\u201eHesen 120\u201c lova \u2013 j\u016bs\u0173 miegas gra\u017eioje erdv\u0117je. Jei jaunimo kambario \u012frengimas jums kelia i\u0161\u0161\u016bki\u0173, \u201eHesen\u201c kolekcija gali b\u016bti sprendimas, pad\u0117siantis sukurti tobul\u0105 miegojimo erdv\u0119. Ji ne tik funkcionali, bet ir stilinga. \u201eHesen\u201c kolekcijos lovos matmenys yra 207 x 130 x 95 cm, o miegojimo plotas \u2013 120 cm, o ilgis \u2013 200 cm. Minimalistinis ir modernus dizainas puikiai tinka ma\u017eiems jaunimo kambariams, studijos tipo apartamentams ar ma\u017eiems miegamiesiems. Visi \u201eHesen\u201c kolekcijos elementai yra dviej\u0173 spalv\u0173. Grafito ir dirbtinio \u0105\u017euolo derinys sukuria v\u0117si\u0105, tamsi\u0105 palet\u0119 su kontrastingais akcentais. Jei m\u0117gstate ry\u0161kesn\u012f, nat\u016bralesn\u012f interjer\u0105, \u0161viesus Sibiu maumedis kartu su Larico pu\u0161imi gali b\u016bti puikus pasirinkimas. Be estetini\u0173 detali\u0173, verta atkreipti d\u0117mes\u012f \u012f frezavim\u0105, kuris suteikia lovai stiliaus ir subtilumo. Auk\u0161tas galv\u016bgalis suteikia patogi\u0105 atram\u0105 ir apsaugo pagalves nuo tiesioginio s\u0105ly\u010dio su siena. Nors \u201eHesen\u201c lova yra minimalistin\u0117 ir grie\u017eta, j\u0105 galite papildyti \u0161iltesni\u0173 atspalvi\u0173 aksesuarais, tokiais kaip kilim\u0117lis, lempa, antklod\u0117s ar dekoratyvin\u0117s pagalv\u0117l\u0117s, kad kambarys b\u016bt\u0173 jaukus. \u201eHesen\u201c lova parduodama be r\u0117mo ir \u010diu\u017einio, tod\u0117l galite pasirinkti elementus, kurie u\u017etikrins patog\u0173 mieg\u0105.<\/p>\n<p>Prek\u0117s kodas S515-LOZ\/120-MSJ\/SOL Simbolis ZM EAN Ilgis 207 cm Plotis 130 cm Auk\u0161tis 95 cm Kolekcija Hesen Spalva \u0161viesi sibiu maumedis\/larico pu\u0161is Gaubtas \u0161viesi mediena Skandinavi\u0161ko stiliaus Miegamoji funkcija su miegojimo funkcija Miegamoji dalis 120\u00d7200 Papildoma talpa Gamintojas Juoda Raudona Balta Bald\u0173 tipas Lovos PVM 23% EAN 5906123812221<\/p>","protected":false},"excerpt":{"rendered":"<p>\u201eHesen 120\u201c lova \u2013 j\u016bs\u0173 miegas gra\u017eioje erdv\u0117je. Jei jaunimo kambario \u012frengimas jums sud\u0117tingas, \u201eHesen\u201c kolekcija gali b\u016bti sprendimas, pad\u0117siantis sukurti tobul\u0105 miegojimo erdv\u0119. Ji ne tik funkcionali, bet ir stilinga. \u201eHesen\u201c kolekcijos lovos matmenys yra 207 x 130 x 95 cm [\u2026]<\/p>","protected":false},"featured_media":260702,"comment_status":"open","ping_status":"open","template":"","meta":[],"product_brand":[],"product_cat":[9200,505],"product_tag":[],"class_list":{"0":"post-260701","1":"product","2":"type-product","3":"status-publish","4":"has-post-thumbnail","6":"product_cat-black-red-white","7":"product_cat-bedroom-beds","9":"first","10":"instock","11":"purchasable","12":"product-type-simple"},"_links":{"self":[{"href":"https:\/\/baldumarket.lt\/lt\/wp-json\/wp\/v2\/product\/260701","targetHints":{"allow":["GET"]}}],"collection":[{"href":"https:\/\/baldumarket.lt\/lt\/wp-json\/wp\/v2\/product"}],"about":[{"href":"https:\/\/baldumarket.lt\/lt\/wp-json\/wp\/v2\/types\/product"}],"replies":[{"embeddable":true,"href":"https:\/\/baldumarket.lt\/lt\/wp-json\/wp\/v2\/comments?post=260701"}],"wp:featuredmedia":[{"embeddable":true,"href":"https:\/\/baldumarket.lt\/lt\/wp-json\/wp\/v2\/media\/260702"}],"wp:attachment":[{"href":"https:\/\/baldumarket.lt\/lt\/wp-json\/wp\/v2\/media?parent=260701"}],"wp:term":[{"taxonomy":"product_brand","embeddable":true,"href":"https:\/\/baldumarket.lt\/lt\/wp-json\/wp\/v2\/product_brand?post=260701"},{"taxonomy":"product_cat","embeddable":true,"href":"https:\/\/baldumarket.lt\/lt\/wp-json\/wp\/v2\/product_cat?post=260701"},{"taxonomy":"product_tag","embeddable":true,"href":"https:\/\/baldumarket.lt\/lt\/wp-json\/wp\/v2\/product_tag?post=260701"}],"curies":[{"name":"wp","href":"https:\/\/api.w.org\/{rel}","templated":true}]}}