{"id":260677,"date":"2026-01-13T23:00:34","date_gmt":"2026-01-13T20:00:34","guid":{"rendered":"https:\/\/baldumarket.lt\/product\/lozko-120-b-ze-stelazem-i-materacem-mimas-multi-silver-tetrix-129-cm-dab-sonoma\/"},"modified":"2026-02-11T18:19:46","modified_gmt":"2026-02-11T15:19:46","slug":"lozko-120-b-ze-stelazem-i-materacem-mimas-multi-silver-tetrix-129-cm-dab-sonoma","status":"publish","type":"product","link":"https:\/\/baldumarket.lt\/lt\/product\/lozko-120-b-ze-stelazem-i-materacem-mimas-multi-silver-tetrix-129-cm-dab-sonoma\/","title":{"rendered":"Lova 120 B su r\u0117mu ir \u010diu\u017einiu MIMAS MULTI SILVER TETRIX 129 cm Sonoma \u0105\u017euolas"},"content":{"rendered":"<p>\u201eTetrix\u201c lova \u2013 u\u017etikrinkite patog\u0173 mieg\u0105 ir viet\u0105 daiktams susid\u0117ti. \u201eTetrix\u201c lovos \u012frengimas j\u016bs\u0173 miegamajame \u2013 puikus b\u016bdas sukurti patogi\u0105 ir funkcionali\u0105 erdv\u0119 poilsiui. \u0160tai kod\u0117l \u0161i lova verta j\u016bs\u0173 d\u0117mesio: sveikas miegas yra labai svarbus geram atsigavimui tiek vaikams, tiek suaugusiems. \u201eTetrix\u201c lova si\u016blo erdv\u0173 120 \u00d7 200 cm miegojimo plot\u0105, suteikiant\u012f daug erdv\u0117s poilsiui. Tai puiki vieta miegoti, skaityti knyg\u0105 ar \u017ei\u016br\u0117ti televizori\u0173. Auk\u0161tas galv\u016bgalis: \u201eTetrix\u201c lovos galv\u016bgalis ne tik puo\u0161ia sien\u0105, bet ir apsaugo sien\u0105 nuo d\u0117mi\u0173. Kai lova pastatoma kambario centre, galv\u016bgalis taip pat veikia kaip pagalv\u0117l\u0117, apsauganti nuo krintan\u010di\u0173 pagalvi\u0173. Taip pat galite \u012fsigyti mink\u0161t\u0105 galv\u016bgalio u\u017evalkal\u0105. Erdvi daikt\u0173 laikymo vieta: viena i\u0161 pagrindini\u0173 \u201eTetrix\u201c lovos savybi\u0173 yra erdvi daikt\u0173 laikymo vieta po r\u0117mu. \u0160is prakti\u0161kas sprendimas suteikia papildomos vietos daiktams susid\u0117ti. Joje galite laikyti patalyn\u0119, tekstil\u0119 ir dekoratyvines pagalv\u0117les, tod\u0117l lengviau palaikyti tvark\u0105 miegamajame. Gamintojas si\u016blo tris skirtingas \u201eTetrix\u201c lovos spalvas: blizgi\u0105 balt\u0105, Sonoma \u0105\u017euolo ir Wotan \u0105\u017euolo. Tai leid\u017eia lov\u0105 priderinti prie j\u016bs\u0173 interjero dizaino ir skonio. I\u0161skirtiniai, pastorinti r\u0117mo \u0161onai pabr\u0117\u017eia \u201eTetrix\u201c lovos tvirtum\u0105 ir tvirt\u0105 konstrukcij\u0105. \u0160is baldas tarnaus daugel\u012f met\u0173, u\u017etikrindamas patog\u0173 ir stabil\u0173 mieg\u0105. \u201eMimas Multi Silver\u201c \u010diu\u017einys: tai puikus \u201eTetrix\u201c lovos papildymas. \u0160is \u010diu\u017einys turi nepriklausomai veikian\u010dias daugiaki\u0161enes spyruokles, padengtas higienos sertifikuotomis \u201eUltra-Fresh\u00ae\u201c kont\u016brin\u0117mis putomis. \u010ciu\u017einys turi 7 komforto zonas, u\u017etikrinan\u010dias ergonomi\u0161k\u0105 prigludim\u0105 prie j\u016bs\u0173 k\u016bno formos. Jis yra dvipusis, leid\u017eiantis apversti ir pasukti, o tai padidina \u010diu\u017einio ilgaam\u017ei\u0161kum\u0105. \u201eSilver+\u201c u\u017evalkalas: \u010diu\u017einio u\u017evalkalas pagamintas i\u0161 megzto audinio su sidabro jonais ir ekologi\u0161ko \u201e\u00d6ko-Tex\u00ae Standard 100\u201c sertifikato, dygsniuotas puriu antialerginiu flisu. Sidabro jonai suteikia antistatini\u0173, antibakterini\u0173 ir prie\u0161grybelini\u0173 savybi\u0173. U\u017evalkal\u0105 galima skalbti skalbimo ma\u0161inoje iki 60 \u00b0C temperat\u016broje. Gamintojas suteikia 25 met\u0173 garantij\u0105 \u010diu\u017einio spyruokl\u0117ms. Tai rei\u0161kia, kad galite m\u0117gautis ilgalaikiu miego komfortu, pasitik\u0117dami gaminio kokybe ir ilgaam\u017ei\u0161kumu. Komplekt\u0105 sudaro \u201eTetrix\u201c lova ir \u201eMimas Multi Silver\u201c \u010diu\u017einys, tod\u0117l tai puikus pasirinkimas, jei jums svarbus komfortas, funkcionalumas ir estetika. \u201eTetrix\u201c lova pad\u0117s u\u017etikrinti sveik\u0105 vaiko mieg\u0105 ir palaikyti tvarking\u0105 miegam\u0105j\u012f.<\/p>\n<p>Prek\u0117s kodas S442-LOZ\/120\/B+MAT-DSO Simbolis ZM EAN Ilgis 204,5 cm Plotis 129 cm Auk\u0161tis 95\u201340,5 cm Kolekcija \u201eTetrix\u201c Spalva sonoma \u0105\u017euolas Gaubtas \u0161viesi mediena Stilius modernus Miegamoji funkcija su miegam\u0105ja funkcija Miegamoji dalis 120 \u00d7 200 Indas su indu Gamintojas Juoda Raudona Balta Bald\u0173 tipas Lovos PVM 23% EAN 5906123605908<\/p>","protected":false},"excerpt":{"rendered":"<p>\u201eTetrix\u201c lova \u2013 u\u017etikrinkite patog\u0173 mieg\u0105 ir daikt\u0173 laikym\u0105. \u201eTetrix\u201c lovos \u012frengimas miegamajame yra puikus b\u016bdas sukurti patogi\u0105 ir funkcionali\u0105 erdv\u0119 poilsiui. \u0160tai kod\u0117l verta apsvarstyti \u0161i\u0105 lov\u0105: sveikas miegas yra labai svarbus geram atsigavimui tiek vaikams, tiek suaugusiesiems. \u201eTetrix\u201c lova si\u016blo erdvi\u0105 miegojimo [\u2026]<\/p>","protected":false},"featured_media":260678,"comment_status":"open","ping_status":"open","template":"","meta":[],"product_brand":[],"product_cat":[9200,505],"product_tag":[],"class_list":{"0":"post-260677","1":"product","2":"type-product","3":"status-publish","4":"has-post-thumbnail","6":"product_cat-black-red-white","7":"product_cat-bedroom-beds","9":"first","10":"instock","11":"purchasable","12":"product-type-simple"},"_links":{"self":[{"href":"https:\/\/baldumarket.lt\/lt\/wp-json\/wp\/v2\/product\/260677","targetHints":{"allow":["GET"]}}],"collection":[{"href":"https:\/\/baldumarket.lt\/lt\/wp-json\/wp\/v2\/product"}],"about":[{"href":"https:\/\/baldumarket.lt\/lt\/wp-json\/wp\/v2\/types\/product"}],"replies":[{"embeddable":true,"href":"https:\/\/baldumarket.lt\/lt\/wp-json\/wp\/v2\/comments?post=260677"}],"wp:featuredmedia":[{"embeddable":true,"href":"https:\/\/baldumarket.lt\/lt\/wp-json\/wp\/v2\/media\/260678"}],"wp:attachment":[{"href":"https:\/\/baldumarket.lt\/lt\/wp-json\/wp\/v2\/media?parent=260677"}],"wp:term":[{"taxonomy":"product_brand","embeddable":true,"href":"https:\/\/baldumarket.lt\/lt\/wp-json\/wp\/v2\/product_brand?post=260677"},{"taxonomy":"product_cat","embeddable":true,"href":"https:\/\/baldumarket.lt\/lt\/wp-json\/wp\/v2\/product_cat?post=260677"},{"taxonomy":"product_tag","embeddable":true,"href":"https:\/\/baldumarket.lt\/lt\/wp-json\/wp\/v2\/product_tag?post=260677"}],"curies":[{"name":"wp","href":"https:\/\/api.w.org\/{rel}","templated":true}]}}