{"id":260645,"date":"2026-01-13T23:00:07","date_gmt":"2026-01-13T20:00:07","guid":{"rendered":"https:\/\/baldumarket.lt\/product\/lozko-120-b-tetrix-129-cm-dab-sonoma\/"},"modified":"2026-02-11T18:19:46","modified_gmt":"2026-02-11T15:19:46","slug":"lozko-120-b-tetrix-129-cm-dab-sonoma","status":"publish","type":"product","link":"https:\/\/baldumarket.lt\/lt\/product\/lozko-120-b-tetrix-129-cm-dab-sonoma\/","title":{"rendered":"Lova 120 B TETRIX 129 cm Sonoma \u0105\u017euolas"},"content":{"rendered":"<p>\u201eTetrix\u201c lova \u2013 raktas \u012f patog\u0173 poils\u012f. Poilsis ir atsigavimas yra labai svarb\u016bs sveikam gyvenimo b\u016bdui tiek suaugusiems, tiek vaikams. Tod\u0117l svarbu u\u017etikrinti tinkamas miego s\u0105lygas, o \u201eTetrix\u201c lova gali b\u016bti puikus sprendimas j\u016bs\u0173 vaiko miegamajam ar jaunimo kambariui. Dydis ir patogumas: \u201eTetrix\u201c lova si\u016blo erdv\u0173 120 \u00d7 200 cm miegojimo plot\u0105. Tai pakankamai vietos, kad j\u016bs\u0173 vaikas gal\u0117t\u0173 patogiai ir ramiai miegoti. Be to, i\u0161 plataus asortimento galite pasirinkti tinkam\u0105 \u010diu\u017ein\u012f, kad pritaikytum\u0117te lov\u0105 pagal savo individualius pageidavimus. Auk\u0161tas galv\u016bgalis: \u201eTetrix\u201c lovos galv\u016bgalis ne tik suteikia elegancijos, bet ir apsaugo sien\u0105 nuo purvo. Jei lov\u0105 pastatysite kambario centre, galv\u016bgalis taip pat gali apsaugoti nuo krintan\u010di\u0173 pagalvi\u0173. Taip pat galite \u012fsigyti mink\u0161t\u0105 galv\u016bgalio u\u017evalkal\u0105. Gamintojas si\u016blo tris skirtingas \u201eTetrix\u201c lovos spalvas: blizgi\u0105 balt\u0105, Sonoma \u0105\u017euolo ir Wotan \u0105\u017euolo. Tai leid\u017eia priderinti lov\u0105 prie j\u016bs\u0173 interjero dizaino ir pageidaujamo dekoro stiliaus. Erdvi daiktad\u0117\u017e\u0117 po r\u0117mu: \u0161is prakti\u0161kas sprendimas leid\u017eia laikyti patalyn\u0119, tekstil\u0119 ir dekoratyvines pagalv\u0117les neu\u017eimant papildomos vietos kambaryje. Tai leid\u017eia lengviau nei bet kada anks\u010diau palaikyti tvark\u0105. I\u0161skirtiniai, pastorinti r\u0117mo \u0161onai pabr\u0117\u017eia \u201eTetrix\u201c lovos tvirtum\u0105 ir tvirt\u0105 konstrukcij\u0105. \u0160is baldas tarnaus ilgus metus, u\u017etikrindamas patog\u0173 ir stabil\u0173 mieg\u0105. \u201eTetrix\u201c viengul\u0119 lov\u0105 galima derinti su daugeliu juod\u0173, raudon\u0173 ir balt\u0173 bald\u0173 kolekcij\u0173, tod\u0117l galite sukurti ergonomi\u0161k\u0105 paauglio kambario ar vie\u0161bu\u010dio kambario i\u0161planavim\u0105. \u0160is lankstus sprendimas si\u016blo daugyb\u0119 i\u0161d\u0117stymo galimybi\u0173. Verta prisiminti, kad \u012f lovos kain\u0105 ne\u012feina \u010diu\u017einys, tod\u0117l svarbu pasirinkti tinkam\u0105 \u010diu\u017ein\u012f, kuris atitikt\u0173 j\u016bs\u0173 vaiko miego komforto l\u016bkes\u010dius. \u201eTetrix\u201c lova yra ne tik vieta miegoti, bet ir stilingas dekoratyvinis elementas bei prakti\u0161kas daikt\u0173 laikymo sprendimas. Su ja galite u\u017etikrinti patog\u0173 vaiko mieg\u0105 ir palaikyti tvark\u0105 jo miegamajame.<\/p>\n<p>Prek\u0117s kodas S442-LOZ\/120\/B-DSO Simbolis ZM EAN Ilgis 204,5 cm Plotis 129 cm Auk\u0161tis 95\u201340,5 cm Kolekcija \u201eTetrix\u201c Spalva sonoma \u0105\u017euolas Gaubtas \u0161viesi mediena Stilius modernus Miegamoji funkcija su miegam\u0105ja funkcija Miegamoji dalis 120 \u00d7 200 Indas su indu Gamintojas Juoda Raudona Balta Bald\u0173 tipas Lovos PVM mokestis 23% EAN 5906123605977<\/p>","protected":false},"excerpt":{"rendered":"<p>\u201eTetrix\u201c lova \u2013 raktas \u012f patog\u0173 poils\u012f. Poilsis ir atsigavimas yra labai svarb\u016bs sveikam gyvenimo b\u016bdui tiek suaugusiems, tiek vaikams. Tod\u0117l svarbu u\u017etikrinti tinkamas miego s\u0105lygas, o \u201eTetrix\u201c lova gali b\u016bti puikus sprendimas j\u016bs\u0173 vaiko miegamajam ar jaunimo kambariui. Dydis ir patogumas: \u201eTetrix\u201c lova si\u016blo [\u2026]<\/p>","protected":false},"featured_media":260646,"comment_status":"open","ping_status":"open","template":"","meta":[],"product_brand":[],"product_cat":[9200,505],"product_tag":[],"class_list":{"0":"post-260645","1":"product","2":"type-product","3":"status-publish","4":"has-post-thumbnail","6":"product_cat-black-red-white","7":"product_cat-bedroom-beds","9":"first","10":"instock","11":"purchasable","12":"product-type-simple"},"_links":{"self":[{"href":"https:\/\/baldumarket.lt\/lt\/wp-json\/wp\/v2\/product\/260645","targetHints":{"allow":["GET"]}}],"collection":[{"href":"https:\/\/baldumarket.lt\/lt\/wp-json\/wp\/v2\/product"}],"about":[{"href":"https:\/\/baldumarket.lt\/lt\/wp-json\/wp\/v2\/types\/product"}],"replies":[{"embeddable":true,"href":"https:\/\/baldumarket.lt\/lt\/wp-json\/wp\/v2\/comments?post=260645"}],"wp:featuredmedia":[{"embeddable":true,"href":"https:\/\/baldumarket.lt\/lt\/wp-json\/wp\/v2\/media\/260646"}],"wp:attachment":[{"href":"https:\/\/baldumarket.lt\/lt\/wp-json\/wp\/v2\/media?parent=260645"}],"wp:term":[{"taxonomy":"product_brand","embeddable":true,"href":"https:\/\/baldumarket.lt\/lt\/wp-json\/wp\/v2\/product_brand?post=260645"},{"taxonomy":"product_cat","embeddable":true,"href":"https:\/\/baldumarket.lt\/lt\/wp-json\/wp\/v2\/product_cat?post=260645"},{"taxonomy":"product_tag","embeddable":true,"href":"https:\/\/baldumarket.lt\/lt\/wp-json\/wp\/v2\/product_tag?post=260645"}],"curies":[{"name":"wp","href":"https:\/\/api.w.org\/{rel}","templated":true}]}}