{"id":260629,"date":"2026-01-13T22:59:56","date_gmt":"2026-01-13T19:59:56","guid":{"rendered":"https:\/\/baldumarket.lt\/product\/lozka-tapicerowane-lones-140x200-szare\/"},"modified":"2026-02-11T18:19:47","modified_gmt":"2026-02-11T15:19:47","slug":"lozka-tapicerowane-lones-140x200-szare","status":"publish","type":"product","link":"https:\/\/baldumarket.lt\/lt\/product\/lozka-tapicerowane-lones-140x200-szare\/","title":{"rendered":"LONES mink\u0161tos lovos 140\u00d7200 pilkos"},"content":{"rendered":"<p>\u201eLones 140\u201c apmu\u0161ta lova \u2013 elegancija ir funkcionalumas j\u016bs\u0173 miegamajame. Patogumas ir funkcionalumas. \u201eLones\u201c apmu\u0161ta lova u\u017etikrina patog\u0173 ir sveik\u0105 mieg\u0105, kartu pagerindama interjer\u0105. Auk\u0161tos kojel\u0117s suteikia jai lengvumo poj\u016bt\u012f ir leid\u017eia lengvai valyti apa\u010di\u0105. Papildoma patalyn\u0117s laikymo vieta leid\u017eia palaikyti tvark\u0105 ir efektyviai i\u0161naudoti miegamojo erdv\u0119. Praktin\u0117s savyb\u0117s. \u201eLones\u201c model\u012f galima i\u0161pl\u0117sti su \u201eErgo Futon II\u201c paketu, skirtu plok\u0161\u010diam lovos r\u0117mui paremti, arba \u201eErgo Space II\u201c paketu su pakeliamu dujiniu r\u0117mu ir didele patalyn\u0117s laikymo vieta. Trys galimi dyd\u017eiai \u2013 140 \u00d7 200 cm, 160 \u00d7 200 cm ir 180 \u00d7 200 cm \u2013 leid\u017eia puikiai prisitaikyti prie j\u016bs\u0173 erdv\u0117s ir individuali\u0173 poreiki\u0173. Dizainas ir stilius. Moderni \u201eLones\u201c lovos forma i\u0161siskiria eleganti\u0161ku apmu\u0161tu korpusu ir auk\u0161tomis kojel\u0117mis, kurios suteikia formai lengvumo. \u0160is variantas harmoningai der\u0117s tiek prie minimalistinio, tiek prie dekoratyvesnio miegamojo i\u0161d\u0117stymo. Specialios savyb\u0117s: Apmu\u0161tas lovos r\u0117mas, Auk\u0161tos kojel\u0117s, kad b\u016bt\u0173 lengva valyti, \u012emontuota patalyn\u0117s saugykla, Galima rinktis i\u0161 trij\u0173 dyd\u017ei\u0173: 140 \u00d7 200, 160 \u00d7 200, 180 \u00d7 200 cm, \u201eErgo Futon II\u201c variantas \u2013 tvirtinamas po r\u0117mu, \u201eErgo Space II\u201c variantas \u2013 dujinio pak\u0117limo r\u0117mas ir saugykla, Didel\u0117 saugykla \u201eErgo Space II\u201c variante, Eleganti\u0161kas, modernus dizainas, Miegamoji erdv\u0117: 140 \u00d7 200 cm. Santrauka: \u201eLones 140\u201c lova apjungia moderni\u0105 i\u0161vaizd\u0105, naudojimo patogum\u0105 ir prakti\u0161kus sprendimus. D\u0117l \u012fvairi\u0173 saugojimo variant\u0173 ir dyd\u017ei\u0173 pasirinkimo ji puikiai tinka bet kuriam miegamajam.<\/p>\n<p>Prek\u0117s kodas FL-LO-LONES-140X200-G2-BLUVEL_03 Ilgis 215 cm Plotis 161 cm Auk\u0161tis 113 cm Kolekcija Lones Spalva Bluvel 03 Atspalvis pilka Stilius modernus Med\u017eiaga aksomas Miegamoji funkcija Su miegam\u0105ja funkcija Miegamoji dalis 140\u00d7200 Papildoma talpa Gamintojas Juoda Raudona Balta Bald\u0173 tipas Lovos PVM 23% EAN 5906123050111<\/p>","protected":false},"excerpt":{"rendered":"<p>\u201eLones 140\u201c apmu\u0161ta lova \u2013 elegancija ir funkcionalumas j\u016bs\u0173 miegamajame. Patogumas ir funkcionalumas. \u201eLones\u201c apmu\u0161ta lova u\u017etikrina patog\u0173 ir sveik\u0105 mieg\u0105, kartu pagerindama interjer\u0105. Auk\u0161tos kojel\u0117s suteikia jai lengvumo poj\u016bt\u012f ir leid\u017eia lengvai valyti apa\u010di\u0105. Papildoma patalyn\u0117s laikymo vieta leid\u017eia palaikyti tvark\u0105 ir efektyviai naudoti miegam\u0105j\u012f [\u2026]<\/p>","protected":false},"featured_media":260630,"comment_status":"open","ping_status":"open","template":"","meta":[],"product_brand":[],"product_cat":[9200,505],"product_tag":[],"class_list":{"0":"post-260629","1":"product","2":"type-product","3":"status-publish","4":"has-post-thumbnail","6":"product_cat-black-red-white","7":"product_cat-bedroom-beds","9":"first","10":"instock","11":"purchasable","12":"product-type-simple"},"_links":{"self":[{"href":"https:\/\/baldumarket.lt\/lt\/wp-json\/wp\/v2\/product\/260629","targetHints":{"allow":["GET"]}}],"collection":[{"href":"https:\/\/baldumarket.lt\/lt\/wp-json\/wp\/v2\/product"}],"about":[{"href":"https:\/\/baldumarket.lt\/lt\/wp-json\/wp\/v2\/types\/product"}],"replies":[{"embeddable":true,"href":"https:\/\/baldumarket.lt\/lt\/wp-json\/wp\/v2\/comments?post=260629"}],"wp:featuredmedia":[{"embeddable":true,"href":"https:\/\/baldumarket.lt\/lt\/wp-json\/wp\/v2\/media\/260630"}],"wp:attachment":[{"href":"https:\/\/baldumarket.lt\/lt\/wp-json\/wp\/v2\/media?parent=260629"}],"wp:term":[{"taxonomy":"product_brand","embeddable":true,"href":"https:\/\/baldumarket.lt\/lt\/wp-json\/wp\/v2\/product_brand?post=260629"},{"taxonomy":"product_cat","embeddable":true,"href":"https:\/\/baldumarket.lt\/lt\/wp-json\/wp\/v2\/product_cat?post=260629"},{"taxonomy":"product_tag","embeddable":true,"href":"https:\/\/baldumarket.lt\/lt\/wp-json\/wp\/v2\/product_tag?post=260629"}],"curies":[{"name":"wp","href":"https:\/\/api.w.org\/{rel}","templated":true}]}}