{"id":260626,"date":"2026-01-13T22:59:53","date_gmt":"2026-01-13T19:59:53","guid":{"rendered":"https:\/\/baldumarket.lt\/product\/listwa-maskujaca-tetrix-220-195-dab-wotan\/"},"modified":"2026-02-11T18:19:47","modified_gmt":"2026-02-11T15:19:47","slug":"listwa-maskujaca-tetrix-220-195-dab-wotan","status":"publish","type":"product","link":"https:\/\/baldumarket.lt\/lt\/product\/listwa-maskujaca-tetrix-220-195-dab-wotan\/","title":{"rendered":"TETRIX 220\/195 apdailos juostel\u0117, Wotan \u0105\u017euolas"},"content":{"rendered":"<p>220 Tetrix dengimo juostel\u0117 (passepartout) \u2013 J\u016bs\u0173 spintos papildymas. Spinta yra svarbus bet kurio miegamojo elementas, kuris ne tik tarnauja kaip daikt\u0173 laikymo vieta, bet ir prisideda prie erdv\u0117s estetikos. 220 Tetrix dengimo juostel\u0117 (passepartout) yra aksesuaras, kuris suteiks J\u016bs\u0173 spintai charakterio ir u\u017ebaigtumo. Sukurta specialiai 220 Tetrix spintai, ji garantuoja tobul\u0105 der\u0117jim\u0105. \u0160tai kelios prie\u017eastys, kod\u0117l tur\u0117tum\u0117te apsvarstyti jos naudojim\u0105: Dengimo juostel\u0117 \u012fr\u0117mina J\u016bs\u0173 spint\u0105, suteikdama jai eleganti\u0161k\u0105 ir rafinuot\u0105 i\u0161vaizd\u0105. Ji suteikia baldui esteti\u0161kesn\u012f ir ak\u012f traukiant\u012f vaizd\u0105. Juostel\u0117 yra \u012fvairi\u0173 spalv\u0173, pavyzd\u017eiui, blizgios baltos, Sonoma \u0105\u017euolo ir Wotan \u0105\u017euolo. Galite pasirinkti spalv\u0105, kuri geriausiai dera prie likusio J\u016bs\u0173 miegamojo interjero, sukurdama darni\u0105 i\u0161vaizd\u0105. Dengimo juostel\u0117 atlieka spintos apdailos elemento funkcij\u0105, paslepian\u010di\u0105 bet kokius tr\u016bkumus ar tarpus, kurie gali atsirasti surinkimo metu. Tai suteikia spintai tobul\u0105 i\u0161vaizd\u0105. Be estetin\u0117s vert\u0117s, juostel\u0117 taip pat gali atlikti apsaugin\u0119 funkcij\u0105, apsaugodama spintos kra\u0161tus ir kampus nuo pa\u017eeidim\u0173. 220 Tetrix dengimo juostel\u0117 (passepartout) \u2013 tai paprastas, bet efektyvus b\u016bdas pabr\u0117\u017eti savo spintos ir viso miegamojo unikalum\u0105. Ja pasinaudodami galite paversti bald\u0105 savo interjero dizaino akcentu ir pritaikyti j\u012f pagal savo stilistinius pageidavimus.<\/p>\n<p>Prek\u0117s kodas S442-PST\/220\/195-DWO Simbolis ZM EAN Kolekcija Tetrix Spalva wotan \u0105\u017euolas Gaubtas \u0161viesi mediena Stilius modernus Gamintojas Juoda Raudona Balta Bald\u0173 tipas Spintos PVM 23% EAN 5906123606608<\/p>","protected":false},"excerpt":{"rendered":"<p>220 \u201eTetrix\u201c dengiamoji juostel\u0117 (passepartout) \u2013 j\u016bs\u0173 garderobo papildymas. Spinta yra svarbus bet kurio miegamojo elementas, kuris ne tik tarnauja kaip daikt\u0173 laikymo vieta, bet ir prisideda prie erdv\u0117s estetikos. 220 \u201eTetrix\u201c dengiamoji juostel\u0117 (passepartout) yra aksesuaras, kuris suteiks j\u016bs\u0173 garderobui charakterio ir u\u017ebaigtumo. Sukurta specialiai [\u2026]<\/p>","protected":false},"featured_media":260627,"comment_status":"open","ping_status":"open","template":"","meta":[],"product_brand":[],"product_cat":[9200,1043],"product_tag":[],"class_list":{"0":"post-260626","1":"product","2":"type-product","3":"status-publish","4":"has-post-thumbnail","6":"product_cat-black-red-white","7":"product_cat-extras","9":"first","10":"instock","11":"purchasable","12":"product-type-simple"},"_links":{"self":[{"href":"https:\/\/baldumarket.lt\/lt\/wp-json\/wp\/v2\/product\/260626","targetHints":{"allow":["GET"]}}],"collection":[{"href":"https:\/\/baldumarket.lt\/lt\/wp-json\/wp\/v2\/product"}],"about":[{"href":"https:\/\/baldumarket.lt\/lt\/wp-json\/wp\/v2\/types\/product"}],"replies":[{"embeddable":true,"href":"https:\/\/baldumarket.lt\/lt\/wp-json\/wp\/v2\/comments?post=260626"}],"wp:featuredmedia":[{"embeddable":true,"href":"https:\/\/baldumarket.lt\/lt\/wp-json\/wp\/v2\/media\/260627"}],"wp:attachment":[{"href":"https:\/\/baldumarket.lt\/lt\/wp-json\/wp\/v2\/media?parent=260626"}],"wp:term":[{"taxonomy":"product_brand","embeddable":true,"href":"https:\/\/baldumarket.lt\/lt\/wp-json\/wp\/v2\/product_brand?post=260626"},{"taxonomy":"product_cat","embeddable":true,"href":"https:\/\/baldumarket.lt\/lt\/wp-json\/wp\/v2\/product_cat?post=260626"},{"taxonomy":"product_tag","embeddable":true,"href":"https:\/\/baldumarket.lt\/lt\/wp-json\/wp\/v2\/product_tag?post=260626"}],"curies":[{"name":"wp","href":"https:\/\/api.w.org\/{rel}","templated":true}]}}