{"id":260599,"date":"2026-01-13T22:59:33","date_gmt":"2026-01-13T19:59:33","guid":{"rendered":"https:\/\/baldumarket.lt\/product\/listwa-maskujaca-do-szafy-przesuwnej-kassel-270-cm-dab-czarny\/"},"modified":"2026-02-11T18:19:47","modified_gmt":"2026-02-11T15:19:47","slug":"listwa-maskujaca-do-szafy-przesuwnej-kassel-270-cm-dab-czarny","status":"publish","type":"product","link":"https:\/\/baldumarket.lt\/lt\/product\/listwa-maskujaca-do-szafy-przesuwnej-kassel-270-cm-dab-czarny\/","title":{"rendered":"KASSEL stumdomos spintos, 270 cm, juodo \u0105\u017euolo, apdailos juostel\u0117"},"content":{"rendered":"<p>\u201eKassel\u201c spintos dengiamoji juostel\u0117 \u2013 elegancijos akcentas. Modern\u016bs interjerai vertina novatori\u0161kus po\u017ei\u016brius ir minimalistines formas. Stilinga \u201eKassel\u201c kolekcija, skirta miegamiesiems, puikiai apjungia visas \u0161ias savybes.<br \/>\nSuteikite savo \u201eKassel\u201c spintai tinkam\u0105 r\u0117m\u0105 su \u201eKassel\u201c r\u0117mu (passepartout). Pagamintas pagal u\u017esakym\u0105 j\u016bs\u0173 spintai, jis suteiks jai eleganti\u0161ko charakterio. Papildomai pasirenkamas LED ap\u0161vietimas vir\u0161utin\u0117je juostel\u0117je subtiliai ap\u0161vie\u010dia spintos vid\u0173, tod\u0117l drabu\u017eius lengviau rasti.<br \/>\nJuodojo \u0105\u017euolo apdaila puikiai dera su kitais baldais.<br \/>\nMiegamasis neapsieina be erdvios spintos, tod\u0117l kruop\u0161tus apipavidalinimas yra labai svarbus. Derindami \u012fvairius \u201eKassel\u201c kolekcijos elementus, sukuriate jauk\u0173 ir ergonomi\u0161k\u0105 interjer\u0105.<\/p>\n<p>Prek\u0117s kodas L99-PST\/270\/218-DCA Simbolis ZM EAN Plotis 280 cm Gylis 17,5 cm Auk\u0161tis 223,5 cm Kolekcija Kassel Spalva juodas \u0105\u017euolas Atspalvis tamsi mediena Stilius modernus Med\u017eiaga laminatas Gamintojas Juoda Raudona Balta Baldo tipas Spintos PVM 23% EAN 5906123604604<\/p>","protected":false},"excerpt":{"rendered":"<p>\u201eKassel\u201c spintos dengiamoji juostel\u0117 \u2013 elegancijos akcentas. Modern\u016bs interjerai vertina novatori\u0161kus po\u017ei\u016brius ir minimalistines formas. Stilinga \u201eKassel\u201c kolekcija, skirta miegamiesiems, puikiai derina visas \u0161ias savybes. Suteikite savo \u201eKassel\u201c spintai tinkam\u0105 r\u0117m\u0105 su \u201eKassel\u201c r\u0117mu (passepartout). Pagaminta pagal u\u017esakym\u0105 j\u016bs\u0173 spintai, ji suteiks jai eleganti\u0161ko charakterio. [\u2026]<\/p>","protected":false},"featured_media":260600,"comment_status":"open","ping_status":"open","template":"","meta":[],"product_brand":[],"product_cat":[9200,1043],"product_tag":[],"class_list":{"0":"post-260599","1":"product","2":"type-product","3":"status-publish","4":"has-post-thumbnail","6":"product_cat-black-red-white","7":"product_cat-extras","9":"first","10":"instock","11":"purchasable","12":"product-type-simple"},"_links":{"self":[{"href":"https:\/\/baldumarket.lt\/lt\/wp-json\/wp\/v2\/product\/260599","targetHints":{"allow":["GET"]}}],"collection":[{"href":"https:\/\/baldumarket.lt\/lt\/wp-json\/wp\/v2\/product"}],"about":[{"href":"https:\/\/baldumarket.lt\/lt\/wp-json\/wp\/v2\/types\/product"}],"replies":[{"embeddable":true,"href":"https:\/\/baldumarket.lt\/lt\/wp-json\/wp\/v2\/comments?post=260599"}],"wp:featuredmedia":[{"embeddable":true,"href":"https:\/\/baldumarket.lt\/lt\/wp-json\/wp\/v2\/media\/260600"}],"wp:attachment":[{"href":"https:\/\/baldumarket.lt\/lt\/wp-json\/wp\/v2\/media?parent=260599"}],"wp:term":[{"taxonomy":"product_brand","embeddable":true,"href":"https:\/\/baldumarket.lt\/lt\/wp-json\/wp\/v2\/product_brand?post=260599"},{"taxonomy":"product_cat","embeddable":true,"href":"https:\/\/baldumarket.lt\/lt\/wp-json\/wp\/v2\/product_cat?post=260599"},{"taxonomy":"product_tag","embeddable":true,"href":"https:\/\/baldumarket.lt\/lt\/wp-json\/wp\/v2\/product_tag?post=260599"}],"curies":[{"name":"wp","href":"https:\/\/api.w.org\/{rel}","templated":true}]}}