{"id":260596,"date":"2026-01-13T22:59:31","date_gmt":"2026-01-13T19:59:31","guid":{"rendered":"https:\/\/baldumarket.lt\/product\/lawa-zele-120-cm-dab-wotan\/"},"modified":"2026-02-11T18:19:47","modified_gmt":"2026-02-11T15:19:47","slug":"lawa-zele-120-cm-dab-wotan","status":"publish","type":"product","link":"https:\/\/baldumarket.lt\/lt\/product\/lawa-zele-120-cm-dab-wotan\/","title":{"rendered":"ZELE kavos staliukas, 120 cm, \u0105\u017euolo spalvos, Wotan"},"content":{"rendered":"<p>\u201eZele\u201c kavos staliukas \u2013 lengva forma ir funkcionalumas. Jei ie\u0161kote baldo, kuris b\u016bt\u0173 ne tik prakti\u0161kas, bet ir suteikt\u0173 j\u016bs\u0173 interjerui modernumo, \u201eZele\u201c kavos staliukas yra puikus pasirinkimas. D\u0117l lengvos formos ir funkcionalumo jis puikiai tinka moderniam interjerui ir minimalistiniam dizainui. \u201eZele\u201c kavos staliukas buvo sukurtas siekiant suderinti kavos puodelio laikiklio ir prakti\u0161ko daikt\u0173 laikymo funkcijas. Atviros erdv\u0117s ir atskiri skyriai leid\u017eia susid\u0117ti \u012fvairius smulkius daiktus, tokius kaip nuotolinio valdymo pulteliai ar \u017eurnalai, tod\u0117l lengva palaikyti tvark\u0105 svetain\u0117je. Platus stalvir\u0161is puikiai tinka ne tik u\u017ekand\u017eiams ir arbatai, bet ir g\u0117li\u0173 vazai ar dekoratyviniams daiktams. Laminatu dengtas stalvir\u0161is pasi\u017eymi padidintu atsparumu \u012fbr\u0117\u017eimams, tod\u0117l ilgai i\u0161laikys estetin\u012f patrauklum\u0105. \u201eZele\u201c kavos staliuko spalv\u0173 gama yra dar vienas elementas, \u012f kur\u012f verta atkreipti d\u0117mes\u012f. \u0160ilto \u201eWotan\u201c \u0105\u017euolo ir neutralaus balto blizgesio derinys suteikia stalui modern\u0173 ir malon\u0173 charakter\u012f. Jei pageidaujate sant\u016bresni\u0173 spalv\u0173, jus tikrai patenkins vientisi \u201eWotan\u201c \u0105\u017euolo apdailos baldai. J\u016bs sprend\u017eiate, kaip norite, kad atrodyt\u0173 j\u016bs\u0173 kavos staliukas. A\u017e\u016brin\u0117 kavos staliuko konstrukcija, paremta stabiliomis kojel\u0117mis, suteikia jam lengvumo poj\u016bt\u012f ir patogumo kasdieniam naudojimui. Ant jo galite laisvai jud\u0117ti, o jo forma suteikia interjerui lengvumo ir elegancijos. \u201eZele\u201c kavos staliuk\u0105 taip pat galite naudoti ergonomi\u0161kai erdvei svetain\u0117je sukurti, derindami j\u012f su kitais kolekcijos elementais. Tai sukurs darn\u0173 ir funkcional\u0173 interjero dizain\u0105, atitinkant\u012f j\u016bs\u0173 poreikius ir l\u016bkes\u010dius. Trumpai tariant, \u201eZele\u201c kavos staliukas yra ne tik funkcionalus baldas, bet ir interjero dizaino elementas. D\u0117l savo funkcionalumo, dizaino ir i\u0161d\u0117stymo galimybi\u0173 jis tampa ne\u012fkainojama j\u016bs\u0173 svetain\u0117s dalimi. Suteikite jam \u0161ans\u0105 ir pamatysite, kiek jis gali pakeisti j\u016bs\u0173 aplink\u0105.<\/p>\n<p>Prek\u0117s kodas S383-LAW\/120-DWO Simbolis ZM EAN Ilgis 120 cm Plotis 60 cm Auk\u0161tis 45,5 cm Kolekcija Zele Spalva wotan \u0105\u017euolas Gaubtas \u0161viesi mediena Stilius modernus Med\u017eiaga laminatas Stalvir\u0161is laminatas R\u0117mas laminatas Forma sta\u010diakamp\u0117 Gamintojas Juoda Raudona Balta Baldo tipas Kavos staliukai ir epizodiniai staliukai PVM 23% EAN 5906123928618<\/p>","protected":false},"excerpt":{"rendered":"<p>\u201eZele\u201c kavos staliukas \u2013 lengva forma ir funkcionalumas. Jei ie\u0161kote baldo, kuris b\u016bt\u0173 ne tik prakti\u0161kas, bet ir suteikt\u0173 j\u016bs\u0173 interjerui modernumo, \u201eZele\u201c kavos staliukas yra puikus pasirinkimas. D\u0117l lengvos formos ir funkcionalumo jis puikiai tinka moderniam interjerui ir minimalistiniam dizainui. \u201eZele\u201c [\u2026]<\/p>","protected":false},"featured_media":260597,"comment_status":"open","ping_status":"open","template":"","meta":[],"product_brand":[],"product_cat":[9200,866],"product_tag":[],"class_list":{"0":"post-260596","1":"product","2":"type-product","3":"status-publish","4":"has-post-thumbnail","6":"product_cat-black-red-white","7":"product_cat-coffee-tables","9":"first","10":"instock","11":"purchasable","12":"product-type-simple"},"_links":{"self":[{"href":"https:\/\/baldumarket.lt\/lt\/wp-json\/wp\/v2\/product\/260596","targetHints":{"allow":["GET"]}}],"collection":[{"href":"https:\/\/baldumarket.lt\/lt\/wp-json\/wp\/v2\/product"}],"about":[{"href":"https:\/\/baldumarket.lt\/lt\/wp-json\/wp\/v2\/types\/product"}],"replies":[{"embeddable":true,"href":"https:\/\/baldumarket.lt\/lt\/wp-json\/wp\/v2\/comments?post=260596"}],"wp:featuredmedia":[{"embeddable":true,"href":"https:\/\/baldumarket.lt\/lt\/wp-json\/wp\/v2\/media\/260597"}],"wp:attachment":[{"href":"https:\/\/baldumarket.lt\/lt\/wp-json\/wp\/v2\/media?parent=260596"}],"wp:term":[{"taxonomy":"product_brand","embeddable":true,"href":"https:\/\/baldumarket.lt\/lt\/wp-json\/wp\/v2\/product_brand?post=260596"},{"taxonomy":"product_cat","embeddable":true,"href":"https:\/\/baldumarket.lt\/lt\/wp-json\/wp\/v2\/product_cat?post=260596"},{"taxonomy":"product_tag","embeddable":true,"href":"https:\/\/baldumarket.lt\/lt\/wp-json\/wp\/v2\/product_tag?post=260596"}],"curies":[{"name":"wp","href":"https:\/\/api.w.org\/{rel}","templated":true}]}}