{"id":260588,"date":"2026-01-13T22:59:25","date_gmt":"2026-01-13T19:59:25","guid":{"rendered":"https:\/\/baldumarket.lt\/product\/lawa-z-szuflada-forn-60-cm-dab-delano-ciemny-bialy-polysk\/"},"modified":"2026-02-11T18:19:47","modified_gmt":"2026-02-11T15:19:47","slug":"lawa-z-szuflada-forn-60-cm-dab-delano-ciemny-bialy-polysk","status":"publish","type":"product","link":"https:\/\/baldumarket.lt\/lt\/product\/lawa-z-szuflada-forn-60-cm-dab-delano-ciemny-bialy-polysk\/","title":{"rendered":"FORN kavos staliukas su stal\u010diumi 60 cm, Delano \u0105\u017euolas tamsus\/blizgi balta"},"content":{"rendered":"<p>\u201eForn\u201c kavos staliukas \u2013 stilingas baldas, sukurtas galvojant apie jus. M\u016bs\u0173 asortimente yra unikalus \u201eForn\u201c kavos staliukas, kuris bus ne tik prakti\u0161kas, bet ir dekoratyvus j\u016bs\u0173 svetain\u0117s akcentas. Kavos staliukas yra pagrindinis j\u016bs\u0173 poilsio zonos elementas, vieta, kur galite pad\u0117ti m\u0117gstam\u0105 kavos puodel\u012f, nuotolinio valdymo pult\u0105 ar ger\u0105 knyg\u0105. Modernus dizainas ir universali baldo forma leid\u017eia daugyb\u0119 i\u0161d\u0117stymo galimybi\u0173, o neutralus charakteris puikiai dera prie klasikin\u0117mis ir sant\u016briomis spalvomis dekoruot\u0173 interjero element\u0173. Pirmas elementas, kuris patraukia ak\u012f \u017evelgiant \u012f \u201eForn\u201c kavos staliuk\u0105, yra storas, lakuotas stalvir\u0161is. \u0160i erdv\u0117 ne tik atrodo stilingai, bet ir garantuoja patvarum\u0105 kasdienio naudojimo metu. Stalvir\u0161is idealiai tinka laikyti g\u0117rimus, u\u017ekand\u017eius ar dekoracijas, kurias norite visada tur\u0117ti po ranka, ilsintis svetain\u0117je. Papildomas \u201eForn\u201c kavos staliuko privalumas \u2013 stal\u010dius su \u0161velnaus u\u017edarymo sistema. Tai leid\u017eia stal\u010diui atsidaryti ir u\u017esidaryti skland\u017eiai ir tyliai. Tai puiki vieta laikyti smulkius daiktus, kuriuos norite tur\u0117ti ranka pasiekiamoje vietoje, bet neb\u016btinai matomoje vietoje. Stal\u010dius paver\u010dia kavos staliuk\u0105 ne tik esteti\u0161kai patraukliu baldu, bet ir prakti\u0161ku sprendimu. Stal\u010diaus priekis pasi\u017eymi \u012fdomiu frezavimo ra\u0161tu, kuris suteikia visam baldui charakterio ir elegancijos. \u0160ios detal\u0117s patraukia d\u0117mes\u012f ir suteikia baldui unikal\u0173 stili\u0173. Ma\u017ea lentyn\u0117l\u0117 apa\u010dioje gali b\u016bti naudojama \u017eurnalams ar kitiems smulkiems daiktams, kuriuos norite tvarkingai laikyti, laikyti. \u201eForn\u201c kolekcija taip pat i\u0161siskiria spalv\u0173 \u012fvairove, kuri\u0105 galima \u012fsigyti keturi\u0173 variant\u0173: blizgios baltos, tamsaus \u201eDelano\u201c \u0105\u017euolo \/ matin\u0117s juodos, tamsaus \u201eDelano\u201c \u0105\u017euolo \/ blizgios baltos ir blizgios baltos \/ matin\u0117s juodos. Tai rei\u0161kia, kad kavos staliuko spalv\u0105 galite priderinti prie savo interjero stiliaus ir spalv\u0173 schemos. \u201eForn\u201c kavos staliukas yra ne tik baldas; tai taip pat kolekcijos elementas, leid\u017eiantis sukurti darni\u0105 ir harmoning\u0105 i\u0161d\u0117stym\u0105 j\u016bs\u0173 svetain\u0117je. Derinkite kitus \u201eForn\u201c kolekcijos baldus, tokius kaip komoda, kavos staliukas ar knyg\u0173 lentyna, kad sukurtum\u0117te unikali\u0105 atmosfer\u0105 ir u\u017etikrintum\u0117te patogi\u0105 bei stiling\u0105 svetain\u0119. \u201eForn\u201c suolas yra funkcionalumo, estetikos ir auk\u0161tos kokyb\u0117s gamybos sinonimas.<\/p>\n<p>Prek\u0117s kodas S471-LAW1S-DDC\/BIP Simbolis ZM EAN Ilgis 90 cm Plotis 60 cm Auk\u0161tis 48,5 cm Kolekcija Forn Spalva tamsus Delano \u0105\u017euolas\/balta blizgi Gaubtas tamsi mediena Stilius modernus Med\u017eiaga laminatas Vir\u0161us laminatas R\u0117mas laminatas Stal\u010di\u0173 skai\u010dius 1 stal\u010dius Forma sta\u010diakampis Prapl\u0117timas nei\u0161traukiamas Gamintojas Juoda Raudona Balta Bald\u0173 tipas Kavos staliukai ir epizodiniai staliukai PVM 23% EAN 5906123705646<\/p>","protected":false},"excerpt":{"rendered":"<p>\u201eForn\u201c kavos staliukas \u2013 stilingas baldas, sukurtas galvojant apie jus. M\u016bs\u0173 asortimente yra unikalus \u201eForn\u201c kavos staliukas, kuris bus ne tik prakti\u0161kas, bet ir dekoratyvus j\u016bs\u0173 svetain\u0117s akcentas. Kavos staliukas yra pagrindinis j\u016bs\u0173 poilsio zonos elementas, vieta, kur galite pasid\u0117ti [\u2026]<\/p>","protected":false},"featured_media":260589,"comment_status":"open","ping_status":"open","template":"","meta":[],"product_brand":[],"product_cat":[9200,866],"product_tag":[],"class_list":{"0":"post-260588","1":"product","2":"type-product","3":"status-publish","4":"has-post-thumbnail","6":"product_cat-black-red-white","7":"product_cat-coffee-tables","9":"first","10":"instock","11":"purchasable","12":"product-type-simple"},"_links":{"self":[{"href":"https:\/\/baldumarket.lt\/lt\/wp-json\/wp\/v2\/product\/260588","targetHints":{"allow":["GET"]}}],"collection":[{"href":"https:\/\/baldumarket.lt\/lt\/wp-json\/wp\/v2\/product"}],"about":[{"href":"https:\/\/baldumarket.lt\/lt\/wp-json\/wp\/v2\/types\/product"}],"replies":[{"embeddable":true,"href":"https:\/\/baldumarket.lt\/lt\/wp-json\/wp\/v2\/comments?post=260588"}],"wp:featuredmedia":[{"embeddable":true,"href":"https:\/\/baldumarket.lt\/lt\/wp-json\/wp\/v2\/media\/260589"}],"wp:attachment":[{"href":"https:\/\/baldumarket.lt\/lt\/wp-json\/wp\/v2\/media?parent=260588"}],"wp:term":[{"taxonomy":"product_brand","embeddable":true,"href":"https:\/\/baldumarket.lt\/lt\/wp-json\/wp\/v2\/product_brand?post=260588"},{"taxonomy":"product_cat","embeddable":true,"href":"https:\/\/baldumarket.lt\/lt\/wp-json\/wp\/v2\/product_cat?post=260588"},{"taxonomy":"product_tag","embeddable":true,"href":"https:\/\/baldumarket.lt\/lt\/wp-json\/wp\/v2\/product_tag?post=260588"}],"curies":[{"name":"wp","href":"https:\/\/api.w.org\/{rel}","templated":true}]}}