{"id":260581,"date":"2026-01-13T22:59:19","date_gmt":"2026-01-13T19:59:19","guid":{"rendered":"https:\/\/baldumarket.lt\/product\/lawa-z-polka-holten-110-cm-dab-waterford\/"},"modified":"2026-02-11T18:19:48","modified_gmt":"2026-02-11T15:19:48","slug":"lawa-z-polka-holten-110-cm-dab-waterford","status":"publish","type":"product","link":"https:\/\/baldumarket.lt\/lt\/product\/lawa-z-polka-holten-110-cm-dab-waterford\/","title":{"rendered":"HOLTEN kavos staliukas su lentyna, 110 cm, Waterford \u0105\u017euolas"},"content":{"rendered":"<p>\u201cHolten\u201d kavos staliukas \u2013 j\u016bs\u0173 skandinavi\u0161ko stiliaus poilsio centras. \u0160vedi\u0161kas \u017eodis \u201efika\u201c yra gra\u017eus priminimas apie atsipalaidavimo, laiko, praleisto su artimaisiais, ir kavos g\u0117rimo kompanijoje svarb\u0105. Tai neabejotinai vertingas ritualas, kur\u012f galima perkelti \u012f j\u016bs\u0173 namus, o modernus \u201eHolten\u201c kavos staliukas jam puikiai tinka. \u0160tai kod\u0117l tur\u0117tum\u0117te apsvarstyti \u0161\u012f kavos staliuk\u0105: 50 \u00d7 90 cm stalvir\u0161is \u2013 puiki vieta aromating\u0173 g\u0117rim\u0173 ir u\u017ekand\u017ei\u0173 puodeliams. Tai vieta, kur galite m\u0117gautis kava ir pyragu, pabendrauti su \u0161eima ar draugais ir kurti ypatingus prisiminimus. Skandinavi\u0161kas stilius: \u201eHolten\u201c kavos staliukas yra puikus skandinavi\u0161ko stiliaus pavyzdys, \u017einomas d\u0117l savo paprastumo, funkcionalumo ir elegancijos. Baltas korpusas puikiai dera su \u0161ilta \u201eWotan\u201c \u0105\u017euolo stalvir\u0161io spalva, kuri atspindi nat\u016brali\u0105 medienos tekst\u016br\u0105. \u0160is derinys suteikia baldui unikalaus \u017eavesio. Prakti\u0161ka lentyn\u0117l\u0117 po stalvir\u0161iu puikiai tinka \u017eurnalams, stiklin\u0117ms ar nuotolinio valdymo pulteliui laikyti. \u0160is funkcionalumas \u201eHolten\u201c kavos staliuk\u0105 daro ne tik gra\u017eiu, bet ir prakti\u0161ku. Jei turite ma\u017e\u0173 vaik\u0173, u\u017eapvalintas ilgasis stalvir\u0161io kra\u0161tas suteikia papildom\u0105 apsaug\u0105 nuo skausming\u0173 sm\u016bgi\u0173. Tai ypa\u010d svarbu jauniausi\u0173 j\u016bs\u0173 nam\u0173 \u016bkio nari\u0173 saugumui. \u201eHolten\u201c kavos staliukas puikiai dera su kitais \u201eHolten\u201c kolekcijos baldais, leisdamas sukurti darni\u0105 ir harmoning\u0105 vaizd\u0105 j\u016bs\u0173 svetain\u0117je. Tai puikus b\u016bdas u\u017etikrinti darn\u0173 interjero dizain\u0105. \u201eHolten\u201c kavos staliukas yra daugiau nei baldas \u2013 tai ramyb\u0117s ir atsipalaidavimo oaz\u0117 j\u016bs\u0173 namuose. Jis sukuria puiki\u0105 viet\u0105 pails\u0117ti ir \u0161v\u0119sti akimirkas su artimaisiais. D\u0117l savo funkcionalumo ir estetikos kava ant \u201eHolten\u201c kavos staliuko yra dar skanesn\u0117.<\/p>\n<p>Prek\u0117s kodas S493-LAW\/110-DWF Simbolis ZM EAN Ilgis 110 cm Plotis 65 cm Auk\u0161tis 45,5 cm Kolekcija Holten Spalva Waterford \u0105\u017euolas Atspalvis tamsi mediena Stilius modernus Med\u017eiaga laminatas Stalvir\u0161is laminatas R\u0117mas laminatas Forma sta\u010diakampis I\u0161traukiamas nei\u0161traukiamas Gamintojas Juoda Raudona Balta Baldo tipas Kavos staliukai ir epizodiniai staliukai PVM 23% EAN 5906123709774<\/p>","protected":false},"excerpt":{"rendered":"<p>\u201cHolten\u201d kavos staliukas \u2013 j\u016bs\u0173 skandinavi\u0161ko stiliaus poilsio centras. \u0160vedi\u0161kas \u017eodis \u201efika\u201c yra gra\u017eus priminimas apie atsipalaidavimo, laiko, praleisto su artimaisiais, ir kavos g\u0117rimo kompanijoje svarb\u0105. Tai neabejotinai vertingas ritualas, kur\u012f galite perkelti \u012f savo namus, o modernus \u201eHolten\u201c kavos staliukas prie jo puikiai tinka. \u0160tai kod\u0117l j\u016bs [\u2026]<\/p>","protected":false},"featured_media":260582,"comment_status":"open","ping_status":"open","template":"","meta":[],"product_brand":[],"product_cat":[9200,866],"product_tag":[],"class_list":{"0":"post-260581","1":"product","2":"type-product","3":"status-publish","4":"has-post-thumbnail","6":"product_cat-black-red-white","7":"product_cat-coffee-tables","9":"first","10":"instock","11":"purchasable","12":"product-type-simple"},"_links":{"self":[{"href":"https:\/\/baldumarket.lt\/lt\/wp-json\/wp\/v2\/product\/260581","targetHints":{"allow":["GET"]}}],"collection":[{"href":"https:\/\/baldumarket.lt\/lt\/wp-json\/wp\/v2\/product"}],"about":[{"href":"https:\/\/baldumarket.lt\/lt\/wp-json\/wp\/v2\/types\/product"}],"replies":[{"embeddable":true,"href":"https:\/\/baldumarket.lt\/lt\/wp-json\/wp\/v2\/comments?post=260581"}],"wp:featuredmedia":[{"embeddable":true,"href":"https:\/\/baldumarket.lt\/lt\/wp-json\/wp\/v2\/media\/260582"}],"wp:attachment":[{"href":"https:\/\/baldumarket.lt\/lt\/wp-json\/wp\/v2\/media?parent=260581"}],"wp:term":[{"taxonomy":"product_brand","embeddable":true,"href":"https:\/\/baldumarket.lt\/lt\/wp-json\/wp\/v2\/product_brand?post=260581"},{"taxonomy":"product_cat","embeddable":true,"href":"https:\/\/baldumarket.lt\/lt\/wp-json\/wp\/v2\/product_cat?post=260581"},{"taxonomy":"product_tag","embeddable":true,"href":"https:\/\/baldumarket.lt\/lt\/wp-json\/wp\/v2\/product_tag?post=260581"}],"curies":[{"name":"wp","href":"https:\/\/api.w.org\/{rel}","templated":true}]}}