{"id":260577,"date":"2026-01-13T22:59:16","date_gmt":"2026-01-13T19:59:16","guid":{"rendered":"https:\/\/baldumarket.lt\/product\/lawa-z-polka-azteca-trio-110-cm-bialy-polysk-bialy\/"},"modified":"2026-02-11T18:19:48","modified_gmt":"2026-02-11T15:19:48","slug":"lawa-z-polka-azteca-trio-110-cm-bialy-polysk-bialy","status":"publish","type":"product","link":"https:\/\/baldumarket.lt\/lt\/product\/lawa-z-polka-azteca-trio-110-cm-bialy-polysk-bialy\/","title":{"rendered":"AZTECA TRIO kavos staliukas su lentyna, 110 cm, blizgi balta\/balta"},"content":{"rendered":"<p>\u201eAzteca Trio\u201c kavos staliukas \u2013 tobula vieta atsipalaiduoti ir i\u0161gerti kavos. \u201eAzteca Trio\u201c kolekcijoje si\u016blomi ne tik prakti\u0161ki baldai, bet ir interjero dizaino elementai, suteikiantys elegancijos bei stiliaus. \u201eAzteca Trio\u201c kavos staliukas yra puikus pavyzdys baldo, kuris ne tik sukuria prakti\u0161k\u0105 erdv\u0119, bet ir suteikia j\u016bs\u0173 svetainei charakterio bei rafinuotumo. \u201eAzteca Trio\u201c kavos staliukas yra nuolatinis svetain\u0117s aksesuaras, visada randantis savo viet\u0105. Platus stalvir\u0161is puikiai tinka kavos puodeliams, u\u017ekand\u017eiams ar g\u0117li\u0173 vazai pasid\u0117ti, sukuriant tobul\u0105 viet\u0105 atsipalaiduoti ir pasikalb\u0117ti su \u0161eima ar draugais. Be to, apatin\u0117 lentyna yra puiki vieta laikyti knygas, \u017eurnalus ar kitus daiktus, kuriuos norite tur\u0117ti po ranka. Kavos staliukas yra eleganti\u0161kos blizgios baltos spalvos, kuri pagyvina kambar\u012f ir puikiai papildo kitus \u201eAzteca Trio\u201c kolekcijos elementus. \u0160onin\u0117s sienel\u0117s suteikia tvirt\u0105 atram\u0105, kuri esteti\u0161kai papildo apatin\u0119 lentyn\u0105. D\u0117l \u0161i\u0173 savybi\u0173 kavos staliukas yra stabilus ir patvarus, tod\u0117l j\u012f galima saugiai naudoti ilg\u0105 laik\u0105. \u201eAzteca Trio\u201c kavos staliuko pastatymas svetain\u0117s \u0161irdyje yra puiki id\u0117ja. \u0160i erdv\u0117 taps nam\u0173 gyvenimo centru, kuriame gal\u0117site leisti laik\u0105 m\u0117gaudamiesi kava, arbata ar u\u017ekand\u017eiais, \u017ei\u016br\u0117dami televizori\u0173 ar plep\u0117dami su artimaisiais. \u0160is kavos staliukas taip pat puikiai dera su kitais \u201eAzteca Trio\u201c kolekcijos elementais, leisdamas sukurti darn\u0173 ir modern\u0173 interjero dizain\u0105. Dekoratyvin\u0117s juostel\u0117s tarp kavos staliuko \u0161ono ir stalvir\u0161io \u2013 tai detal\u0117s, suteikian\u010dios baldui dar daugiau \u017eavesio. Galite rinktis i\u0161 trij\u0173 spalv\u0173 variant\u0173: blizgios baltos, blizgios juodos arba \u201ewenge magic oak\u201c. Tai puikus b\u016bdas pritaikyti bald\u0105 pagal savo pageidavimus ir interjero stili\u0173. Trumpai tariant, \u201eAzteca Trio\u201c kavos staliukas yra ne tik vieta gerti kav\u0105 ar laikyti daiktus, bet ir eleganti\u0161kas interjero elementas. D\u0117l minimalistinio dizaino, funkcionalumo ir pritaikymo galimybi\u0173 jis puikiai tinka svetainei ar bet kuriai kitai patalpai, kurioje norite sukurti jauki\u0105 ir stiling\u0105 poilsio viet\u0105. Tai baldas, kuris derina funkcionalum\u0105 ir estetik\u0105, tod\u0117l interjeras tampa dar gra\u017eesnis.<\/p>\n<p>Prek\u0117s kodas S504-LAW\/4\/11-BIP\/DKB\/BI Simbolis ZM EAN Ilgis 110 cm Plotis 65 cm Auk\u0161tis 40 cm Kolekcija Azteca Trio Spalva balta blizgi\/kenterberio \u0105\u017euolas\/balta Gaubtas baltas Stilius modernus Med\u017eiaga lakas Stalvir\u0161io lakas R\u0117mas laminatas Forma sta\u010diakampis I\u0161traukiamas nei\u0161traukiamas Gamintojas Juoda Raudona Balta Baldo tipas Kavos staliukai ir epizodiniai staliukai PVM 23% EAN 5906123714549<\/p>","protected":false},"excerpt":{"rendered":"<p>\u201eAzteca Trio\u201c kavos staliukas \u2013 tobula vieta atsipalaiduoti ir i\u0161gerti kavos. \u201eAzteca Trio\u201c kolekcijoje si\u016blomi ne tik prakti\u0161ki baldai, bet ir interjero dizaino elementai, suteikiantys elegancijos bei stiliaus. \u201eAzteca Trio\u201c kavos staliukas yra puikus pavyzdys baldo, kuris ne tik sukuria prakti\u0161k\u0105 erdv\u0119, bet ir suteikia charakterio [\u2026]<\/p>","protected":false},"featured_media":260578,"comment_status":"open","ping_status":"open","template":"","meta":[],"product_brand":[],"product_cat":[9200,866],"product_tag":[],"class_list":{"0":"post-260577","1":"product","2":"type-product","3":"status-publish","4":"has-post-thumbnail","6":"product_cat-black-red-white","7":"product_cat-coffee-tables","9":"first","10":"instock","11":"purchasable","12":"product-type-simple"},"_links":{"self":[{"href":"https:\/\/baldumarket.lt\/lt\/wp-json\/wp\/v2\/product\/260577","targetHints":{"allow":["GET"]}}],"collection":[{"href":"https:\/\/baldumarket.lt\/lt\/wp-json\/wp\/v2\/product"}],"about":[{"href":"https:\/\/baldumarket.lt\/lt\/wp-json\/wp\/v2\/types\/product"}],"replies":[{"embeddable":true,"href":"https:\/\/baldumarket.lt\/lt\/wp-json\/wp\/v2\/comments?post=260577"}],"wp:featuredmedia":[{"embeddable":true,"href":"https:\/\/baldumarket.lt\/lt\/wp-json\/wp\/v2\/media\/260578"}],"wp:attachment":[{"href":"https:\/\/baldumarket.lt\/lt\/wp-json\/wp\/v2\/media?parent=260577"}],"wp:term":[{"taxonomy":"product_brand","embeddable":true,"href":"https:\/\/baldumarket.lt\/lt\/wp-json\/wp\/v2\/product_brand?post=260577"},{"taxonomy":"product_cat","embeddable":true,"href":"https:\/\/baldumarket.lt\/lt\/wp-json\/wp\/v2\/product_cat?post=260577"},{"taxonomy":"product_tag","embeddable":true,"href":"https:\/\/baldumarket.lt\/lt\/wp-json\/wp\/v2\/product_tag?post=260577"}],"curies":[{"name":"wp","href":"https:\/\/api.w.org\/{rel}","templated":true}]}}