{"id":260573,"date":"2026-01-13T22:59:13","date_gmt":"2026-01-13T19:59:13","guid":{"rendered":"https:\/\/baldumarket.lt\/product\/lawa-prostokatna-z-polka-glimp-120-cm-dab-stirling\/"},"modified":"2026-02-11T18:19:48","modified_gmt":"2026-02-11T15:19:48","slug":"lawa-prostokatna-z-polka-glimp-120-cm-dab-stirling","status":"publish","type":"product","link":"https:\/\/baldumarket.lt\/lt\/product\/lawa-prostokatna-z-polka-glimp-120-cm-dab-stirling\/","title":{"rendered":"GLIMP sta\u010diakampis kavos staliukas su lentyna 120 cm, Stirling \u0105\u017euolas"},"content":{"rendered":"<p>\u201eGlimp\u201c kavos staliukas. Ie\u0161kote modernaus kavos staliuko savo svetainei? \u201eGlimp\u201c kavos staliukas tikrai pritrauks d\u0117mes\u012f savo stilingu ir geometriniu dizainu. Jo prakti\u0161kumas i\u0161ry\u0161k\u0117s ilgai naudojant. Stalvir\u0161is, padengtas patvaria folija, yra puiki vieta kavai ir g\u0117li\u0173 puok\u0161tei. Ma\u017eoje lentyn\u0117l\u0117je galite laikyti televizoriaus nuotolinio valdymo pultel\u012f ar \u017eurnalus, o erdvi erdv\u0117 po stalvir\u0161iu puikiai tinka dekoratyvinei d\u0117\u017eutei.<br \/>\n\u201eGlimp\u201c kavos staliukas yra neutralios baltos spalvos arba, jei pageidaujate nat\u016brali\u0173 atspalvi\u0173 su matomu medienos ra\u0161tu, galite rinktis i\u0161 toki\u0173 spalv\u0173 kaip venge, Sonoma \u0105\u017euolas, Stirling \u0105\u017euolas arba Wotan \u0105\u017euolas.<br \/>\nTvirta G formos konstrukcija paremta aliuminio r\u0117mu.<br \/>\nSukurkite unikal\u0173 kavos kampel\u012f, pastatydami \u201eGlimp\u201c kavos staliuk\u0105 jo centre. D\u0117l \u012fvairios spalv\u0173 palet\u0117s j\u012f lengvai priderinsite prie savo svetain\u0117s interjero.<\/p>\n<p>Prek\u0117s kodas D05001-LAW\/120-DAST Simbolis ZM EAN Ilgis 120 cm Plotis 60 cm Auk\u0161tis 45 cm Kolekcija \u201eGlimp\u201c Spalva stirling \u0105\u017euolas Atspalvis tamsi mediena Stilius modernus Med\u017eiaga laminatas Stalvir\u0161is laminatas R\u0117mas laminatas Forma sta\u010diakampis I\u0161traukiamas nei\u0161traukiamas Gamintojas Juoda Raudona Balta Baldo tipas Kavos staliukai ir epizodiniai staliukai PVM 23% EAN 5906123091558<\/p>","protected":false},"excerpt":{"rendered":"<p>\u201eGlimp\u201c kavos staliukas. Ie\u0161kote modernaus kavos staliuko savo svetainei? \u201eGlimp\u201c kavos staliukas tikrai pritrauks d\u0117mes\u012f stilingu ir geometriniu dizainu. Jo prakti\u0161kumas i\u0161ry\u0161k\u0117s ilgai naudojant. Stalvir\u0161is, padengtas patvaria folija, yra puiki vieta kavai ir g\u0117li\u0173 puok\u0161tei. Ma\u017ea lentyn\u0117l\u0117 [\u2026]<\/p>","protected":false},"featured_media":260574,"comment_status":"open","ping_status":"open","template":"","meta":[],"product_brand":[],"product_cat":[9200,866],"product_tag":[],"class_list":{"0":"post-260573","1":"product","2":"type-product","3":"status-publish","4":"has-post-thumbnail","6":"product_cat-black-red-white","7":"product_cat-coffee-tables","9":"first","10":"instock","11":"purchasable","12":"product-type-simple"},"_links":{"self":[{"href":"https:\/\/baldumarket.lt\/lt\/wp-json\/wp\/v2\/product\/260573","targetHints":{"allow":["GET"]}}],"collection":[{"href":"https:\/\/baldumarket.lt\/lt\/wp-json\/wp\/v2\/product"}],"about":[{"href":"https:\/\/baldumarket.lt\/lt\/wp-json\/wp\/v2\/types\/product"}],"replies":[{"embeddable":true,"href":"https:\/\/baldumarket.lt\/lt\/wp-json\/wp\/v2\/comments?post=260573"}],"wp:featuredmedia":[{"embeddable":true,"href":"https:\/\/baldumarket.lt\/lt\/wp-json\/wp\/v2\/media\/260574"}],"wp:attachment":[{"href":"https:\/\/baldumarket.lt\/lt\/wp-json\/wp\/v2\/media?parent=260573"}],"wp:term":[{"taxonomy":"product_brand","embeddable":true,"href":"https:\/\/baldumarket.lt\/lt\/wp-json\/wp\/v2\/product_brand?post=260573"},{"taxonomy":"product_cat","embeddable":true,"href":"https:\/\/baldumarket.lt\/lt\/wp-json\/wp\/v2\/product_cat?post=260573"},{"taxonomy":"product_tag","embeddable":true,"href":"https:\/\/baldumarket.lt\/lt\/wp-json\/wp\/v2\/product_tag?post=260573"}],"curies":[{"name":"wp","href":"https:\/\/api.w.org\/{rel}","templated":true}]}}