{"id":260570,"date":"2026-01-13T22:59:10","date_gmt":"2026-01-13T19:59:10","guid":{"rendered":"https:\/\/baldumarket.lt\/product\/lawa-prostokatna-do-salonu-acadia-115-cm-dab-wotan\/"},"modified":"2026-02-11T18:19:48","modified_gmt":"2026-02-11T15:19:48","slug":"lawa-prostokatna-do-salonu-acadia-115-cm-dab-wotan","status":"publish","type":"product","link":"https:\/\/baldumarket.lt\/lt\/product\/lawa-prostokatna-do-salonu-acadia-115-cm-dab-wotan\/","title":{"rendered":"Sta\u010diakampis kavos staliukas svetainei ACADIA 115 cm, \u0105\u017euolo spalvos Wotan"},"content":{"rendered":"<p>\u201eAcadia\u201c kavos staliukas. Pasinaudokite laisva popiete arba ramiu savaitgaliu ir atsipalaiduokite po \u012ftemptos savait\u0117s. Patogiai \u012fsitaisykite fotelyje ir pasiruo\u0161kite puodel\u012f kavos, kuri\u0105 visada tur\u0117site po ranka prie \u201eAcadia\u201c kavos staliuko.<br \/>\nPaprastas \u201eAcadia\u201c kavos staliuko dizainas puikiai dera prie bet kokio interjero. Sta\u010diakampis stalvir\u0161is suteikia viet\u0105 u\u017ekand\u017eiams, g\u0117rimams ir dekoratyvinei g\u0117li\u0173 vazai. Apatinis stalvir\u0161is tarnauja kaip patogi lentyna, puikiai tinkanti \u017eurnalams, skaitomai med\u017eiagai ar televizoriaus nuotolinio valdymo pulteliui laikyti.<br \/>\nLaminuotas stalvir\u0161is i\u0161 \u201eWotan Oak\u201c subtiliai pagerina interjero atmosfer\u0105.<br \/>\nStalo kojos, i\u0161d\u0117stytos L forma, suteikia stabilumo ir \u012fr\u0117mina apatin\u012f stalvir\u0161\u012f.<br \/>\n\u201eAcadia\u201c kavos staliukas \u2013 puikus pasirinkimas tiems, kurie nori savo svetain\u0117je susikurti jauki\u0105 poilsio zon\u0105.<\/p>\n<p>Prek\u0117s kodas D05031-LAWA_ACADIA-DWO Simbolis ZM EAN Ilgis 115 cm Plotis 56 cm Auk\u0161tis 45,5 cm Kolekcija Acadia Spalva wotan \u0105\u017euolas Gaubtas \u0161viesi mediena Stilius modernus Med\u017eiaga laminatas Vir\u0161us laminatas R\u0117mas laminatas Forma sta\u010diakampis I\u0161traukiamas nei\u0161traukiamas Gamintojas Juoda Raudona Balta Bald\u0173 tipas Kavos staliukai ir epizodiniai staliukai PVM 23% EAN 5906123091923<\/p>","protected":false},"excerpt":{"rendered":"<p>\u201eAcadia\u201c kavos staliukas. Pasinaudokite laisva popiete arba ramiu savaitgaliu ir atsipalaiduokite po \u012ftemptos savait\u0117s. Patogiai \u012fsitaisykite fotelyje ir pasigaminkite puodel\u012f kavos, kuri\u0105 visada tur\u0117site po ranka prie \u201eAcadia\u201c kavos staliuko. Paprastas \u201eAcadia\u201c kavos staliuko dizainas puikiai papildo [\u2026]<\/p>","protected":false},"featured_media":260571,"comment_status":"open","ping_status":"open","template":"","meta":[],"product_brand":[],"product_cat":[9200,866],"product_tag":[],"class_list":{"0":"post-260570","1":"product","2":"type-product","3":"status-publish","4":"has-post-thumbnail","6":"product_cat-black-red-white","7":"product_cat-coffee-tables","9":"first","10":"instock","11":"purchasable","12":"product-type-simple"},"_links":{"self":[{"href":"https:\/\/baldumarket.lt\/lt\/wp-json\/wp\/v2\/product\/260570","targetHints":{"allow":["GET"]}}],"collection":[{"href":"https:\/\/baldumarket.lt\/lt\/wp-json\/wp\/v2\/product"}],"about":[{"href":"https:\/\/baldumarket.lt\/lt\/wp-json\/wp\/v2\/types\/product"}],"replies":[{"embeddable":true,"href":"https:\/\/baldumarket.lt\/lt\/wp-json\/wp\/v2\/comments?post=260570"}],"wp:featuredmedia":[{"embeddable":true,"href":"https:\/\/baldumarket.lt\/lt\/wp-json\/wp\/v2\/media\/260571"}],"wp:attachment":[{"href":"https:\/\/baldumarket.lt\/lt\/wp-json\/wp\/v2\/media?parent=260570"}],"wp:term":[{"taxonomy":"product_brand","embeddable":true,"href":"https:\/\/baldumarket.lt\/lt\/wp-json\/wp\/v2\/product_brand?post=260570"},{"taxonomy":"product_cat","embeddable":true,"href":"https:\/\/baldumarket.lt\/lt\/wp-json\/wp\/v2\/product_cat?post=260570"},{"taxonomy":"product_tag","embeddable":true,"href":"https:\/\/baldumarket.lt\/lt\/wp-json\/wp\/v2\/product_tag?post=260570"}],"curies":[{"name":"wp","href":"https:\/\/api.w.org\/{rel}","templated":true}]}}