{"id":260564,"date":"2026-01-13T22:59:06","date_gmt":"2026-01-13T19:59:06","guid":{"rendered":"https:\/\/baldumarket.lt\/product\/lawa-nepo-plus-115-cm-bialy\/"},"modified":"2026-02-11T18:19:48","modified_gmt":"2026-02-11T15:19:48","slug":"lawa-nepo-plus-115-cm-bialy","status":"publish","type":"product","link":"https:\/\/baldumarket.lt\/lt\/product\/lawa-nepo-plus-115-cm-bialy\/","title":{"rendered":"NEPO PLUS kavos staliukas, 115 cm, baltas"},"content":{"rendered":"<p>\u201eNepo Plus\u201c kavos staliukas \u2013 puikus pagrindas stalo \u017eaidimams ir daugeliui kit\u0173 panaudojimo b\u016bd\u0173. \u012erengiant vaiko kambar\u012f ar renkant baldus nam\u0173 biurui, svarbu pasirinkti baldus, kurie b\u016bt\u0173 ne tik funkcional\u016bs, bet ir papildyt\u0173 modern\u0173 interjero dizain\u0105. \u0160iame kontekste \u201eNepo Plus\u201c kolekcija yra puikus sprendimas, atitinkantis visus \u0161iuos l\u016bkes\u010dius. \u201eNepo Plus\u201c kavos staliukas yra vienas i\u0161 pagrindini\u0173 \u0161ios kolekcijos element\u0173, suteikiantis ne tik prakti\u0161k\u0105, bet ir stiling\u0105 pagrind\u0105 daugelyje kambari\u0173. \u201eNepo Plus\u201c kavos staliukas yra ne tik \u012fprastas kavos staliukas. Tai taip pat funkcionali vieta \u012fvairiems daiktams laikyti. Nesvarbu, ar tai u\u017ekand\u017eiai, limonadas susib\u016brimui su draugais, ar m\u0117gstami galvos\u016bkiai, visk\u0105 galite lengvai sud\u0117ti ant \u0161io kavos staliuko. D\u0117l papildomos lentynos po stalvir\u0161iu tur\u0117site vietos spalvingiems \u017eurnalams, j\u016bs\u0173 dabartinei skaitomai med\u017eiagai ar d\u0117lioni\u0173 d\u0117\u017eut\u0117ms. Tiems, kurie vertina tvark\u0105 ir organizuotum\u0105, \u0161is kavos staliukas yra tikras malonumas. \u201eNepo Plus\u201c kavos staliuko stalvir\u0161is yra 115 cm plo\u010dio ir padengtas laminatu. Tai rei\u0161kia, kad jis ne tik erdvus pavir\u0161ius, bet ir yra atsparesnis \u012fbr\u0117\u017eimams. Taigi, jei stal\u0105 naudojate kasdien, jums nereik\u0117s nerimauti d\u0117l atsitiktini\u0173 \u012fbr\u0117\u017eim\u0173 ar pa\u017eeidim\u0173. Didelis vir\u0161utinis pavir\u0161ius pastatytas ant stabili\u0173, L formos kojeli\u0173. Tai u\u017etikrina stalo patvarum\u0105 ir patikimum\u0105. Ant jo galite lengvai pad\u0117ti net sunkesnius daiktus, nesijaudindami d\u0117l jo patvarumo. \u201eNepo Plus\u201c stalas i\u0161siskiria tuo, kad j\u012f galima derinti su kitais kolekcijos elementais. Tai leid\u017eia sukurti pilnai funkcionali\u0105 ir moderni\u0105 erdv\u0119 \u012fvairiuose kambariuose, pavyzd\u017eiui, jaunimo kambaryje, svetain\u0117je ar biure. \u201eNepo Plus\u201c kolekcijos baldus galite priderinti prie savo poreiki\u0173 ir skonio, sukurdami darn\u0173 interjero dizain\u0105. \u201eNepo Plus\u201c stalas n\u0117ra tiesiog \u012fprastas baldas; tai puikus pagrindas stalo \u017eaidimams, susitikimams su draugais ar atsipalaidavimo akimirkoms su m\u0117gstama knyga. D\u0117l prakti\u0161k\u0173 savybi\u0173, atsparumo pa\u017eeidimams, stabilumo ir derinimo su kitais kolekcijos elementais jis yra puikus pasirinkimas moderniam interjerui. Nesvarbu, ar \u012frengiate kambar\u012f savo vaikui, ar renkate baldus savo biurui, \u201eNepo Plus\u201c suoliukas gali b\u016bti j\u016bs\u0173 kambario funkcionalumo ir stiliaus centras.<\/p>\n<p>Prek\u0117s kodas S435-LAW\/115-BI Simbolis ZM EAN Ilgis 115 cm Plotis 56 cm Auk\u0161tis 45,5 cm Kolekcija Nepo Plus Spalva balta Atspalvis baltas Stilius modernus Med\u017eiaga laminatas Vir\u0161us laminatas R\u0117mas laminatas Forma sta\u010diakampis I\u0161traukiamas nei\u0161traukiamas Gamintojas Juoda Raudona Balta Baldo tipas Kavos staliukai ir epizodiniai staliukai PVM 23% EAN 5906123948661<\/p>","protected":false},"excerpt":{"rendered":"<p>\u201eNepo Plus\u201c kavos staliukas \u2013 puikus pagrindas stalo \u017eaidimui ir daugeliui kit\u0173 panaudojimo b\u016bd\u0173. \u012erengiant vaiko kambar\u012f ar renkant baldus nam\u0173 biurui, svarbu pasirinkti baldus, kurie b\u016bt\u0173 ne tik funkcional\u016bs, bet ir papildyt\u0173 modern\u0173 interjero dizain\u0105. \u0160iame kontekste \u201eNepo Plus\u201c kolekcija yra puikus [\u2026]<\/p>","protected":false},"featured_media":260565,"comment_status":"open","ping_status":"open","template":"","meta":[],"product_brand":[],"product_cat":[9200,866],"product_tag":[],"class_list":{"0":"post-260564","1":"product","2":"type-product","3":"status-publish","4":"has-post-thumbnail","6":"product_cat-black-red-white","7":"product_cat-coffee-tables","9":"first","10":"instock","11":"purchasable","12":"product-type-simple"},"_links":{"self":[{"href":"https:\/\/baldumarket.lt\/lt\/wp-json\/wp\/v2\/product\/260564","targetHints":{"allow":["GET"]}}],"collection":[{"href":"https:\/\/baldumarket.lt\/lt\/wp-json\/wp\/v2\/product"}],"about":[{"href":"https:\/\/baldumarket.lt\/lt\/wp-json\/wp\/v2\/types\/product"}],"replies":[{"embeddable":true,"href":"https:\/\/baldumarket.lt\/lt\/wp-json\/wp\/v2\/comments?post=260564"}],"wp:featuredmedia":[{"embeddable":true,"href":"https:\/\/baldumarket.lt\/lt\/wp-json\/wp\/v2\/media\/260565"}],"wp:attachment":[{"href":"https:\/\/baldumarket.lt\/lt\/wp-json\/wp\/v2\/media?parent=260564"}],"wp:term":[{"taxonomy":"product_brand","embeddable":true,"href":"https:\/\/baldumarket.lt\/lt\/wp-json\/wp\/v2\/product_brand?post=260564"},{"taxonomy":"product_cat","embeddable":true,"href":"https:\/\/baldumarket.lt\/lt\/wp-json\/wp\/v2\/product_cat?post=260564"},{"taxonomy":"product_tag","embeddable":true,"href":"https:\/\/baldumarket.lt\/lt\/wp-json\/wp\/v2\/product_tag?post=260564"}],"curies":[{"name":"wp","href":"https:\/\/api.w.org\/{rel}","templated":true}]}}