{"id":260561,"date":"2026-01-13T22:59:03","date_gmt":"2026-01-13T19:59:03","guid":{"rendered":"https:\/\/baldumarket.lt\/product\/lawa-na-metalowym-stelazu-aroz-100-cm-dab-monastery-czarny\/"},"modified":"2026-02-11T18:19:48","modified_gmt":"2026-02-11T15:19:48","slug":"lawa-na-metalowym-stelazu-aroz-100-cm-dab-monastery-czarny","status":"publish","type":"product","link":"https:\/\/baldumarket.lt\/lt\/product\/lawa-na-metalowym-stelazu-aroz-100-cm-dab-monastery-czarny\/","title":{"rendered":"AROZ suolas ant metalinio r\u0117mo, 100 cm, vienuolyno \u0105\u017euolas\/juoda"},"content":{"rendered":"<p>\u201eAroz\u201c kavos staliukas \u2013 funkcionali vieta u\u017ekand\u017eiams. Jei ie\u0161kote universalaus baldo su lofto stiliaus dizainu, b\u016btinai atkreipkite d\u0117mes\u012f \u012f \u201eAroz\u201c kavos staliuk\u0105. Jis greitai peln\u0117 dizaino entuziast\u0173 pripa\u017einim\u0105 kaip b\u016btinas interjero elementas.<br \/>\nStoras stalvir\u0161io pavir\u0161ius yra laminuotas, tod\u0117l jis atsparesnis \u012fbr\u0117\u017eimams, kuriuos kasdien naudojant galima lengvai pa\u017eeisti. Tvirtas atlo\u0161as remiasi \u012f patvar\u0173 metalin\u012f r\u0117m\u0105, u\u017etikrinant\u012f stabilum\u0105 ir ilgaam\u017ei\u0161kum\u0105. Sta\u010diakamp\u0117s kojel\u0117s ne tik sukuria papildomos erdv\u0117s po stalvir\u0161iu, bet ir suteikia baldui lengvumo, tod\u0117l jis puikiai tinka net ir ma\u017eose erdv\u0117se. Pasirinkite norim\u0105 stalvir\u0161io spalv\u0105 i\u0161 galim\u0173 variant\u0173.<br \/>\n\u201eAroz\u201c kavos staliukas vis\u0173 pirma i\u0161siskiria prakti\u0161ku stalvir\u0161iu, puikiai tinkan\u010diu kavos puodeliams, u\u017ekand\u017eiams ar \u012fsp\u016bdingai g\u0117li\u0173 vazai pastatyti. Jis puikiai atrodo kartu su metalin\u0117mis lentynomis ir plytomis i\u0161klota siena, suteikdamas interjerui i\u0161skirtinio lofto stiliaus \u017eavesio.<\/p>\n<p>Prek\u0117s kodas D05034-LAW\/100-DMON Simbolis ZM EAN Ilgis 100 cm Plotis 69 cm Auk\u0161tis 53 cm Kolekcija Aroz Spalva monastery \u0105\u017euolas\/juoda Gaubtas tamsi mediena Stilius loft Med\u017eiaga laminatas Stalvir\u0161is laminatas R\u0117mas metalas Forma sta\u010diakampis I\u0161traukiamas nei\u0161traukiamas Gamintojas Juoda Raudona Balta Bald\u0173 tipas Kavos staliukai ir epizodiniai staliukai PVM 23% EAN 5906123092029<\/p>","protected":false},"excerpt":{"rendered":"<p>\u201eAroz\u201c kavos staliukas \u2013 funkcionali vieta u\u017ekand\u017eiams. Jei ie\u0161kote universalaus baldo su lofto stiliaus dizainu, b\u016btinai atkreipkite d\u0117mes\u012f \u012f \u201eAroz\u201c kavos staliuk\u0105. Jis greitai peln\u0117 dizaino entuziast\u0173 pripa\u017einim\u0105 kaip b\u016btinas interjero elementas. Storas stalvir\u0161io pavir\u0161ius yra laminuotas, tod\u0117l jis labiau [\u2026]<\/p>","protected":false},"featured_media":260562,"comment_status":"open","ping_status":"open","template":"","meta":[],"product_brand":[],"product_cat":[9200,866],"product_tag":[],"class_list":{"0":"post-260561","1":"product","2":"type-product","3":"status-publish","4":"has-post-thumbnail","6":"product_cat-black-red-white","7":"product_cat-coffee-tables","9":"first","10":"instock","11":"purchasable","12":"product-type-simple"},"_links":{"self":[{"href":"https:\/\/baldumarket.lt\/lt\/wp-json\/wp\/v2\/product\/260561","targetHints":{"allow":["GET"]}}],"collection":[{"href":"https:\/\/baldumarket.lt\/lt\/wp-json\/wp\/v2\/product"}],"about":[{"href":"https:\/\/baldumarket.lt\/lt\/wp-json\/wp\/v2\/types\/product"}],"replies":[{"embeddable":true,"href":"https:\/\/baldumarket.lt\/lt\/wp-json\/wp\/v2\/comments?post=260561"}],"wp:featuredmedia":[{"embeddable":true,"href":"https:\/\/baldumarket.lt\/lt\/wp-json\/wp\/v2\/media\/260562"}],"wp:attachment":[{"href":"https:\/\/baldumarket.lt\/lt\/wp-json\/wp\/v2\/media?parent=260561"}],"wp:term":[{"taxonomy":"product_brand","embeddable":true,"href":"https:\/\/baldumarket.lt\/lt\/wp-json\/wp\/v2\/product_brand?post=260561"},{"taxonomy":"product_cat","embeddable":true,"href":"https:\/\/baldumarket.lt\/lt\/wp-json\/wp\/v2\/product_cat?post=260561"},{"taxonomy":"product_tag","embeddable":true,"href":"https:\/\/baldumarket.lt\/lt\/wp-json\/wp\/v2\/product_tag?post=260561"}],"curies":[{"name":"wp","href":"https:\/\/api.w.org\/{rel}","templated":true}]}}