{"id":260549,"date":"2026-01-13T22:58:53","date_gmt":"2026-01-13T19:58:53","guid":{"rendered":"https:\/\/baldumarket.lt\/product\/lawa-na-kolumnie-campo-80-cm-dab-april-czarny\/"},"modified":"2026-02-11T18:19:49","modified_gmt":"2026-02-11T15:19:49","slug":"lawa-na-kolumnie-campo-80-cm-dab-april-czarny","status":"publish","type":"product","link":"https:\/\/baldumarket.lt\/lt\/product\/lawa-na-kolumnie-campo-80-cm-dab-april-czarny\/","title":{"rendered":"CAMPO 80 cm kolonos suolas, baland\u017eio \u0105\u017euolas\/juoda"},"content":{"rendered":"<p>\u201eCampo\u201c kavos staliukas \u2013 geometrinis elegancija moderniu stiliumi. Jei vertinate stilingus daiktus ir svajojate apie prakti\u0161k\u0105, bet kartu ir \u012fsp\u016bding\u0105 kavos staliuk\u0105, \u201eCampo\u201c kavos staliukas kaip tik Jums. Modernus \u201eCampo\u201c kavos staliuko dizainas patenkins t\u0173, kurie nori, kad m\u0117gstamiausi daiktai visada b\u016bt\u0173 po ranka, l\u016bkes\u010dius. Ant ma\u017eo stalvir\u0161io lengvai telpa puodelis kavos, o atviros erdv\u0117s leid\u017eia laikyti spalvingus \u017eurnalus ar nuotolinio valdymo pultel\u012f.<\/p>\n<p>R\u0117mas suteikia stiling\u0105 pagrind\u0105 stalvir\u0161iui, apdailintas eleganti\u0161ku juodu gr\u016bdintu stiklu.<\/p>\n<p>Stalvir\u0161io stabilum\u0105 u\u017etikrina tvirta koja, sukurianti patvar\u0173 pagrind\u0105.<\/p>\n<p>D\u0117l kompakti\u0161ko dyd\u017eio \u201eCampo\u201c kavos staliukas puikiai tiks atsipalaidavimo kampeliui, kur\u012f gal\u0117site pastatyti \u0161alia jaukaus fotelio arba po stilingu tor\u0161eru.<\/p>\n<p>Universalus, nesenstantis \u201eCampo\u201c kavos staliuko dizainas u\u017etikrina, kad jis lengvai ras savo viet\u0105 bet kurioje svetain\u0117je ar biure.<\/p>\n<p>Prek\u0117s kodas D05029-LAWA_CAMPO-DARL\/CA Simbolis ZM EAN Ilgis 80 cm Plotis 60 cm Auk\u0161tis 50 cm Kolekcija Campo Spalva baland\u017eio spalvos \u0105\u017euolas\/juoda Atspalvis tamsi mediena Stilius modernus Med\u017eiaga laminatas Stalvir\u0161is stiklas R\u0117mas laminatas Forma sta\u010diakampis I\u0161traukiamas nei\u0161traukiamas Gamintojas Juoda Raudona Balta Bald\u0173 tipas Kavos staliukai ir epizodiniai staliukai PVM 23% EAN 5906123091886<\/p>","protected":false},"excerpt":{"rendered":"<p>\u201eCampo\u201c kavos staliukas \u2013 geometrinis elegancija moderniu stiliumi. Jei vertinate stilingus daiktus ir svajojate apie prakti\u0161k\u0105, bet kartu ir \u012fsp\u016bding\u0105 kavos staliuk\u0105, \u201eCampo\u201c kavos staliukas kaip tik Jums. Modernus \u201eCampo\u201c kavos staliuko dizainas pateisins t\u0173, kurie nori, kad j\u0173 m\u0117gstamiausi daiktai visada b\u016bt\u0173 po ranka, l\u016bkes\u010dius.<\/p>","protected":false},"featured_media":260550,"comment_status":"open","ping_status":"open","template":"","meta":[],"product_brand":[],"product_cat":[9200,866],"product_tag":[],"class_list":{"0":"post-260549","1":"product","2":"type-product","3":"status-publish","4":"has-post-thumbnail","6":"product_cat-black-red-white","7":"product_cat-coffee-tables","9":"first","10":"instock","11":"purchasable","12":"product-type-simple"},"_links":{"self":[{"href":"https:\/\/baldumarket.lt\/lt\/wp-json\/wp\/v2\/product\/260549","targetHints":{"allow":["GET"]}}],"collection":[{"href":"https:\/\/baldumarket.lt\/lt\/wp-json\/wp\/v2\/product"}],"about":[{"href":"https:\/\/baldumarket.lt\/lt\/wp-json\/wp\/v2\/types\/product"}],"replies":[{"embeddable":true,"href":"https:\/\/baldumarket.lt\/lt\/wp-json\/wp\/v2\/comments?post=260549"}],"wp:featuredmedia":[{"embeddable":true,"href":"https:\/\/baldumarket.lt\/lt\/wp-json\/wp\/v2\/media\/260550"}],"wp:attachment":[{"href":"https:\/\/baldumarket.lt\/lt\/wp-json\/wp\/v2\/media?parent=260549"}],"wp:term":[{"taxonomy":"product_brand","embeddable":true,"href":"https:\/\/baldumarket.lt\/lt\/wp-json\/wp\/v2\/product_brand?post=260549"},{"taxonomy":"product_cat","embeddable":true,"href":"https:\/\/baldumarket.lt\/lt\/wp-json\/wp\/v2\/product_cat?post=260549"},{"taxonomy":"product_tag","embeddable":true,"href":"https:\/\/baldumarket.lt\/lt\/wp-json\/wp\/v2\/product_tag?post=260549"}],"curies":[{"name":"wp","href":"https:\/\/api.w.org\/{rel}","templated":true}]}}