{"id":260528,"date":"2026-01-13T22:58:35","date_gmt":"2026-01-13T19:58:35","guid":{"rendered":"https:\/\/baldumarket.lt\/product\/lawa-kwadratowa-z-polka-odette-67-cm-dab-sonoma\/"},"modified":"2026-02-11T18:19:49","modified_gmt":"2026-02-11T15:19:49","slug":"lawa-kwadratowa-z-polka-odette-67-cm-dab-sonoma","status":"publish","type":"product","link":"https:\/\/baldumarket.lt\/lt\/product\/lawa-kwadratowa-z-polka-odette-67-cm-dab-sonoma\/","title":{"rendered":"ODETTE kvadratinis kavos staliukas su lentyna 67 cm, Sonoma \u0105\u017euolas"},"content":{"rendered":"<p>Odette kavos staliukas. Universalus Odette kavos staliuko dizainas, puikiai tinkantis bet kokiam interjerui, tikrai su\u017eav\u0117s modernaus dizaino entuziastus.<br \/>\nJei ie\u0161kote baldo, kuris puikiai papildyt\u0173 j\u016bs\u0173 svetain\u0117s poilsio zon\u0105, \u201eOdette\u201c kavos staliukas yra puikus pasirinkimas. Tai puiki vieta m\u0117gautis puodeliu kavos ar eksponuoti dekoratyvin\u0119 g\u0117li\u0173 vaz\u0105.<br \/>\nPaprastas \u201eOdette\u201c kavos staliukas papuo\u0161 bet kur\u012f kambar\u012f ir der\u0117s prie \u012fvairi\u0173 foteli\u0173 bei sof\u0173. Jis leid\u017eia lengvai pritaikyti svetain\u0117s stili\u0173 prie savo pageidavim\u0173.<br \/>\nStalvir\u0161is pagamintas i\u0161 laminuotos plok\u0161t\u0117s, tod\u0117l yra patvarus ir lengvai valomas.<\/p>\n<p>Prek\u0117s kodas D05014-LAWA_ODETTE-DSO Simbolis ZM EAN Ilgis 67,5 cm Plotis 67,5 cm Auk\u0161tis 47,5 cm Kolekcija Odette Spalva sonoma \u0105\u017euolas Gaubtas \u0161viesi mediena Stilius Skandinavi\u0161kas Med\u017eiaga laminatas Stalvir\u0161is laminatas R\u0117mas laminatas Forma kvadratinis I\u0161traukiamas nei\u0161traukiamas Gamintojas Juoda Raudona Balta Bald\u0173 tipas Kavos staliukai ir epizodiniai staliukai PVM 23% EAN 5906123091732<\/p>","protected":false},"excerpt":{"rendered":"<p>Odette kavos staliukas. Universalus Odette kavos staliuko dizainas, puikiai tinkantis bet kokiam interjerui, tikrai su\u017eav\u0117s modernaus dizaino entuziastus. Jei ie\u0161kote baldo, kuris puikiai papildyt\u0173 j\u016bs\u0173 svetain\u0117s poilsio zon\u0105, Odette kavos staliukas yra puikus pasirinkimas. Tai puiki vieta m\u0117gautis [\u2026]<\/p>","protected":false},"featured_media":260529,"comment_status":"open","ping_status":"open","template":"","meta":[],"product_brand":[],"product_cat":[9200,866],"product_tag":[],"class_list":{"0":"post-260528","1":"product","2":"type-product","3":"status-publish","4":"has-post-thumbnail","6":"product_cat-black-red-white","7":"product_cat-coffee-tables","9":"first","10":"instock","11":"purchasable","12":"product-type-simple"},"_links":{"self":[{"href":"https:\/\/baldumarket.lt\/lt\/wp-json\/wp\/v2\/product\/260528","targetHints":{"allow":["GET"]}}],"collection":[{"href":"https:\/\/baldumarket.lt\/lt\/wp-json\/wp\/v2\/product"}],"about":[{"href":"https:\/\/baldumarket.lt\/lt\/wp-json\/wp\/v2\/types\/product"}],"replies":[{"embeddable":true,"href":"https:\/\/baldumarket.lt\/lt\/wp-json\/wp\/v2\/comments?post=260528"}],"wp:featuredmedia":[{"embeddable":true,"href":"https:\/\/baldumarket.lt\/lt\/wp-json\/wp\/v2\/media\/260529"}],"wp:attachment":[{"href":"https:\/\/baldumarket.lt\/lt\/wp-json\/wp\/v2\/media?parent=260528"}],"wp:term":[{"taxonomy":"product_brand","embeddable":true,"href":"https:\/\/baldumarket.lt\/lt\/wp-json\/wp\/v2\/product_brand?post=260528"},{"taxonomy":"product_cat","embeddable":true,"href":"https:\/\/baldumarket.lt\/lt\/wp-json\/wp\/v2\/product_cat?post=260528"},{"taxonomy":"product_tag","embeddable":true,"href":"https:\/\/baldumarket.lt\/lt\/wp-json\/wp\/v2\/product_tag?post=260528"}],"curies":[{"name":"wp","href":"https:\/\/api.w.org\/{rel}","templated":true}]}}