{"id":260518,"date":"2026-01-13T22:58:28","date_gmt":"2026-01-13T19:58:28","guid":{"rendered":"https:\/\/baldumarket.lt\/product\/lawa-horton-110-cm-dab-zloty-grandson-bialy-polysk\/"},"modified":"2026-02-11T18:19:49","modified_gmt":"2026-02-11T15:19:49","slug":"lawa-horton-110-cm-dab-zloty-grandson-bialy-polysk","status":"publish","type":"product","link":"https:\/\/baldumarket.lt\/lt\/product\/lawa-horton-110-cm-dab-zloty-grandson-bialy-polysk\/","title":{"rendered":"HORTON kavos staliukas 110 cm, auksinio \u0105\u017euolo \u201eGrandson\u201c \/ baltos blizgios spalvos"},"content":{"rendered":"<p>\u201eHorton\u201c kavos staliukas \u2013 puikiai tinka bet kokiam kambariui. Tai idealus sprendimas ne tik d\u0117l prakti\u0161kumo ir unikalaus stiliaus, bet ir d\u0117l funkcionalumo derinio, kur\u012f suteikia papildoma lentyna, bei estetinio patrauklumo.<\/p>\n<p>Prek\u0117s kodas S488-LAW-DZG\/BIP Simbolis ZM EAN Ilgis 110 cm Plotis 65 cm Auk\u0161tis 55 cm Kolekcija Horton Spalva grandson auksinis \u0105\u017euolas\/balta blizgi Atspalvis balta Stilius modernus Med\u017eiaga laminatas Vir\u0161us laminatas R\u0117mas laminatas Forma sta\u010diakampis I\u0161traukiamas nei\u0161traukiamas Gamintojas Juoda Raudona Balta Baldo tipas Kavos staliukai ir epizodiniai staliukai PVM 23% EAN 5906123709088<\/p>","protected":false},"excerpt":{"rendered":"<p>\u201eHorton\u201c kavos staliukas \u2013 puikiai tinka bet kokiam kambariui. Tai idealus sprendimas ne tik d\u0117l prakti\u0161kumo ir unikalaus stiliaus, bet ir d\u0117l funkcionalumo derinio, kur\u012f suteikia papildoma lentyna, bei estetinio patrauklumo. Prek\u0117s kodas S488-LAW-DZG\/BIP Simbolis ZM EAN Ilgis 110 cm Plotis 65 cm Auk\u0161tis 55 cm Kolekcija \u201eHorton\u201c Spalva \u201eangol [\u2026]\u201c<\/p>","protected":false},"featured_media":260519,"comment_status":"open","ping_status":"open","template":"","meta":[],"product_brand":[],"product_cat":[9200,866],"product_tag":[],"class_list":{"0":"post-260518","1":"product","2":"type-product","3":"status-publish","4":"has-post-thumbnail","6":"product_cat-black-red-white","7":"product_cat-coffee-tables","9":"first","10":"instock","11":"purchasable","12":"product-type-simple"},"_links":{"self":[{"href":"https:\/\/baldumarket.lt\/lt\/wp-json\/wp\/v2\/product\/260518","targetHints":{"allow":["GET"]}}],"collection":[{"href":"https:\/\/baldumarket.lt\/lt\/wp-json\/wp\/v2\/product"}],"about":[{"href":"https:\/\/baldumarket.lt\/lt\/wp-json\/wp\/v2\/types\/product"}],"replies":[{"embeddable":true,"href":"https:\/\/baldumarket.lt\/lt\/wp-json\/wp\/v2\/comments?post=260518"}],"wp:featuredmedia":[{"embeddable":true,"href":"https:\/\/baldumarket.lt\/lt\/wp-json\/wp\/v2\/media\/260519"}],"wp:attachment":[{"href":"https:\/\/baldumarket.lt\/lt\/wp-json\/wp\/v2\/media?parent=260518"}],"wp:term":[{"taxonomy":"product_brand","embeddable":true,"href":"https:\/\/baldumarket.lt\/lt\/wp-json\/wp\/v2\/product_brand?post=260518"},{"taxonomy":"product_cat","embeddable":true,"href":"https:\/\/baldumarket.lt\/lt\/wp-json\/wp\/v2\/product_cat?post=260518"},{"taxonomy":"product_tag","embeddable":true,"href":"https:\/\/baldumarket.lt\/lt\/wp-json\/wp\/v2\/product_tag?post=260518"}],"curies":[{"name":"wp","href":"https:\/\/api.w.org\/{rel}","templated":true}]}}