{"id":260511,"date":"2026-01-13T22:58:22","date_gmt":"2026-01-13T19:58:22","guid":{"rendered":"https:\/\/baldumarket.lt\/product\/lawa-do-salonu-holten-90-cm-dab-wotan-bialy-alpejski\/"},"modified":"2026-02-11T18:19:49","modified_gmt":"2026-02-11T15:19:49","slug":"lawa-do-salonu-holten-90-cm-dab-wotan-bialy-alpejski","status":"publish","type":"product","link":"https:\/\/baldumarket.lt\/lt\/product\/lawa-do-salonu-holten-90-cm-dab-wotan-bialy-alpejski\/","title":{"rendered":"HOLTEN svetain\u0117s kavos staliukas, 90 cm, Wotan \u0105\u017euolas\/alpi\u0173 balta spalva"},"content":{"rendered":"<p>\u201eHolten\u201c kavos staliukas \u2013 kavos pertrauk\u0117l\u0117 su skandinavi\u0161ka dvasia. Ar kada nors svajojote apie kavos ir pyrago pertrauk\u0117l\u0119 su \u0161eima ar draugais? Tai ypatingas ritualas, stiprinantis ry\u0161ius su kitais ir suteikiantis trump\u0105 pertrauk\u0105 nuo kasdieni\u0173 pareig\u0173. Pana\u0161i\u0105 praktik\u0105 galite \u012fdiegti savo namuose su moderniu \u201eHolten\u201c kavos staliuku. \u0160is skandinavi\u0161ko stiliaus kavos staliukas puikiai tinka \u0161v\u0119sti akimirkas su artimaisiais. 50 x 90 cm stalvir\u0161is \u2013 puiki vieta aromating\u0173 g\u0117rim\u0173 puodeliams ir ka\u017ekam saldaus. Dar malonesnei atmosferai sukurti galite prid\u0117ti \u0161velniai kvepian\u010di\u0173 \u017evaki\u0173 arba nedidel\u0119 vaz\u0105 su \u0161vie\u017eiomis g\u0117l\u0117mis. Prakti\u0161ka lentyn\u0117l\u0117 po stalvir\u0161iu gali b\u016bti naudojama \u017eurnalams, stiklin\u0117ms ar nuotolinio valdymo pultui laikyti.<\/p>\n<p>Jei turite ma\u017e\u0173 vaik\u0173, atkreipkite d\u0117mes\u012f \u012f u\u017eapvalint\u0105 ilg\u0105j\u012f stalvir\u0161io kra\u0161t\u0105, kuris apsaugo j\u016bs\u0173 ma\u017eyl\u012f nuo galim\u0173 traum\u0173 ir kartu suteikia \u012fdom\u0173 stiliaus element\u0105. I\u0161vaizdos po\u017ei\u016briu stalvir\u0161is puikiai papildo sant\u016br\u0173 skandinavi\u0161k\u0105 stili\u0173. Baltas korpusas puikiai papildo \u0161ilt\u0105 \u201eWotan Oak\u201c stalvir\u0161\u012f, perteikdamas i\u0161skirtin\u012f medienos ra\u0161t\u0105. D\u0117l skirting\u0173 stalvir\u0161io ir lenteli\u0173 med\u017eiag\u0173 medienos ra\u0161tas gali \u0161iek tiek skirtis.<\/p>\n<p>Jei ie\u0161kote vientisos svetain\u0117s i\u0161vaizdos, kavos staliuk\u0105 galite derinti su kitais modernios \u201eHolten\u201c kolekcijos baldais. Harmoningoje, tvarkingoje aplinkoje kava dar skanesn\u0117!<\/p>\n<p>Prek\u0117s kodas D05041-LAW_HOLTEN-DWO\/BAL Simbolis ZM EAN Ilgis 90 cm Plotis 50 cm Auk\u0161tis 65 cm Kolekcija Holten Spalva wotan \u0105\u017euolas\/alpi\u0173 balta Gaubtas \u0161viesi mediena Stilius modernus Med\u017eiaga laminatas Stalvir\u0161is laminatas R\u0117mas laminatas Forma sta\u010diakampis I\u0161traukiamas nei\u0161traukiamas Gamintojas Juoda Raudona Balta Bald\u0173 tipas Kavos staliukai ir epizodiniai staliukai PVM 23% EAN 5906123092340<\/p>","protected":false},"excerpt":{"rendered":"<p>\u201eHolten\u201c kavos staliukas \u2013 kavos pertrauk\u0117l\u0117 su skandinavi\u0161ka dvasia. Ar kada nors svajojote apie kavos ir pyrago pertrauk\u0117l\u0119 su \u0161eima ar draugais? Tai ypatingas ritualas, stiprinantis ry\u0161ius su kitais ir suteikiantis trump\u0105 pertrauk\u0105 nuo kasdieni\u0173 pareig\u0173. Pana\u0161i\u0105 praktik\u0105 galite \u012fdiegti ir savo namuose su moderniu \u201eHolten\u201c [\u2026]<\/p>","protected":false},"featured_media":260512,"comment_status":"open","ping_status":"open","template":"","meta":[],"product_brand":[],"product_cat":[9200,866],"product_tag":[],"class_list":{"0":"post-260511","1":"product","2":"type-product","3":"status-publish","4":"has-post-thumbnail","6":"product_cat-black-red-white","7":"product_cat-coffee-tables","9":"first","10":"instock","11":"purchasable","12":"product-type-simple"},"_links":{"self":[{"href":"https:\/\/baldumarket.lt\/lt\/wp-json\/wp\/v2\/product\/260511","targetHints":{"allow":["GET"]}}],"collection":[{"href":"https:\/\/baldumarket.lt\/lt\/wp-json\/wp\/v2\/product"}],"about":[{"href":"https:\/\/baldumarket.lt\/lt\/wp-json\/wp\/v2\/types\/product"}],"replies":[{"embeddable":true,"href":"https:\/\/baldumarket.lt\/lt\/wp-json\/wp\/v2\/comments?post=260511"}],"wp:featuredmedia":[{"embeddable":true,"href":"https:\/\/baldumarket.lt\/lt\/wp-json\/wp\/v2\/media\/260512"}],"wp:attachment":[{"href":"https:\/\/baldumarket.lt\/lt\/wp-json\/wp\/v2\/media?parent=260511"}],"wp:term":[{"taxonomy":"product_brand","embeddable":true,"href":"https:\/\/baldumarket.lt\/lt\/wp-json\/wp\/v2\/product_brand?post=260511"},{"taxonomy":"product_cat","embeddable":true,"href":"https:\/\/baldumarket.lt\/lt\/wp-json\/wp\/v2\/product_cat?post=260511"},{"taxonomy":"product_tag","embeddable":true,"href":"https:\/\/baldumarket.lt\/lt\/wp-json\/wp\/v2\/product_tag?post=260511"}],"curies":[{"name":"wp","href":"https:\/\/api.w.org\/{rel}","templated":true}]}}